{"id":4029,"date":"2025-11-24T17:29:38","date_gmt":"2025-11-24T20:29:38","guid":{"rendered":"https:\/\/www.contramar.org\/?post_type=product&#038;p=4029"},"modified":"2026-01-02T01:08:26","modified_gmt":"2026-01-02T04:08:26","slug":"enlapieldeioshua","status":"publish","type":"product","link":"https:\/\/www.contramar.org\/index.php\/producto\/enlapieldeioshua\/","title":{"rendered":"En la piel de Ioshua"},"content":{"rendered":"","protected":false},"excerpt":{"rendered":"<p><strong><span style=\"color: #993366;\">LORENA BERMEJO<\/span><\/strong><\/p>\n<p>&nbsp;<\/p>\n<p><strong>COLECCI\u00d3N<\/strong>: NARRATIVA ||<strong>\u00a0ISBN<\/strong>: 978-631-90184-8-6 || <strong>P\u00c1GINAS<\/strong>: 160<\/p>\n<hr \/>\n<p>&nbsp;<\/p>\n<p>&#8220;Esta es una novela de intensidades: f\u00edsicas, territoriales, afectivas. Lorena Bermejo construye una voz contempor\u00e1nea para dialogar con algunas cuestiones de este presente que terminan siendo, lo sabemos, eternas: las vinculaciones y lo que eso produce bajo la piel, detr\u00e1s de lo evidente.<\/p>\n<p>En la piel de Ioshua es una historia que baraja todas las posibilidades: las del amor real, la del amor imaginario, la del encuentro fugaz. Una novela que deja que sus personajes crezcan en la mente del lector y eso es un efecto narc\u00f3tico impagable. As\u00ed es como la vida se expande: gracias a la ficci\u00f3n y a la belleza disidente de novelas como esta.&#8221;<\/p>\n<p><strong>Walter Lezcano<\/strong><\/p>\n<p>&nbsp;<\/p>\n<hr \/>\n<p><span style=\"color: #993366;\"><strong>BIO<\/strong><\/span><\/p>\n<p><strong>Lorena Bermejo (1994)<\/strong> es periodista y escritora barilochense. Licenciada en Ciencias de la Comunicaci\u00f3n Social por la Universidad de Buenos Aires, trabaj\u00f3 y colabor\u00f3 en diferentes medios a nivel local y nacional. Condujo la columna radial de literatura &#8220;Letras Clandestinas&#8221;, en FM La Tribu, y &#8220;Nacional Libros&#8221;, en Radio Nacional Bariloche. En 2018 la Universidad de Granada le otorg\u00f3 el Premio Federico Garc\u00eda Lorca modalidad Narrativa por el primer cap\u00edtulo de esta novela. Algunos de sus cuentos se pueden encontrar en antolog\u00edas como Letras y Sabores, de la editorial Cl\u00e1sica y Moderna, editada por Diego Paszkowski. En la piel de Ioshua es su primera novela.<\/p>\n","protected":false},"featured_media":4030,"template":"","meta":{"ocean_post_layout":"","ocean_both_sidebars_style":"","ocean_both_sidebars_content_width":0,"ocean_both_sidebars_sidebars_width":0,"ocean_sidebar":"0","ocean_second_sidebar":"0","ocean_disable_margins":"enable","ocean_add_body_class":"","ocean_shortcode_before_top_bar":"","ocean_shortcode_after_top_bar":"","ocean_shortcode_before_header":"","ocean_shortcode_after_header":"","ocean_has_shortcode":"","ocean_shortcode_after_title":"","ocean_shortcode_before_footer_widgets":"","ocean_shortcode_after_footer_widgets":"","ocean_shortcode_before_footer_bottom":"","ocean_shortcode_after_footer_bottom":"","ocean_display_top_bar":"default","ocean_display_header":"default","ocean_header_style":"","ocean_center_header_left_menu":"0","ocean_custom_header_template":"0","ocean_custom_logo":0,"ocean_custom_retina_logo":0,"ocean_custom_logo_max_width":0,"ocean_custom_logo_tablet_max_width":0,"ocean_custom_logo_mobile_max_width":0,"ocean_custom_logo_max_height":0,"ocean_custom_logo_tablet_max_height":0,"ocean_custom_logo_mobile_max_height":0,"ocean_header_custom_menu":"0","ocean_menu_typo_font_family":"0","ocean_menu_typo_font_subset":"","ocean_menu_typo_font_size":0,"ocean_menu_typo_font_size_tablet":0,"ocean_menu_typo_font_size_mobile":0,"ocean_menu_typo_font_size_unit":"px","ocean_menu_typo_font_weight":"","ocean_menu_typo_font_weight_tablet":"","ocean_menu_typo_font_weight_mobile":"","ocean_menu_typo_transform":"","ocean_menu_typo_transform_tablet":"","ocean_menu_typo_transform_mobile":"","ocean_menu_typo_line_height":0,"ocean_menu_typo_line_height_tablet":0,"ocean_menu_typo_line_height_mobile":0,"ocean_menu_typo_line_height_unit":"","ocean_menu_typo_spacing":0,"ocean_menu_typo_spacing_tablet":0,"ocean_menu_typo_spacing_mobile":0,"ocean_menu_typo_spacing_unit":"","ocean_menu_link_color":"","ocean_menu_link_color_hover":"","ocean_menu_link_color_active":"","ocean_menu_link_background":"","ocean_menu_link_hover_background":"","ocean_menu_link_active_background":"","ocean_menu_social_links_bg":"","ocean_menu_social_hover_links_bg":"","ocean_menu_social_links_color":"","ocean_menu_social_hover_links_color":"","ocean_disable_title":"default","ocean_disable_heading":"default","ocean_post_title":"","ocean_post_subheading":"","ocean_post_title_style":"","ocean_post_title_background_color":"","ocean_post_title_background":0,"ocean_post_title_bg_image_position":"","ocean_post_title_bg_image_attachment":"","ocean_post_title_bg_image_repeat":"","ocean_post_title_bg_image_size":"","ocean_post_title_height":0,"ocean_post_title_bg_overlay":0.5,"ocean_post_title_bg_overlay_color":"","ocean_disable_breadcrumbs":"default","ocean_breadcrumbs_color":"","ocean_breadcrumbs_separator_color":"","ocean_breadcrumbs_links_color":"","ocean_breadcrumbs_links_hover_color":"","ocean_display_footer_widgets":"default","ocean_display_footer_bottom":"default","ocean_custom_footer_template":"0","_joinchat":[]},"product_brand":[],"product_cat":[140,48],"product_tag":[138,139,38],"class_list":{"0":"post-4029","1":"product","2":"type-product","3":"status-publish","4":"has-post-thumbnail","6":"product_cat-lorena-bermejo","7":"product_cat-narrativa","8":"product_tag-amor","9":"product_tag-bermejo","10":"product_tag-narrativa","11":"product_shipping_class-coordinar","13":"entry","14":"has-media","16":"first","17":"instock","18":"shipping-taxable","19":"purchasable","20":"product-type-simple","21":"col","22":"span_1_of_3","23":"owp-content-center","24":"owp-thumbs-layout-horizontal","25":"owp-btn-normal","26":"owp-tabs-layout-horizontal"},"yoast_head":"<!-- This site is optimized with the Yoast SEO plugin v27.3 - https:\/\/yoast.com\/product\/yoast-seo-wordpress\/ -->\n<title>En la piel de Ioshua | Contramar Editora<\/title>\n<meta name=\"description\" content=\"En la piel de Ioshua es la primera novela de Lorena Bermejo, periodista y escritora barilochense. En una historia de amor y duelo.\" \/>\n<meta name=\"robots\" content=\"index, follow, max-snippet:-1, max-image-preview:large, max-video-preview:-1\" \/>\n<link rel=\"canonical\" href=\"https:\/\/www.contramar.org\/index.php\/producto\/enlapieldeioshua\/\" \/>\n<meta property=\"og:locale\" content=\"es_ES\" \/>\n<meta property=\"og:type\" content=\"article\" \/>\n<meta property=\"og:title\" content=\"En la piel de Ioshua | Contramar Editora\" \/>\n<meta property=\"og:description\" content=\"En la piel de Ioshua es la primera novela de Lorena Bermejo, periodista y escritora barilochense. En una historia de amor y duelo.\" \/>\n<meta property=\"og:url\" content=\"https:\/\/www.contramar.org\/index.php\/producto\/enlapieldeioshua\/\" \/>\n<meta property=\"og:site_name\" content=\"Contramar Editora\" \/>\n<meta property=\"article:publisher\" content=\"https:\/\/www.facebook.com\/ContramarEditora\" \/>\n<meta property=\"article:modified_time\" content=\"2026-01-02T04:08:26+00:00\" \/>\n<meta property=\"og:image\" content=\"https:\/\/www.contramar.org\/wp-content\/uploads\/2025\/11\/Portada-01.jpg\" \/>\n\t<meta property=\"og:image:width\" content=\"771\" \/>\n\t<meta property=\"og:image:height\" content=\"1183\" \/>\n\t<meta property=\"og:image:type\" content=\"image\/jpeg\" \/>\n<meta name=\"twitter:card\" content=\"summary_large_image\" \/>\n<meta name=\"twitter:site\" content=\"@ContramarEdito1\" \/>\n<meta name=\"twitter:label1\" content=\"Tiempo de lectura\" \/>\n\t<meta name=\"twitter:data1\" content=\"1 minuto\" \/>\n<script type=\"application\/ld+json\" class=\"yoast-schema-graph\">{\"@context\":\"https:\\\/\\\/schema.org\",\"@graph\":[{\"@type\":\"WebPage\",\"@id\":\"https:\\\/\\\/www.contramar.org\\\/index.php\\\/producto\\\/enlapieldeioshua\\\/\",\"url\":\"https:\\\/\\\/www.contramar.org\\\/index.php\\\/producto\\\/enlapieldeioshua\\\/\",\"name\":\"En la piel de Ioshua | Contramar Editora\",\"isPartOf\":{\"@id\":\"https:\\\/\\\/www.contramar.org\\\/#website\"},\"primaryImageOfPage\":{\"@id\":\"https:\\\/\\\/www.contramar.org\\\/index.php\\\/producto\\\/enlapieldeioshua\\\/#primaryimage\"},\"image\":{\"@id\":\"https:\\\/\\\/www.contramar.org\\\/index.php\\\/producto\\\/enlapieldeioshua\\\/#primaryimage\"},\"thumbnailUrl\":\"https:\\\/\\\/www.contramar.org\\\/wp-content\\\/uploads\\\/2025\\\/11\\\/Portada-01.jpg\",\"datePublished\":\"2025-11-24T20:29:38+00:00\",\"dateModified\":\"2026-01-02T04:08:26+00:00\",\"description\":\"En la piel de Ioshua es la primera novela de Lorena Bermejo, periodista y escritora barilochense. En una historia de amor y duelo.\",\"breadcrumb\":{\"@id\":\"https:\\\/\\\/www.contramar.org\\\/index.php\\\/producto\\\/enlapieldeioshua\\\/#breadcrumb\"},\"inLanguage\":\"es-AR\",\"potentialAction\":[{\"@type\":\"ReadAction\",\"target\":[\"https:\\\/\\\/www.contramar.org\\\/index.php\\\/producto\\\/enlapieldeioshua\\\/\"]}]},{\"@type\":\"ImageObject\",\"inLanguage\":\"es-AR\",\"@id\":\"https:\\\/\\\/www.contramar.org\\\/index.php\\\/producto\\\/enlapieldeioshua\\\/#primaryimage\",\"url\":\"https:\\\/\\\/www.contramar.org\\\/wp-content\\\/uploads\\\/2025\\\/11\\\/Portada-01.jpg\",\"contentUrl\":\"https:\\\/\\\/www.contramar.org\\\/wp-content\\\/uploads\\\/2025\\\/11\\\/Portada-01.jpg\",\"width\":771,\"height\":1183},{\"@type\":\"BreadcrumbList\",\"@id\":\"https:\\\/\\\/www.contramar.org\\\/index.php\\\/producto\\\/enlapieldeioshua\\\/#breadcrumb\",\"itemListElement\":[{\"@type\":\"ListItem\",\"position\":1,\"name\":\"Inicio\",\"item\":\"https:\\\/\\\/www.contramar.org\\\/\"},{\"@type\":\"ListItem\",\"position\":2,\"name\":\"Libros\",\"item\":\"https:\\\/\\\/www.contramar.org\\\/index.php\\\/comprar-online\\\/\"},{\"@type\":\"ListItem\",\"position\":3,\"name\":\"En la piel de Ioshua\"}]},{\"@type\":\"WebSite\",\"@id\":\"https:\\\/\\\/www.contramar.org\\\/#website\",\"url\":\"https:\\\/\\\/www.contramar.org\\\/\",\"name\":\"Contramar Editora\",\"description\":\"Literatura independiente y federal\",\"publisher\":{\"@id\":\"https:\\\/\\\/www.contramar.org\\\/#organization\"},\"alternateName\":\"Contramar Editora\",\"potentialAction\":[{\"@type\":\"SearchAction\",\"target\":{\"@type\":\"EntryPoint\",\"urlTemplate\":\"https:\\\/\\\/www.contramar.org\\\/?s={search_term_string}\"},\"query-input\":{\"@type\":\"PropertyValueSpecification\",\"valueRequired\":true,\"valueName\":\"search_term_string\"}}],\"inLanguage\":\"es-AR\"},{\"@type\":\"Organization\",\"@id\":\"https:\\\/\\\/www.contramar.org\\\/#organization\",\"name\":\"Contramar Editora\",\"url\":\"https:\\\/\\\/www.contramar.org\\\/\",\"logo\":{\"@type\":\"ImageObject\",\"inLanguage\":\"es-AR\",\"@id\":\"https:\\\/\\\/www.contramar.org\\\/#\\\/schema\\\/logo\\\/image\\\/\",\"url\":\"https:\\\/\\\/www.contramar.org\\\/wp-content\\\/uploads\\\/2022\\\/05\\\/logo-completo-04.png\",\"contentUrl\":\"https:\\\/\\\/www.contramar.org\\\/wp-content\\\/uploads\\\/2022\\\/05\\\/logo-completo-04.png\",\"width\":3451,\"height\":3482,\"caption\":\"Contramar Editora\"},\"image\":{\"@id\":\"https:\\\/\\\/www.contramar.org\\\/#\\\/schema\\\/logo\\\/image\\\/\"},\"sameAs\":[\"https:\\\/\\\/www.facebook.com\\\/ContramarEditora\",\"https:\\\/\\\/x.com\\\/ContramarEdito1\",\"https:\\\/\\\/www.instagram.com\\\/contramar_editora\\\/\",\"https:\\\/\\\/www.youtube.com\\\/@contramareditora8860\"]}]}<\/script>\n<!-- \/ Yoast SEO plugin. -->","yoast_head_json":{"title":"En la piel de Ioshua | Contramar Editora","description":"En la piel de Ioshua es la primera novela de Lorena Bermejo, periodista y escritora barilochense. En una historia de amor y duelo.","robots":{"index":"index","follow":"follow","max-snippet":"max-snippet:-1","max-image-preview":"max-image-preview:large","max-video-preview":"max-video-preview:-1"},"canonical":"https:\/\/www.contramar.org\/index.php\/producto\/enlapieldeioshua\/","og_locale":"es_ES","og_type":"article","og_title":"En la piel de Ioshua | Contramar Editora","og_description":"En la piel de Ioshua es la primera novela de Lorena Bermejo, periodista y escritora barilochense. En una historia de amor y duelo.","og_url":"https:\/\/www.contramar.org\/index.php\/producto\/enlapieldeioshua\/","og_site_name":"Contramar Editora","article_publisher":"https:\/\/www.facebook.com\/ContramarEditora","article_modified_time":"2026-01-02T04:08:26+00:00","og_image":[{"width":771,"height":1183,"url":"https:\/\/www.contramar.org\/wp-content\/uploads\/2025\/11\/Portada-01.jpg","type":"image\/jpeg"}],"twitter_card":"summary_large_image","twitter_site":"@ContramarEdito1","twitter_misc":{"Tiempo de lectura":"1 minuto"},"schema":{"@context":"https:\/\/schema.org","@graph":[{"@type":"WebPage","@id":"https:\/\/www.contramar.org\/index.php\/producto\/enlapieldeioshua\/","url":"https:\/\/www.contramar.org\/index.php\/producto\/enlapieldeioshua\/","name":"En la piel de Ioshua | Contramar Editora","isPartOf":{"@id":"https:\/\/www.contramar.org\/#website"},"primaryImageOfPage":{"@id":"https:\/\/www.contramar.org\/index.php\/producto\/enlapieldeioshua\/#primaryimage"},"image":{"@id":"https:\/\/www.contramar.org\/index.php\/producto\/enlapieldeioshua\/#primaryimage"},"thumbnailUrl":"https:\/\/www.contramar.org\/wp-content\/uploads\/2025\/11\/Portada-01.jpg","datePublished":"2025-11-24T20:29:38+00:00","dateModified":"2026-01-02T04:08:26+00:00","description":"En la piel de Ioshua es la primera novela de Lorena Bermejo, periodista y escritora barilochense. En una historia de amor y duelo.","breadcrumb":{"@id":"https:\/\/www.contramar.org\/index.php\/producto\/enlapieldeioshua\/#breadcrumb"},"inLanguage":"es-AR","potentialAction":[{"@type":"ReadAction","target":["https:\/\/www.contramar.org\/index.php\/producto\/enlapieldeioshua\/"]}]},{"@type":"ImageObject","inLanguage":"es-AR","@id":"https:\/\/www.contramar.org\/index.php\/producto\/enlapieldeioshua\/#primaryimage","url":"https:\/\/www.contramar.org\/wp-content\/uploads\/2025\/11\/Portada-01.jpg","contentUrl":"https:\/\/www.contramar.org\/wp-content\/uploads\/2025\/11\/Portada-01.jpg","width":771,"height":1183},{"@type":"BreadcrumbList","@id":"https:\/\/www.contramar.org\/index.php\/producto\/enlapieldeioshua\/#breadcrumb","itemListElement":[{"@type":"ListItem","position":1,"name":"Inicio","item":"https:\/\/www.contramar.org\/"},{"@type":"ListItem","position":2,"name":"Libros","item":"https:\/\/www.contramar.org\/index.php\/comprar-online\/"},{"@type":"ListItem","position":3,"name":"En la piel de Ioshua"}]},{"@type":"WebSite","@id":"https:\/\/www.contramar.org\/#website","url":"https:\/\/www.contramar.org\/","name":"Contramar Editora","description":"Literatura independiente y federal","publisher":{"@id":"https:\/\/www.contramar.org\/#organization"},"alternateName":"Contramar Editora","potentialAction":[{"@type":"SearchAction","target":{"@type":"EntryPoint","urlTemplate":"https:\/\/www.contramar.org\/?s={search_term_string}"},"query-input":{"@type":"PropertyValueSpecification","valueRequired":true,"valueName":"search_term_string"}}],"inLanguage":"es-AR"},{"@type":"Organization","@id":"https:\/\/www.contramar.org\/#organization","name":"Contramar Editora","url":"https:\/\/www.contramar.org\/","logo":{"@type":"ImageObject","inLanguage":"es-AR","@id":"https:\/\/www.contramar.org\/#\/schema\/logo\/image\/","url":"https:\/\/www.contramar.org\/wp-content\/uploads\/2022\/05\/logo-completo-04.png","contentUrl":"https:\/\/www.contramar.org\/wp-content\/uploads\/2022\/05\/logo-completo-04.png","width":3451,"height":3482,"caption":"Contramar Editora"},"image":{"@id":"https:\/\/www.contramar.org\/#\/schema\/logo\/image\/"},"sameAs":["https:\/\/www.facebook.com\/ContramarEditora","https:\/\/x.com\/ContramarEdito1","https:\/\/www.instagram.com\/contramar_editora\/","https:\/\/www.youtube.com\/@contramareditora8860"]}]}},"blog_post_layout_featured_media_urls":{"thumbnail":["https:\/\/www.contramar.org\/wp-content\/uploads\/2025\/11\/Portada-01-150x150.jpg",150,150,true],"full":["https:\/\/www.contramar.org\/wp-content\/uploads\/2025\/11\/Portada-01.jpg",771,1183,false]},"categories":null,"categories_names":null,"comments_number":"0","_links":{"self":[{"href":"https:\/\/www.contramar.org\/index.php\/wp-json\/wp\/v2\/product\/4029","targetHints":{"allow":["GET"]}}],"collection":[{"href":"https:\/\/www.contramar.org\/index.php\/wp-json\/wp\/v2\/product"}],"about":[{"href":"https:\/\/www.contramar.org\/index.php\/wp-json\/wp\/v2\/types\/product"}],"wp:featuredmedia":[{"embeddable":true,"href":"https:\/\/www.contramar.org\/index.php\/wp-json\/wp\/v2\/media\/4030"}],"wp:attachment":[{"href":"https:\/\/www.contramar.org\/index.php\/wp-json\/wp\/v2\/media?parent=4029"}],"wp:term":[{"taxonomy":"product_brand","embeddable":true,"href":"https:\/\/www.contramar.org\/index.php\/wp-json\/wp\/v2\/product_brand?post=4029"},{"taxonomy":"product_cat","embeddable":true,"href":"https:\/\/www.contramar.org\/index.php\/wp-json\/wp\/v2\/product_cat?post=4029"},{"taxonomy":"product_tag","embeddable":true,"href":"https:\/\/www.contramar.org\/index.php\/wp-json\/wp\/v2\/product_tag?post=4029"}],"curies":[{"name":"wp","href":"https:\/\/api.w.org\/{rel}","templated":true}]}}