{"id":3946,"date":"2025-08-05T23:26:55","date_gmt":"2025-08-06T02:26:55","guid":{"rendered":"https:\/\/www.contramar.org\/?post_type=product&#038;p=3946"},"modified":"2026-01-26T16:44:59","modified_gmt":"2026-01-26T19:44:59","slug":"muestra_permanente","status":"publish","type":"product","link":"https:\/\/www.contramar.org\/index.php\/producto\/muestra_permanente\/","title":{"rendered":"Muestra permanente"},"content":{"rendered":"","protected":false},"excerpt":{"rendered":"<p><strong><span style=\"color: #993366;\">GLORIA VACCAREZZA<\/span><\/strong><\/p>\n<p>&nbsp;<\/p>\n<p><strong>COLECCI\u00d3N<\/strong>: NARRATIVA ||<strong>\u00a0ISBN<\/strong>: 978-631-90184-7-9 || <strong>P\u00c1GINAS<\/strong>: 130<\/p>\n<hr \/>\n<p>Julieta abdica, se corre de su familia, de la maternidad. Cambia de silla para ver su propio teatro familiar. Se instala en la carcasa de una f\u00e1brica que pertenec\u00eda a sus padres, el museo de un gigante que ya no existe: la burgues\u00eda industrial nacional. Deambula dentro de este cad\u00e1ver en el que la chispa de relaciones inesperadas le devuelven por \ufb01n algo vivo.<\/p>\n<p>Pero esta fuga no ser\u00e1 otra cosa que una forma de enfrentar el mecanismo del que es parte. De expresarlo. Como si, en el momento de su ocaso, fuese el arte lo que da vida a la f\u00e1brica, o a la familia, \u00bfqu\u00e9 diferencia hay?<\/p>\n<p>En su segunda novela, Gloria Vaccarezza habla con silencios y una honestidad que ya se pueden reconocer como un estilo.<\/p>\n<p>&nbsp;<\/p>\n<hr \/>\n<p><span style=\"color: #993366;\"><strong>BIO<\/strong><\/span><\/p>\n<p><strong>Gloria Vaccarezza<\/strong> naci\u00f3 en Buenos Aires en 1978. Estudi\u00f3 Comunicaci\u00f3n Social en la Universidad de Buenos Aires y desarroll\u00f3 su carrera como productora, redactora y guionista en medios audiovisuales y gr\u00e1ficos. Actualmente trabaja en comunicaci\u00f3n para empresas y fundaciones. En 2022 public\u00f3 Nada que corte (Contramar Editora). Muestra permanente es su segunda novela.<\/p>\n","protected":false},"featured_media":3947,"template":"","meta":{"ocean_post_layout":"","ocean_both_sidebars_style":"","ocean_both_sidebars_content_width":0,"ocean_both_sidebars_sidebars_width":0,"ocean_sidebar":"0","ocean_second_sidebar":"0","ocean_disable_margins":"enable","ocean_add_body_class":"","ocean_shortcode_before_top_bar":"","ocean_shortcode_after_top_bar":"","ocean_shortcode_before_header":"","ocean_shortcode_after_header":"","ocean_has_shortcode":"","ocean_shortcode_after_title":"","ocean_shortcode_before_footer_widgets":"","ocean_shortcode_after_footer_widgets":"","ocean_shortcode_before_footer_bottom":"","ocean_shortcode_after_footer_bottom":"","ocean_display_top_bar":"default","ocean_display_header":"default","ocean_header_style":"","ocean_center_header_left_menu":"0","ocean_custom_header_template":"0","ocean_custom_logo":0,"ocean_custom_retina_logo":0,"ocean_custom_logo_max_width":0,"ocean_custom_logo_tablet_max_width":0,"ocean_custom_logo_mobile_max_width":0,"ocean_custom_logo_max_height":0,"ocean_custom_logo_tablet_max_height":0,"ocean_custom_logo_mobile_max_height":0,"ocean_header_custom_menu":"0","ocean_menu_typo_font_family":"0","ocean_menu_typo_font_subset":"","ocean_menu_typo_font_size":0,"ocean_menu_typo_font_size_tablet":0,"ocean_menu_typo_font_size_mobile":0,"ocean_menu_typo_font_size_unit":"px","ocean_menu_typo_font_weight":"","ocean_menu_typo_font_weight_tablet":"","ocean_menu_typo_font_weight_mobile":"","ocean_menu_typo_transform":"","ocean_menu_typo_transform_tablet":"","ocean_menu_typo_transform_mobile":"","ocean_menu_typo_line_height":0,"ocean_menu_typo_line_height_tablet":0,"ocean_menu_typo_line_height_mobile":0,"ocean_menu_typo_line_height_unit":"","ocean_menu_typo_spacing":0,"ocean_menu_typo_spacing_tablet":0,"ocean_menu_typo_spacing_mobile":0,"ocean_menu_typo_spacing_unit":"","ocean_menu_link_color":"","ocean_menu_link_color_hover":"","ocean_menu_link_color_active":"","ocean_menu_link_background":"","ocean_menu_link_hover_background":"","ocean_menu_link_active_background":"","ocean_menu_social_links_bg":"","ocean_menu_social_hover_links_bg":"","ocean_menu_social_links_color":"","ocean_menu_social_hover_links_color":"","ocean_disable_title":"default","ocean_disable_heading":"default","ocean_post_title":"","ocean_post_subheading":"","ocean_post_title_style":"","ocean_post_title_background_color":"","ocean_post_title_background":0,"ocean_post_title_bg_image_position":"","ocean_post_title_bg_image_attachment":"","ocean_post_title_bg_image_repeat":"","ocean_post_title_bg_image_size":"","ocean_post_title_height":0,"ocean_post_title_bg_overlay":0.5,"ocean_post_title_bg_overlay_color":"","ocean_disable_breadcrumbs":"default","ocean_breadcrumbs_color":"","ocean_breadcrumbs_separator_color":"","ocean_breadcrumbs_links_color":"","ocean_breadcrumbs_links_hover_color":"","ocean_display_footer_widgets":"default","ocean_display_footer_bottom":"default","ocean_custom_footer_template":"0","_joinchat":[]},"product_brand":[],"product_cat":[113,48],"product_tag":[38,77],"class_list":{"0":"post-3946","1":"product","2":"type-product","3":"status-publish","4":"has-post-thumbnail","6":"product_cat-gloria-vaccarezza","7":"product_cat-narrativa","8":"product_tag-narrativa","9":"product_tag-vaccarezza","10":"product_shipping_class-coordinar","12":"entry","13":"has-media","15":"first","16":"instock","17":"shipping-taxable","18":"purchasable","19":"product-type-simple","20":"col","21":"span_1_of_3","22":"owp-content-center","23":"owp-thumbs-layout-horizontal","24":"owp-btn-normal","25":"owp-tabs-layout-horizontal"},"yoast_head":"<!-- This site is optimized with the Yoast SEO plugin v27.3 - https:\/\/yoast.com\/product\/yoast-seo-wordpress\/ -->\n<title>Muestra permanente | Contramar Editora<\/title>\n<meta name=\"description\" content=\"En su segunda novela, Gloria Vaccarezza habla con silencios y una honestidad que ya se pueden reconocer como un estilo.\" \/>\n<meta name=\"robots\" content=\"index, follow, max-snippet:-1, max-image-preview:large, max-video-preview:-1\" \/>\n<link rel=\"canonical\" href=\"https:\/\/www.contramar.org\/index.php\/producto\/muestra_permanente\/\" \/>\n<meta property=\"og:locale\" content=\"es_ES\" \/>\n<meta property=\"og:type\" content=\"article\" \/>\n<meta property=\"og:title\" content=\"Muestra permanente | Contramar Editora\" \/>\n<meta property=\"og:description\" content=\"En su segunda novela, Gloria Vaccarezza habla con silencios y una honestidad que ya se pueden reconocer como un estilo.\" \/>\n<meta property=\"og:url\" content=\"https:\/\/www.contramar.org\/index.php\/producto\/muestra_permanente\/\" \/>\n<meta property=\"og:site_name\" content=\"Contramar Editora\" \/>\n<meta property=\"article:publisher\" content=\"https:\/\/www.facebook.com\/ContramarEditora\" \/>\n<meta property=\"article:modified_time\" content=\"2026-01-26T19:44:59+00:00\" \/>\n<meta property=\"og:image\" content=\"https:\/\/www.contramar.org\/wp-content\/uploads\/2025\/08\/frente_Mesa-de-trabajo-1.jpg\" \/>\n\t<meta property=\"og:image:width\" content=\"769\" \/>\n\t<meta property=\"og:image:height\" content=\"1185\" \/>\n\t<meta property=\"og:image:type\" content=\"image\/jpeg\" \/>\n<meta name=\"twitter:card\" content=\"summary_large_image\" \/>\n<meta name=\"twitter:site\" content=\"@ContramarEdito1\" \/>\n<meta name=\"twitter:label1\" content=\"Tiempo de lectura\" \/>\n\t<meta name=\"twitter:data1\" content=\"1 minuto\" \/>\n<script type=\"application\/ld+json\" class=\"yoast-schema-graph\">{\"@context\":\"https:\\\/\\\/schema.org\",\"@graph\":[{\"@type\":\"WebPage\",\"@id\":\"https:\\\/\\\/www.contramar.org\\\/index.php\\\/producto\\\/muestra_permanente\\\/\",\"url\":\"https:\\\/\\\/www.contramar.org\\\/index.php\\\/producto\\\/muestra_permanente\\\/\",\"name\":\"Muestra permanente | Contramar Editora\",\"isPartOf\":{\"@id\":\"https:\\\/\\\/www.contramar.org\\\/#website\"},\"primaryImageOfPage\":{\"@id\":\"https:\\\/\\\/www.contramar.org\\\/index.php\\\/producto\\\/muestra_permanente\\\/#primaryimage\"},\"image\":{\"@id\":\"https:\\\/\\\/www.contramar.org\\\/index.php\\\/producto\\\/muestra_permanente\\\/#primaryimage\"},\"thumbnailUrl\":\"https:\\\/\\\/www.contramar.org\\\/wp-content\\\/uploads\\\/2025\\\/08\\\/frente_Mesa-de-trabajo-1.jpg\",\"datePublished\":\"2025-08-06T02:26:55+00:00\",\"dateModified\":\"2026-01-26T19:44:59+00:00\",\"description\":\"En su segunda novela, Gloria Vaccarezza habla con silencios y una honestidad que ya se pueden reconocer como un estilo.\",\"breadcrumb\":{\"@id\":\"https:\\\/\\\/www.contramar.org\\\/index.php\\\/producto\\\/muestra_permanente\\\/#breadcrumb\"},\"inLanguage\":\"es-AR\",\"potentialAction\":[{\"@type\":\"ReadAction\",\"target\":[\"https:\\\/\\\/www.contramar.org\\\/index.php\\\/producto\\\/muestra_permanente\\\/\"]}]},{\"@type\":\"ImageObject\",\"inLanguage\":\"es-AR\",\"@id\":\"https:\\\/\\\/www.contramar.org\\\/index.php\\\/producto\\\/muestra_permanente\\\/#primaryimage\",\"url\":\"https:\\\/\\\/www.contramar.org\\\/wp-content\\\/uploads\\\/2025\\\/08\\\/frente_Mesa-de-trabajo-1.jpg\",\"contentUrl\":\"https:\\\/\\\/www.contramar.org\\\/wp-content\\\/uploads\\\/2025\\\/08\\\/frente_Mesa-de-trabajo-1.jpg\",\"width\":769,\"height\":1185},{\"@type\":\"BreadcrumbList\",\"@id\":\"https:\\\/\\\/www.contramar.org\\\/index.php\\\/producto\\\/muestra_permanente\\\/#breadcrumb\",\"itemListElement\":[{\"@type\":\"ListItem\",\"position\":1,\"name\":\"Inicio\",\"item\":\"https:\\\/\\\/www.contramar.org\\\/\"},{\"@type\":\"ListItem\",\"position\":2,\"name\":\"Libros\",\"item\":\"https:\\\/\\\/www.contramar.org\\\/index.php\\\/comprar-online\\\/\"},{\"@type\":\"ListItem\",\"position\":3,\"name\":\"Muestra permanente\"}]},{\"@type\":\"WebSite\",\"@id\":\"https:\\\/\\\/www.contramar.org\\\/#website\",\"url\":\"https:\\\/\\\/www.contramar.org\\\/\",\"name\":\"Contramar Editora\",\"description\":\"Literatura independiente y federal\",\"publisher\":{\"@id\":\"https:\\\/\\\/www.contramar.org\\\/#organization\"},\"alternateName\":\"Contramar Editora\",\"potentialAction\":[{\"@type\":\"SearchAction\",\"target\":{\"@type\":\"EntryPoint\",\"urlTemplate\":\"https:\\\/\\\/www.contramar.org\\\/?s={search_term_string}\"},\"query-input\":{\"@type\":\"PropertyValueSpecification\",\"valueRequired\":true,\"valueName\":\"search_term_string\"}}],\"inLanguage\":\"es-AR\"},{\"@type\":\"Organization\",\"@id\":\"https:\\\/\\\/www.contramar.org\\\/#organization\",\"name\":\"Contramar Editora\",\"url\":\"https:\\\/\\\/www.contramar.org\\\/\",\"logo\":{\"@type\":\"ImageObject\",\"inLanguage\":\"es-AR\",\"@id\":\"https:\\\/\\\/www.contramar.org\\\/#\\\/schema\\\/logo\\\/image\\\/\",\"url\":\"https:\\\/\\\/www.contramar.org\\\/wp-content\\\/uploads\\\/2022\\\/05\\\/logo-completo-04.png\",\"contentUrl\":\"https:\\\/\\\/www.contramar.org\\\/wp-content\\\/uploads\\\/2022\\\/05\\\/logo-completo-04.png\",\"width\":3451,\"height\":3482,\"caption\":\"Contramar Editora\"},\"image\":{\"@id\":\"https:\\\/\\\/www.contramar.org\\\/#\\\/schema\\\/logo\\\/image\\\/\"},\"sameAs\":[\"https:\\\/\\\/www.facebook.com\\\/ContramarEditora\",\"https:\\\/\\\/x.com\\\/ContramarEdito1\",\"https:\\\/\\\/www.instagram.com\\\/contramar_editora\\\/\",\"https:\\\/\\\/www.youtube.com\\\/@contramareditora8860\"]}]}<\/script>\n<!-- \/ Yoast SEO plugin. -->","yoast_head_json":{"title":"Muestra permanente | Contramar Editora","description":"En su segunda novela, Gloria Vaccarezza habla con silencios y una honestidad que ya se pueden reconocer como un estilo.","robots":{"index":"index","follow":"follow","max-snippet":"max-snippet:-1","max-image-preview":"max-image-preview:large","max-video-preview":"max-video-preview:-1"},"canonical":"https:\/\/www.contramar.org\/index.php\/producto\/muestra_permanente\/","og_locale":"es_ES","og_type":"article","og_title":"Muestra permanente | Contramar Editora","og_description":"En su segunda novela, Gloria Vaccarezza habla con silencios y una honestidad que ya se pueden reconocer como un estilo.","og_url":"https:\/\/www.contramar.org\/index.php\/producto\/muestra_permanente\/","og_site_name":"Contramar Editora","article_publisher":"https:\/\/www.facebook.com\/ContramarEditora","article_modified_time":"2026-01-26T19:44:59+00:00","og_image":[{"width":769,"height":1185,"url":"https:\/\/www.contramar.org\/wp-content\/uploads\/2025\/08\/frente_Mesa-de-trabajo-1.jpg","type":"image\/jpeg"}],"twitter_card":"summary_large_image","twitter_site":"@ContramarEdito1","twitter_misc":{"Tiempo de lectura":"1 minuto"},"schema":{"@context":"https:\/\/schema.org","@graph":[{"@type":"WebPage","@id":"https:\/\/www.contramar.org\/index.php\/producto\/muestra_permanente\/","url":"https:\/\/www.contramar.org\/index.php\/producto\/muestra_permanente\/","name":"Muestra permanente | Contramar Editora","isPartOf":{"@id":"https:\/\/www.contramar.org\/#website"},"primaryImageOfPage":{"@id":"https:\/\/www.contramar.org\/index.php\/producto\/muestra_permanente\/#primaryimage"},"image":{"@id":"https:\/\/www.contramar.org\/index.php\/producto\/muestra_permanente\/#primaryimage"},"thumbnailUrl":"https:\/\/www.contramar.org\/wp-content\/uploads\/2025\/08\/frente_Mesa-de-trabajo-1.jpg","datePublished":"2025-08-06T02:26:55+00:00","dateModified":"2026-01-26T19:44:59+00:00","description":"En su segunda novela, Gloria Vaccarezza habla con silencios y una honestidad que ya se pueden reconocer como un estilo.","breadcrumb":{"@id":"https:\/\/www.contramar.org\/index.php\/producto\/muestra_permanente\/#breadcrumb"},"inLanguage":"es-AR","potentialAction":[{"@type":"ReadAction","target":["https:\/\/www.contramar.org\/index.php\/producto\/muestra_permanente\/"]}]},{"@type":"ImageObject","inLanguage":"es-AR","@id":"https:\/\/www.contramar.org\/index.php\/producto\/muestra_permanente\/#primaryimage","url":"https:\/\/www.contramar.org\/wp-content\/uploads\/2025\/08\/frente_Mesa-de-trabajo-1.jpg","contentUrl":"https:\/\/www.contramar.org\/wp-content\/uploads\/2025\/08\/frente_Mesa-de-trabajo-1.jpg","width":769,"height":1185},{"@type":"BreadcrumbList","@id":"https:\/\/www.contramar.org\/index.php\/producto\/muestra_permanente\/#breadcrumb","itemListElement":[{"@type":"ListItem","position":1,"name":"Inicio","item":"https:\/\/www.contramar.org\/"},{"@type":"ListItem","position":2,"name":"Libros","item":"https:\/\/www.contramar.org\/index.php\/comprar-online\/"},{"@type":"ListItem","position":3,"name":"Muestra permanente"}]},{"@type":"WebSite","@id":"https:\/\/www.contramar.org\/#website","url":"https:\/\/www.contramar.org\/","name":"Contramar Editora","description":"Literatura independiente y federal","publisher":{"@id":"https:\/\/www.contramar.org\/#organization"},"alternateName":"Contramar Editora","potentialAction":[{"@type":"SearchAction","target":{"@type":"EntryPoint","urlTemplate":"https:\/\/www.contramar.org\/?s={search_term_string}"},"query-input":{"@type":"PropertyValueSpecification","valueRequired":true,"valueName":"search_term_string"}}],"inLanguage":"es-AR"},{"@type":"Organization","@id":"https:\/\/www.contramar.org\/#organization","name":"Contramar Editora","url":"https:\/\/www.contramar.org\/","logo":{"@type":"ImageObject","inLanguage":"es-AR","@id":"https:\/\/www.contramar.org\/#\/schema\/logo\/image\/","url":"https:\/\/www.contramar.org\/wp-content\/uploads\/2022\/05\/logo-completo-04.png","contentUrl":"https:\/\/www.contramar.org\/wp-content\/uploads\/2022\/05\/logo-completo-04.png","width":3451,"height":3482,"caption":"Contramar Editora"},"image":{"@id":"https:\/\/www.contramar.org\/#\/schema\/logo\/image\/"},"sameAs":["https:\/\/www.facebook.com\/ContramarEditora","https:\/\/x.com\/ContramarEdito1","https:\/\/www.instagram.com\/contramar_editora\/","https:\/\/www.youtube.com\/@contramareditora8860"]}]}},"blog_post_layout_featured_media_urls":{"thumbnail":["https:\/\/www.contramar.org\/wp-content\/uploads\/2025\/08\/frente_Mesa-de-trabajo-1-150x150.jpg",150,150,true],"full":["https:\/\/www.contramar.org\/wp-content\/uploads\/2025\/08\/frente_Mesa-de-trabajo-1.jpg",769,1185,false]},"categories":null,"categories_names":null,"comments_number":"0","_links":{"self":[{"href":"https:\/\/www.contramar.org\/index.php\/wp-json\/wp\/v2\/product\/3946","targetHints":{"allow":["GET"]}}],"collection":[{"href":"https:\/\/www.contramar.org\/index.php\/wp-json\/wp\/v2\/product"}],"about":[{"href":"https:\/\/www.contramar.org\/index.php\/wp-json\/wp\/v2\/types\/product"}],"wp:featuredmedia":[{"embeddable":true,"href":"https:\/\/www.contramar.org\/index.php\/wp-json\/wp\/v2\/media\/3947"}],"wp:attachment":[{"href":"https:\/\/www.contramar.org\/index.php\/wp-json\/wp\/v2\/media?parent=3946"}],"wp:term":[{"taxonomy":"product_brand","embeddable":true,"href":"https:\/\/www.contramar.org\/index.php\/wp-json\/wp\/v2\/product_brand?post=3946"},{"taxonomy":"product_cat","embeddable":true,"href":"https:\/\/www.contramar.org\/index.php\/wp-json\/wp\/v2\/product_cat?post=3946"},{"taxonomy":"product_tag","embeddable":true,"href":"https:\/\/www.contramar.org\/index.php\/wp-json\/wp\/v2\/product_tag?post=3946"}],"curies":[{"name":"wp","href":"https:\/\/api.w.org\/{rel}","templated":true}]}}