{"id":3813,"date":"2024-04-04T21:22:09","date_gmt":"2024-04-05T00:22:09","guid":{"rendered":"https:\/\/www.contramar.org\/?post_type=product&#038;p=3813"},"modified":"2024-06-27T17:11:09","modified_gmt":"2024-06-27T20:11:09","slug":"rucio","status":"publish","type":"product","link":"https:\/\/www.contramar.org\/index.php\/producto\/rucio\/","title":{"rendered":"Rucio"},"content":{"rendered":"","protected":false},"excerpt":{"rendered":"<p><strong><span style=\"color: #993366;\">FERNANDO ALF\u00d3N<\/span><\/strong><\/p>\n<p>&nbsp;<\/p>\n<p><strong>COLECCI\u00d3N<\/strong>: NARRATIVA ||<strong>\u00a0ISBN<\/strong>: 978-631-90184-1-7 || <strong>P\u00c1GINAS<\/strong>: 236<\/p>\n<hr \/>\n<p>El 30 de enero de 1990, por la tarde, se conoc\u00eda la noticia de que cuarenta y tres presos se hab\u00edan fugado, por la noche, de la C\u00e1rcel P\u00fablica de Santiago. Un t\u00fanel de setenta metros de largo, construido durante un a\u00f1o, los hab\u00eda hecho desembocar en los alrededores de la vieja estaci\u00f3n de trenes Mapocho. Una vez fuera y apenas guiados por la luz de la luna, se dispersaron por los infinitos escondites de la Regi\u00f3n Metropolitana. Cuatro a\u00f1os antes, el atentado contra el general Augusto Pinochet, el desembarco de cinco toneladas de armamento en Carrizal Bajo, y los sabotajes en distintas ciudades y poblados, ya hab\u00edan anunciado la sublevaci\u00f3n a la dictadura. Estos hechos y la fuga ten\u00edan algo en com\u00fan: el Frente Patri\u00f3tico Manuel Rodr\u00edguez.<\/p>\n<p>Once a\u00f1os m\u00e1s tarde de aquella fuga, el primero de noviembre del a\u00f1o 2001, yo me encontraba en el Centro Cultural Islas Malvinas, en la ciudad de La Plata. Hab\u00eda ido al relanzamiento de la revista <em>Los 70<\/em>. El tedio que me hab\u00eda provocado la exposici\u00f3n de los panelistas se interrumpi\u00f3 cuando le toc\u00f3 hablar al \u00faltimo.<\/p>\n<p>Dos d\u00edas despu\u00e9s, sin poder quitarme de la memoria aquella voz lastimada y enigm\u00e1tica, revis\u00e9 algunos documentos sobre la reciente historia de Chile. Hall\u00e9 varias fotograf\u00edas de Allende, de la Revoluci\u00f3n y del golpe de 1973. Tambi\u00e9n di con el testimonio de un preso, unos mapas y unos nombres que me conduc\u00edan todos a un solo hombre: el Rucio.<\/p>\n<p><em><strong>Fernando Alf\u00f3n<\/strong><\/em><\/p>\n<p>&nbsp;<\/p>\n<hr \/>\n<p>&nbsp;<\/p>\n<p>No hay perd\u00f3n. No hay opini\u00f3n. En esta novela no hay un autor. No hay Dickens. No entiendo c\u00f3mo no hay Borges. No hay clemencia con el lector. No hay enga\u00f1o con el lector. No hay mentira. No hay preciosismo. Solo hay una certeza. Y esa certeza se hace llamar Rucio, porque lo \u00fanico que se tiene en esta gesta \u00e9pica es un nombre.<\/p>\n<p>Eso tenemos: un personaje. Pero hay como un vac\u00edo, un \u00e1ngel que nos brota del pecho (el Rucio no aprobar\u00eda eso), nada dice este lejano narrador de su personaje. \u00bfLo admira? \u00bfLo conoce? \u00bfLe cree? \u00bfLe teme?<\/p>\n<p>El pa\u00eds: Chile. El argumento: la atrocidad y crueldad. Y una trama inquietante: el tormento de un hombre y su resistencia. El lector debe suspender su incredulidad. Este hombre existe; y sobrevivi\u00f3 a la persecuci\u00f3n, a la tortura, a s\u00ed mismo, a la c\u00e1rcel, al cruce de la Cordillera, al exilio, al desarraigo, a la p\u00e9rdida de su hijo, y toma caf\u00e9, y es cort\u00e9s, y es atento, y es generoso, y es solidario, y es buena gente.<\/p>\n<p>No le quiero dar muchas vueltas, para no faltarle el respeto a la obra, solo he intentado dar una semblanza emocional al acercamiento de un h\u00e9roe y su martirio. Angustia ser\u00eda una buena palabra. Horror ser\u00eda una buena palabra. Catarsis ser\u00eda una buena palabra. Pero la \u00faltima es: \u00c9pica.<\/p>\n<p><em><strong>Pablo Odhe, febrero de 2006<br \/>\n<\/strong><\/em><\/p>\n<p>&nbsp;<\/p>\n<hr \/>\n<p><span style=\"color: #993366;\"><strong>BIO<\/strong><\/span><\/p>\n<p><strong>Fernando Alf\u00f3n<\/strong> es escritor, traductor y ensayista. Se doctor\u00f3 en Historia en la Facultad de Humanidades de la UNLP, donde tambi\u00e9n es docente. A trav\u00e9s de un subsidio otorgado por la Fundaci\u00f3n Antorchas, en 2003 public\u00f3 la novela <em>Que nunca nos pase nada\u00a0<\/em>y en 2005 se le concedi\u00f3 la Beca para escritores del Fondo Nacional de las Artes, por sus\u00a0<em>Cuentos que caben en el umbral<\/em>\u00a0(Paradiso, 2013). Ese mismo a\u00f1o public\u00f3\u00a0<em>La querella de la lengua en Argentina<\/em>\u00a0(Edulp) y, bajo el mismo t\u00edtulo, una antolog\u00eda de textos a trav\u00e9s de la Biblioteca Nacional. En 2020 termin\u00f3 por componer una teor\u00eda del ensayo en su \u00faltimo libro,\u00a0<em>La voluntad de juicio,\u00a0<\/em>editado por la Universidad Nacional de C\u00f3rdoba y present\u00f3 <em>La lengua propia<\/em>, compilaci\u00f3n de ensayos editados por Contramar. En 2021 public\u00f3 la segunda edici\u00f3n de <em>La raz\u00f3n del estilo<\/em>, que tuvo una primera salida en 2017, revisada y aumentada con nuevos textos que recuperan lo mejor de la reflexi\u00f3n sobre el ensayismo ingl\u00e9s.<\/p>\n","protected":false},"featured_media":3815,"template":"","meta":{"ocean_post_layout":"","ocean_both_sidebars_style":"","ocean_both_sidebars_content_width":0,"ocean_both_sidebars_sidebars_width":0,"ocean_sidebar":"0","ocean_second_sidebar":"0","ocean_disable_margins":"enable","ocean_add_body_class":"","ocean_shortcode_before_top_bar":"","ocean_shortcode_after_top_bar":"","ocean_shortcode_before_header":"","ocean_shortcode_after_header":"","ocean_has_shortcode":"","ocean_shortcode_after_title":"","ocean_shortcode_before_footer_widgets":"","ocean_shortcode_after_footer_widgets":"","ocean_shortcode_before_footer_bottom":"","ocean_shortcode_after_footer_bottom":"","ocean_display_top_bar":"default","ocean_display_header":"default","ocean_header_style":"","ocean_center_header_left_menu":"0","ocean_custom_header_template":"0","ocean_custom_logo":0,"ocean_custom_retina_logo":0,"ocean_custom_logo_max_width":0,"ocean_custom_logo_tablet_max_width":0,"ocean_custom_logo_mobile_max_width":0,"ocean_custom_logo_max_height":0,"ocean_custom_logo_tablet_max_height":0,"ocean_custom_logo_mobile_max_height":0,"ocean_header_custom_menu":"0","ocean_menu_typo_font_family":"0","ocean_menu_typo_font_subset":"","ocean_menu_typo_font_size":0,"ocean_menu_typo_font_size_tablet":0,"ocean_menu_typo_font_size_mobile":0,"ocean_menu_typo_font_size_unit":"px","ocean_menu_typo_font_weight":"","ocean_menu_typo_font_weight_tablet":"","ocean_menu_typo_font_weight_mobile":"","ocean_menu_typo_transform":"","ocean_menu_typo_transform_tablet":"","ocean_menu_typo_transform_mobile":"","ocean_menu_typo_line_height":0,"ocean_menu_typo_line_height_tablet":0,"ocean_menu_typo_line_height_mobile":0,"ocean_menu_typo_line_height_unit":"","ocean_menu_typo_spacing":0,"ocean_menu_typo_spacing_tablet":0,"ocean_menu_typo_spacing_mobile":0,"ocean_menu_typo_spacing_unit":"","ocean_menu_link_color":"","ocean_menu_link_color_hover":"","ocean_menu_link_color_active":"","ocean_menu_link_background":"","ocean_menu_link_hover_background":"","ocean_menu_link_active_background":"","ocean_menu_social_links_bg":"","ocean_menu_social_hover_links_bg":"","ocean_menu_social_links_color":"","ocean_menu_social_hover_links_color":"","ocean_disable_title":"default","ocean_disable_heading":"default","ocean_post_title":"","ocean_post_subheading":"","ocean_post_title_style":"","ocean_post_title_background_color":"","ocean_post_title_background":0,"ocean_post_title_bg_image_position":"","ocean_post_title_bg_image_attachment":"","ocean_post_title_bg_image_repeat":"","ocean_post_title_bg_image_size":"","ocean_post_title_height":0,"ocean_post_title_bg_overlay":0.5,"ocean_post_title_bg_overlay_color":"","ocean_disable_breadcrumbs":"default","ocean_breadcrumbs_color":"","ocean_breadcrumbs_separator_color":"","ocean_breadcrumbs_links_color":"","ocean_breadcrumbs_links_hover_color":"","ocean_display_footer_widgets":"default","ocean_display_footer_bottom":"default","ocean_custom_footer_template":"0","_joinchat":[]},"product_brand":[],"product_cat":[115,48],"product_tag":[69,62,38,124],"class_list":{"0":"post-3813","1":"product","2":"type-product","3":"status-publish","4":"has-post-thumbnail","6":"product_cat-fernando-alfon","7":"product_cat-narrativa","8":"product_tag-alfon","9":"product_tag-contemporanea","10":"product_tag-narrativa","11":"product_tag-novela-historica","12":"product_shipping_class-coordinar","14":"entry","15":"has-media","17":"first","18":"instock","19":"shipping-taxable","20":"purchasable","21":"product-type-simple","22":"col","23":"span_1_of_3","24":"owp-content-center","25":"owp-thumbs-layout-horizontal","26":"owp-btn-normal","27":"owp-tabs-layout-horizontal"},"yoast_head":"<!-- This site is optimized with the Yoast SEO plugin v27.3 - https:\/\/yoast.com\/product\/yoast-seo-wordpress\/ -->\n<title>Rucio | Contramar Editora<\/title>\n<meta name=\"description\" content=\"Rucio es una novela hist\u00f3rica y de acci\u00f3n sobre la resistencia a la dictadura de Pinochet. Segu\u00ed a un l\u00edder del FPMR en la p\u00e1gina m\u00e1s sangrienta de Chile.\" \/>\n<meta name=\"robots\" content=\"index, follow, max-snippet:-1, max-image-preview:large, max-video-preview:-1\" \/>\n<link rel=\"canonical\" href=\"https:\/\/www.contramar.org\/index.php\/producto\/rucio\/\" \/>\n<meta property=\"og:locale\" content=\"es_ES\" \/>\n<meta property=\"og:type\" content=\"article\" \/>\n<meta property=\"og:title\" content=\"Rucio | Contramar Editora\" \/>\n<meta property=\"og:description\" content=\"Rucio es una novela hist\u00f3rica y de acci\u00f3n sobre la resistencia a la dictadura de Pinochet. Segu\u00ed a un l\u00edder del FPMR en la p\u00e1gina m\u00e1s sangrienta de Chile.\" \/>\n<meta property=\"og:url\" content=\"https:\/\/www.contramar.org\/index.php\/producto\/rucio\/\" \/>\n<meta property=\"og:site_name\" content=\"Contramar Editora\" \/>\n<meta property=\"article:publisher\" content=\"https:\/\/www.facebook.com\/ContramarEditora\" \/>\n<meta property=\"article:modified_time\" content=\"2024-06-27T20:11:09+00:00\" \/>\n<meta property=\"og:image\" content=\"https:\/\/www.contramar.org\/wp-content\/uploads\/2024\/04\/tapa-RUCIO8-01.jpg\" \/>\n\t<meta property=\"og:image:width\" content=\"1536\" \/>\n\t<meta property=\"og:image:height\" content=\"2361\" \/>\n\t<meta property=\"og:image:type\" content=\"image\/jpeg\" \/>\n<meta name=\"twitter:card\" content=\"summary_large_image\" \/>\n<meta name=\"twitter:site\" content=\"@ContramarEdito1\" \/>\n<meta name=\"twitter:label1\" content=\"Tiempo de lectura\" \/>\n\t<meta name=\"twitter:data1\" content=\"1 minuto\" \/>\n<script type=\"application\/ld+json\" class=\"yoast-schema-graph\">{\"@context\":\"https:\\\/\\\/schema.org\",\"@graph\":[{\"@type\":\"WebPage\",\"@id\":\"https:\\\/\\\/www.contramar.org\\\/index.php\\\/producto\\\/rucio\\\/\",\"url\":\"https:\\\/\\\/www.contramar.org\\\/index.php\\\/producto\\\/rucio\\\/\",\"name\":\"Rucio | Contramar Editora\",\"isPartOf\":{\"@id\":\"https:\\\/\\\/www.contramar.org\\\/#website\"},\"primaryImageOfPage\":{\"@id\":\"https:\\\/\\\/www.contramar.org\\\/index.php\\\/producto\\\/rucio\\\/#primaryimage\"},\"image\":{\"@id\":\"https:\\\/\\\/www.contramar.org\\\/index.php\\\/producto\\\/rucio\\\/#primaryimage\"},\"thumbnailUrl\":\"https:\\\/\\\/www.contramar.org\\\/wp-content\\\/uploads\\\/2024\\\/04\\\/tapa-RUCIO8-01.jpg\",\"datePublished\":\"2024-04-05T00:22:09+00:00\",\"dateModified\":\"2024-06-27T20:11:09+00:00\",\"description\":\"Rucio es una novela hist\u00f3rica y de acci\u00f3n sobre la resistencia a la dictadura de Pinochet. Segu\u00ed a un l\u00edder del FPMR en la p\u00e1gina m\u00e1s sangrienta de Chile.\",\"breadcrumb\":{\"@id\":\"https:\\\/\\\/www.contramar.org\\\/index.php\\\/producto\\\/rucio\\\/#breadcrumb\"},\"inLanguage\":\"es-AR\",\"potentialAction\":[{\"@type\":\"ReadAction\",\"target\":[\"https:\\\/\\\/www.contramar.org\\\/index.php\\\/producto\\\/rucio\\\/\"]}]},{\"@type\":\"ImageObject\",\"inLanguage\":\"es-AR\",\"@id\":\"https:\\\/\\\/www.contramar.org\\\/index.php\\\/producto\\\/rucio\\\/#primaryimage\",\"url\":\"https:\\\/\\\/www.contramar.org\\\/wp-content\\\/uploads\\\/2024\\\/04\\\/tapa-RUCIO8-01.jpg\",\"contentUrl\":\"https:\\\/\\\/www.contramar.org\\\/wp-content\\\/uploads\\\/2024\\\/04\\\/tapa-RUCIO8-01.jpg\",\"width\":1536,\"height\":2361,\"caption\":\"tapa del libro\"},{\"@type\":\"BreadcrumbList\",\"@id\":\"https:\\\/\\\/www.contramar.org\\\/index.php\\\/producto\\\/rucio\\\/#breadcrumb\",\"itemListElement\":[{\"@type\":\"ListItem\",\"position\":1,\"name\":\"Inicio\",\"item\":\"https:\\\/\\\/www.contramar.org\\\/\"},{\"@type\":\"ListItem\",\"position\":2,\"name\":\"Libros\",\"item\":\"https:\\\/\\\/www.contramar.org\\\/index.php\\\/comprar-online\\\/\"},{\"@type\":\"ListItem\",\"position\":3,\"name\":\"Rucio\"}]},{\"@type\":\"WebSite\",\"@id\":\"https:\\\/\\\/www.contramar.org\\\/#website\",\"url\":\"https:\\\/\\\/www.contramar.org\\\/\",\"name\":\"Contramar Editora\",\"description\":\"Literatura independiente y federal\",\"publisher\":{\"@id\":\"https:\\\/\\\/www.contramar.org\\\/#organization\"},\"alternateName\":\"Contramar Editora\",\"potentialAction\":[{\"@type\":\"SearchAction\",\"target\":{\"@type\":\"EntryPoint\",\"urlTemplate\":\"https:\\\/\\\/www.contramar.org\\\/?s={search_term_string}\"},\"query-input\":{\"@type\":\"PropertyValueSpecification\",\"valueRequired\":true,\"valueName\":\"search_term_string\"}}],\"inLanguage\":\"es-AR\"},{\"@type\":\"Organization\",\"@id\":\"https:\\\/\\\/www.contramar.org\\\/#organization\",\"name\":\"Contramar Editora\",\"url\":\"https:\\\/\\\/www.contramar.org\\\/\",\"logo\":{\"@type\":\"ImageObject\",\"inLanguage\":\"es-AR\",\"@id\":\"https:\\\/\\\/www.contramar.org\\\/#\\\/schema\\\/logo\\\/image\\\/\",\"url\":\"https:\\\/\\\/www.contramar.org\\\/wp-content\\\/uploads\\\/2022\\\/05\\\/logo-completo-04.png\",\"contentUrl\":\"https:\\\/\\\/www.contramar.org\\\/wp-content\\\/uploads\\\/2022\\\/05\\\/logo-completo-04.png\",\"width\":3451,\"height\":3482,\"caption\":\"Contramar Editora\"},\"image\":{\"@id\":\"https:\\\/\\\/www.contramar.org\\\/#\\\/schema\\\/logo\\\/image\\\/\"},\"sameAs\":[\"https:\\\/\\\/www.facebook.com\\\/ContramarEditora\",\"https:\\\/\\\/x.com\\\/ContramarEdito1\",\"https:\\\/\\\/www.instagram.com\\\/contramar_editora\\\/\",\"https:\\\/\\\/www.youtube.com\\\/@contramareditora8860\"]}]}<\/script>\n<!-- \/ Yoast SEO plugin. -->","yoast_head_json":{"title":"Rucio | Contramar Editora","description":"Rucio es una novela hist\u00f3rica y de acci\u00f3n sobre la resistencia a la dictadura de Pinochet. Segu\u00ed a un l\u00edder del FPMR en la p\u00e1gina m\u00e1s sangrienta de Chile.","robots":{"index":"index","follow":"follow","max-snippet":"max-snippet:-1","max-image-preview":"max-image-preview:large","max-video-preview":"max-video-preview:-1"},"canonical":"https:\/\/www.contramar.org\/index.php\/producto\/rucio\/","og_locale":"es_ES","og_type":"article","og_title":"Rucio | Contramar Editora","og_description":"Rucio es una novela hist\u00f3rica y de acci\u00f3n sobre la resistencia a la dictadura de Pinochet. Segu\u00ed a un l\u00edder del FPMR en la p\u00e1gina m\u00e1s sangrienta de Chile.","og_url":"https:\/\/www.contramar.org\/index.php\/producto\/rucio\/","og_site_name":"Contramar Editora","article_publisher":"https:\/\/www.facebook.com\/ContramarEditora","article_modified_time":"2024-06-27T20:11:09+00:00","og_image":[{"width":1536,"height":2361,"url":"https:\/\/www.contramar.org\/wp-content\/uploads\/2024\/04\/tapa-RUCIO8-01.jpg","type":"image\/jpeg"}],"twitter_card":"summary_large_image","twitter_site":"@ContramarEdito1","twitter_misc":{"Tiempo de lectura":"1 minuto"},"schema":{"@context":"https:\/\/schema.org","@graph":[{"@type":"WebPage","@id":"https:\/\/www.contramar.org\/index.php\/producto\/rucio\/","url":"https:\/\/www.contramar.org\/index.php\/producto\/rucio\/","name":"Rucio | Contramar Editora","isPartOf":{"@id":"https:\/\/www.contramar.org\/#website"},"primaryImageOfPage":{"@id":"https:\/\/www.contramar.org\/index.php\/producto\/rucio\/#primaryimage"},"image":{"@id":"https:\/\/www.contramar.org\/index.php\/producto\/rucio\/#primaryimage"},"thumbnailUrl":"https:\/\/www.contramar.org\/wp-content\/uploads\/2024\/04\/tapa-RUCIO8-01.jpg","datePublished":"2024-04-05T00:22:09+00:00","dateModified":"2024-06-27T20:11:09+00:00","description":"Rucio es una novela hist\u00f3rica y de acci\u00f3n sobre la resistencia a la dictadura de Pinochet. Segu\u00ed a un l\u00edder del FPMR en la p\u00e1gina m\u00e1s sangrienta de Chile.","breadcrumb":{"@id":"https:\/\/www.contramar.org\/index.php\/producto\/rucio\/#breadcrumb"},"inLanguage":"es-AR","potentialAction":[{"@type":"ReadAction","target":["https:\/\/www.contramar.org\/index.php\/producto\/rucio\/"]}]},{"@type":"ImageObject","inLanguage":"es-AR","@id":"https:\/\/www.contramar.org\/index.php\/producto\/rucio\/#primaryimage","url":"https:\/\/www.contramar.org\/wp-content\/uploads\/2024\/04\/tapa-RUCIO8-01.jpg","contentUrl":"https:\/\/www.contramar.org\/wp-content\/uploads\/2024\/04\/tapa-RUCIO8-01.jpg","width":1536,"height":2361,"caption":"tapa del libro"},{"@type":"BreadcrumbList","@id":"https:\/\/www.contramar.org\/index.php\/producto\/rucio\/#breadcrumb","itemListElement":[{"@type":"ListItem","position":1,"name":"Inicio","item":"https:\/\/www.contramar.org\/"},{"@type":"ListItem","position":2,"name":"Libros","item":"https:\/\/www.contramar.org\/index.php\/comprar-online\/"},{"@type":"ListItem","position":3,"name":"Rucio"}]},{"@type":"WebSite","@id":"https:\/\/www.contramar.org\/#website","url":"https:\/\/www.contramar.org\/","name":"Contramar Editora","description":"Literatura independiente y federal","publisher":{"@id":"https:\/\/www.contramar.org\/#organization"},"alternateName":"Contramar Editora","potentialAction":[{"@type":"SearchAction","target":{"@type":"EntryPoint","urlTemplate":"https:\/\/www.contramar.org\/?s={search_term_string}"},"query-input":{"@type":"PropertyValueSpecification","valueRequired":true,"valueName":"search_term_string"}}],"inLanguage":"es-AR"},{"@type":"Organization","@id":"https:\/\/www.contramar.org\/#organization","name":"Contramar Editora","url":"https:\/\/www.contramar.org\/","logo":{"@type":"ImageObject","inLanguage":"es-AR","@id":"https:\/\/www.contramar.org\/#\/schema\/logo\/image\/","url":"https:\/\/www.contramar.org\/wp-content\/uploads\/2022\/05\/logo-completo-04.png","contentUrl":"https:\/\/www.contramar.org\/wp-content\/uploads\/2022\/05\/logo-completo-04.png","width":3451,"height":3482,"caption":"Contramar Editora"},"image":{"@id":"https:\/\/www.contramar.org\/#\/schema\/logo\/image\/"},"sameAs":["https:\/\/www.facebook.com\/ContramarEditora","https:\/\/x.com\/ContramarEdito1","https:\/\/www.instagram.com\/contramar_editora\/","https:\/\/www.youtube.com\/@contramareditora8860"]}]}},"blog_post_layout_featured_media_urls":{"thumbnail":["https:\/\/www.contramar.org\/wp-content\/uploads\/2024\/04\/tapa-RUCIO8-01-150x150.jpg",150,150,true],"full":["https:\/\/www.contramar.org\/wp-content\/uploads\/2024\/04\/tapa-RUCIO8-01.jpg",1536,2361,false]},"categories":null,"categories_names":null,"comments_number":"0","_links":{"self":[{"href":"https:\/\/www.contramar.org\/index.php\/wp-json\/wp\/v2\/product\/3813","targetHints":{"allow":["GET"]}}],"collection":[{"href":"https:\/\/www.contramar.org\/index.php\/wp-json\/wp\/v2\/product"}],"about":[{"href":"https:\/\/www.contramar.org\/index.php\/wp-json\/wp\/v2\/types\/product"}],"wp:featuredmedia":[{"embeddable":true,"href":"https:\/\/www.contramar.org\/index.php\/wp-json\/wp\/v2\/media\/3815"}],"wp:attachment":[{"href":"https:\/\/www.contramar.org\/index.php\/wp-json\/wp\/v2\/media?parent=3813"}],"wp:term":[{"taxonomy":"product_brand","embeddable":true,"href":"https:\/\/www.contramar.org\/index.php\/wp-json\/wp\/v2\/product_brand?post=3813"},{"taxonomy":"product_cat","embeddable":true,"href":"https:\/\/www.contramar.org\/index.php\/wp-json\/wp\/v2\/product_cat?post=3813"},{"taxonomy":"product_tag","embeddable":true,"href":"https:\/\/www.contramar.org\/index.php\/wp-json\/wp\/v2\/product_tag?post=3813"}],"curies":[{"name":"wp","href":"https:\/\/api.w.org\/{rel}","templated":true}]}}