{"id":3427,"date":"2023-10-11T23:38:41","date_gmt":"2023-10-12T02:38:41","guid":{"rendered":"https:\/\/www.contramar.org\/?post_type=product&#038;p=3427"},"modified":"2026-01-26T16:46:22","modified_gmt":"2026-01-26T19:46:22","slug":"aca-abajo-hay-sotanos","status":"publish","type":"product","link":"https:\/\/www.contramar.org\/index.php\/producto\/aca-abajo-hay-sotanos\/","title":{"rendered":"Ac\u00e1 abajo hay s\u00f3tanos"},"content":{"rendered":"","protected":false},"excerpt":{"rendered":"<p><strong><span style=\"color: #993366;\">ANAL\u00cdA GIORDANINO Y FLORENCIA ORDIZ<\/span><\/strong><\/p>\n<p>&nbsp;<\/p>\n<p><strong>COLECCI\u00d3N<\/strong>: NARRATIVA ||<strong>\u00a0ISBN<\/strong>: 978-631-90184-0-0 || <strong>P\u00c1GINAS<\/strong>: 178<\/p>\n<hr \/>\n<p>\u00bfDe qu\u00e9 se alimenta el terror como g\u00e9nero literario? \u00bfQu\u00e9 materiales lo abonan, fertilizando el suelo para que crezcan sus criaturas? Los relatos escritos por Anal\u00eda Giordanino y Florencia Ordiz se nutren del archivo period\u00edstico tanto como de las voces sin nombre, de las leyendas urbanas. Se escucha y luego se escribe. Pero antes, se escucha. En la selecci\u00f3n de los hechos \u201cfuente\u201d, comunican las autoras su posicionamiento pol\u00edtico: una mirada desde la alcantarilla, dec\u00eda Pizarnik. Atm\u00f3sferas densas que se huelen, se estancan en la piel, se oyen y unifican los relatos en la textura oprimente de las pesadillas.<\/p>\n<p>Los relatos de <em>\u201cAc\u00e1 abajo hay s\u00f3tanos\u201d <\/em>pueden leerse como las ramas ocultas de un \u00e1rbol m\u00edtico que persiste, sobreviviendo y aliment\u00e1ndose de las vidas de los de arriba, para enfocar en un primer plano umbr\u00edo, el entramado fantasmag\u00f3rico de un territorio desolado, pero no deshabitado. Un \u00e1rbol que nos abraza para iluminar las visiones conjuradas por la c\u00f3pula entre la improbable realidad y los fluidos de lo que est\u00e1 enterrado, latente, resonando como el tambor que siente en su pecho el ni\u00f1o con la m\u00e1scara de payaso.<\/p>\n<p>\u201cLos fantasmas somos nosotros.\u201d, sentencia una de las voces narradoras. Y permanece repicando, como una campanada f\u00fanebre suspendida en el sopor de una siesta. \u00bfLos fantasmas somos nosotros?<\/p>\n<p><em><strong>Carina Radilov Chirov<\/strong><\/em><\/p>\n<p>.<\/p>\n<hr \/>\n<p><span style=\"color: #993366;\"><strong>BIO<\/strong><\/span><\/p>\n<p><strong>Anal\u00eda R. Giordanino<\/strong> (Santa Fe, 1978) es escritora y docente. Escribe poes\u00eda y narrativa. Public\u00f3 en Contramar una nueva edici\u00f3n de <em>Fantasmas<\/em> (2020), obra ganadora de in\u00e9ditos Premio Alcides Greca (2008). Otras obras narrativas: <em>Los impuros<\/em> (Nudista, 2017) y <em>La Ripley<\/em> (EMR, 2018). Escribe las columnas <em>Medium<\/em> y <em>Hoja de carpeta<\/em> desde 2020 en el Peri\u00f3dico Pausa de Santa Fe. Algunos de sus t\u00edtulos po\u00e9ticos son <em>Nocturna<\/em> (Diatriba, Santa Fe, 2009), <em>Terr\u00edcola<\/em> (Iv\u00e1n Rosado, Rosario, 2015), <em>Estampitas<\/em> (Baltasara Editora, Rosario, 2020), <em>Adentro suena nuestra nave<\/em> (Azogue Libros, Paran\u00e1, 2021).<\/p>\n<p><strong>Mar\u00eda Florencia Ordiz<\/strong> (Santa Fe, 1987) Escritora, actriz y gestora cultural. Co escribi\u00f3 e interpret\u00f3 la obra <em>Pasteleras Pastel<\/em> (2010) y la obra de terror <em>Hu\u00e9sped<\/em> (2012). Particip\u00f3 en el <em>Diccionario Enciclop\u00e9dico de las cosas que nos gustan<\/em> (Libros Silvestres, 2022). Sus poemas forman parte de las antolog\u00edas <em>Quedarse ac\u00e1<\/em>, <em>Pido la luna brillante<\/em> (Traza, colectivo de escritoras feministas, 2020), <em>Martes verde<\/em> (poetas por el Derecho al Aborto), <em>La juntada<\/em> (Festival Internacional de Poes\u00eda joven,2018), <em>Banzai<\/em> (Encuentros de Escritorxs Jujuy, 2018). Public\u00f3 las plaquetas <em>Dos poemas<\/em> (Ediciones Arroyo, 2019), <em>Todos somos un poco Michael Myers<\/em> (Editorial La susodicha, 2014). Trabaja en gesti\u00f3n cultural con artistas de Santa Fe y del litoral.<\/p>\n","protected":false},"featured_media":3428,"template":"","meta":{"ocean_post_layout":"","ocean_both_sidebars_style":"","ocean_both_sidebars_content_width":0,"ocean_both_sidebars_sidebars_width":0,"ocean_sidebar":"0","ocean_second_sidebar":"0","ocean_disable_margins":"enable","ocean_add_body_class":"","ocean_shortcode_before_top_bar":"","ocean_shortcode_after_top_bar":"","ocean_shortcode_before_header":"","ocean_shortcode_after_header":"","ocean_has_shortcode":"","ocean_shortcode_after_title":"","ocean_shortcode_before_footer_widgets":"","ocean_shortcode_after_footer_widgets":"","ocean_shortcode_before_footer_bottom":"","ocean_shortcode_after_footer_bottom":"","ocean_display_top_bar":"default","ocean_display_header":"default","ocean_header_style":"","ocean_center_header_left_menu":"0","ocean_custom_header_template":"0","ocean_custom_logo":0,"ocean_custom_retina_logo":0,"ocean_custom_logo_max_width":0,"ocean_custom_logo_tablet_max_width":0,"ocean_custom_logo_mobile_max_width":0,"ocean_custom_logo_max_height":0,"ocean_custom_logo_tablet_max_height":0,"ocean_custom_logo_mobile_max_height":0,"ocean_header_custom_menu":"0","ocean_menu_typo_font_family":"0","ocean_menu_typo_font_subset":"","ocean_menu_typo_font_size":0,"ocean_menu_typo_font_size_tablet":0,"ocean_menu_typo_font_size_mobile":0,"ocean_menu_typo_font_size_unit":"px","ocean_menu_typo_font_weight":"","ocean_menu_typo_font_weight_tablet":"","ocean_menu_typo_font_weight_mobile":"","ocean_menu_typo_transform":"","ocean_menu_typo_transform_tablet":"","ocean_menu_typo_transform_mobile":"","ocean_menu_typo_line_height":0,"ocean_menu_typo_line_height_tablet":0,"ocean_menu_typo_line_height_mobile":0,"ocean_menu_typo_line_height_unit":"","ocean_menu_typo_spacing":0,"ocean_menu_typo_spacing_tablet":0,"ocean_menu_typo_spacing_mobile":0,"ocean_menu_typo_spacing_unit":"","ocean_menu_link_color":"","ocean_menu_link_color_hover":"","ocean_menu_link_color_active":"","ocean_menu_link_background":"","ocean_menu_link_hover_background":"","ocean_menu_link_active_background":"","ocean_menu_social_links_bg":"","ocean_menu_social_hover_links_bg":"","ocean_menu_social_links_color":"","ocean_menu_social_hover_links_color":"","ocean_disable_title":"default","ocean_disable_heading":"default","ocean_post_title":"","ocean_post_subheading":"","ocean_post_title_style":"","ocean_post_title_background_color":"","ocean_post_title_background":0,"ocean_post_title_bg_image_position":"","ocean_post_title_bg_image_attachment":"","ocean_post_title_bg_image_repeat":"","ocean_post_title_bg_image_size":"","ocean_post_title_height":0,"ocean_post_title_bg_overlay":0.5,"ocean_post_title_bg_overlay_color":"","ocean_disable_breadcrumbs":"default","ocean_breadcrumbs_color":"","ocean_breadcrumbs_separator_color":"","ocean_breadcrumbs_links_color":"","ocean_breadcrumbs_links_hover_color":"","ocean_display_footer_widgets":"default","ocean_display_footer_bottom":"default","ocean_custom_footer_template":"0","_joinchat":[]},"product_brand":[],"product_cat":[110,108,48],"product_tag":[62,105,38,106,104],"class_list":{"0":"post-3427","1":"product","2":"type-product","3":"status-publish","4":"has-post-thumbnail","6":"product_cat-analia-giordanino","7":"product_cat-flor-ordiz","8":"product_cat-narrativa","9":"product_tag-contemporanea","10":"product_tag-giordanino","11":"product_tag-narrativa","12":"product_tag-ordiz","13":"product_tag-santa-fe","14":"product_shipping_class-coordinar","16":"entry","17":"has-media","19":"first","20":"instock","21":"shipping-taxable","22":"purchasable","23":"product-type-simple","24":"col","25":"span_1_of_3","26":"owp-content-center","27":"owp-thumbs-layout-horizontal","28":"owp-btn-normal","29":"owp-tabs-layout-horizontal"},"yoast_head":"<!-- This site is optimized with the Yoast SEO plugin v27.3 - https:\/\/yoast.com\/product\/yoast-seo-wordpress\/ -->\n<title>Ac\u00e1 abajo hay s\u00f3tanos | Contramar Editora<\/title>\n<meta name=\"description\" content=\"Cuentos de misterio y terror, retoman mitos e historias populares, escritos a cuatro manos por las autoras santafesinas Giordanino y Ordiz.\" \/>\n<meta name=\"robots\" content=\"index, follow, max-snippet:-1, max-image-preview:large, max-video-preview:-1\" \/>\n<link rel=\"canonical\" href=\"https:\/\/www.contramar.org\/index.php\/producto\/aca-abajo-hay-sotanos\/\" \/>\n<meta property=\"og:locale\" content=\"es_ES\" \/>\n<meta property=\"og:type\" content=\"article\" \/>\n<meta property=\"og:title\" content=\"Ac\u00e1 abajo hay s\u00f3tanos | Contramar Editora\" \/>\n<meta property=\"og:description\" content=\"Cuentos de misterio y terror, retoman mitos e historias populares, escritos a cuatro manos por las autoras santafesinas Giordanino y Ordiz.\" \/>\n<meta property=\"og:url\" content=\"https:\/\/www.contramar.org\/index.php\/producto\/aca-abajo-hay-sotanos\/\" \/>\n<meta property=\"og:site_name\" content=\"Contramar Editora\" \/>\n<meta property=\"article:publisher\" content=\"https:\/\/www.facebook.com\/ContramarEditora\" \/>\n<meta property=\"article:modified_time\" content=\"2026-01-26T19:46:22+00:00\" \/>\n<meta property=\"og:image\" content=\"https:\/\/www.contramar.org\/wp-content\/uploads\/2023\/10\/tapa-01.jpg\" \/>\n\t<meta property=\"og:image:width\" content=\"763\" \/>\n\t<meta property=\"og:image:height\" content=\"1169\" \/>\n\t<meta property=\"og:image:type\" content=\"image\/jpeg\" \/>\n<meta name=\"twitter:card\" content=\"summary_large_image\" \/>\n<meta name=\"twitter:site\" content=\"@ContramarEdito1\" \/>\n<meta name=\"twitter:label1\" content=\"Tiempo de lectura\" \/>\n\t<meta name=\"twitter:data1\" content=\"1 minuto\" \/>\n<script type=\"application\/ld+json\" class=\"yoast-schema-graph\">{\"@context\":\"https:\\\/\\\/schema.org\",\"@graph\":[{\"@type\":\"WebPage\",\"@id\":\"https:\\\/\\\/www.contramar.org\\\/index.php\\\/producto\\\/aca-abajo-hay-sotanos\\\/\",\"url\":\"https:\\\/\\\/www.contramar.org\\\/index.php\\\/producto\\\/aca-abajo-hay-sotanos\\\/\",\"name\":\"Ac\u00e1 abajo hay s\u00f3tanos | Contramar Editora\",\"isPartOf\":{\"@id\":\"https:\\\/\\\/www.contramar.org\\\/#website\"},\"primaryImageOfPage\":{\"@id\":\"https:\\\/\\\/www.contramar.org\\\/index.php\\\/producto\\\/aca-abajo-hay-sotanos\\\/#primaryimage\"},\"image\":{\"@id\":\"https:\\\/\\\/www.contramar.org\\\/index.php\\\/producto\\\/aca-abajo-hay-sotanos\\\/#primaryimage\"},\"thumbnailUrl\":\"https:\\\/\\\/www.contramar.org\\\/wp-content\\\/uploads\\\/2023\\\/10\\\/tapa-01.jpg\",\"datePublished\":\"2023-10-12T02:38:41+00:00\",\"dateModified\":\"2026-01-26T19:46:22+00:00\",\"description\":\"Cuentos de misterio y terror, retoman mitos e historias populares, escritos a cuatro manos por las autoras santafesinas Giordanino y Ordiz.\",\"breadcrumb\":{\"@id\":\"https:\\\/\\\/www.contramar.org\\\/index.php\\\/producto\\\/aca-abajo-hay-sotanos\\\/#breadcrumb\"},\"inLanguage\":\"es-AR\",\"potentialAction\":[{\"@type\":\"ReadAction\",\"target\":[\"https:\\\/\\\/www.contramar.org\\\/index.php\\\/producto\\\/aca-abajo-hay-sotanos\\\/\"]}]},{\"@type\":\"ImageObject\",\"inLanguage\":\"es-AR\",\"@id\":\"https:\\\/\\\/www.contramar.org\\\/index.php\\\/producto\\\/aca-abajo-hay-sotanos\\\/#primaryimage\",\"url\":\"https:\\\/\\\/www.contramar.org\\\/wp-content\\\/uploads\\\/2023\\\/10\\\/tapa-01.jpg\",\"contentUrl\":\"https:\\\/\\\/www.contramar.org\\\/wp-content\\\/uploads\\\/2023\\\/10\\\/tapa-01.jpg\",\"width\":763,\"height\":1169},{\"@type\":\"BreadcrumbList\",\"@id\":\"https:\\\/\\\/www.contramar.org\\\/index.php\\\/producto\\\/aca-abajo-hay-sotanos\\\/#breadcrumb\",\"itemListElement\":[{\"@type\":\"ListItem\",\"position\":1,\"name\":\"Inicio\",\"item\":\"https:\\\/\\\/www.contramar.org\\\/\"},{\"@type\":\"ListItem\",\"position\":2,\"name\":\"Libros\",\"item\":\"https:\\\/\\\/www.contramar.org\\\/index.php\\\/comprar-online\\\/\"},{\"@type\":\"ListItem\",\"position\":3,\"name\":\"Ac\u00e1 abajo hay s\u00f3tanos\"}]},{\"@type\":\"WebSite\",\"@id\":\"https:\\\/\\\/www.contramar.org\\\/#website\",\"url\":\"https:\\\/\\\/www.contramar.org\\\/\",\"name\":\"Contramar Editora\",\"description\":\"Literatura independiente y federal\",\"publisher\":{\"@id\":\"https:\\\/\\\/www.contramar.org\\\/#organization\"},\"alternateName\":\"Contramar Editora\",\"potentialAction\":[{\"@type\":\"SearchAction\",\"target\":{\"@type\":\"EntryPoint\",\"urlTemplate\":\"https:\\\/\\\/www.contramar.org\\\/?s={search_term_string}\"},\"query-input\":{\"@type\":\"PropertyValueSpecification\",\"valueRequired\":true,\"valueName\":\"search_term_string\"}}],\"inLanguage\":\"es-AR\"},{\"@type\":\"Organization\",\"@id\":\"https:\\\/\\\/www.contramar.org\\\/#organization\",\"name\":\"Contramar Editora\",\"url\":\"https:\\\/\\\/www.contramar.org\\\/\",\"logo\":{\"@type\":\"ImageObject\",\"inLanguage\":\"es-AR\",\"@id\":\"https:\\\/\\\/www.contramar.org\\\/#\\\/schema\\\/logo\\\/image\\\/\",\"url\":\"https:\\\/\\\/www.contramar.org\\\/wp-content\\\/uploads\\\/2022\\\/05\\\/logo-completo-04.png\",\"contentUrl\":\"https:\\\/\\\/www.contramar.org\\\/wp-content\\\/uploads\\\/2022\\\/05\\\/logo-completo-04.png\",\"width\":3451,\"height\":3482,\"caption\":\"Contramar Editora\"},\"image\":{\"@id\":\"https:\\\/\\\/www.contramar.org\\\/#\\\/schema\\\/logo\\\/image\\\/\"},\"sameAs\":[\"https:\\\/\\\/www.facebook.com\\\/ContramarEditora\",\"https:\\\/\\\/x.com\\\/ContramarEdito1\",\"https:\\\/\\\/www.instagram.com\\\/contramar_editora\\\/\",\"https:\\\/\\\/www.youtube.com\\\/@contramareditora8860\"]}]}<\/script>\n<!-- \/ Yoast SEO plugin. -->","yoast_head_json":{"title":"Ac\u00e1 abajo hay s\u00f3tanos | Contramar Editora","description":"Cuentos de misterio y terror, retoman mitos e historias populares, escritos a cuatro manos por las autoras santafesinas Giordanino y Ordiz.","robots":{"index":"index","follow":"follow","max-snippet":"max-snippet:-1","max-image-preview":"max-image-preview:large","max-video-preview":"max-video-preview:-1"},"canonical":"https:\/\/www.contramar.org\/index.php\/producto\/aca-abajo-hay-sotanos\/","og_locale":"es_ES","og_type":"article","og_title":"Ac\u00e1 abajo hay s\u00f3tanos | Contramar Editora","og_description":"Cuentos de misterio y terror, retoman mitos e historias populares, escritos a cuatro manos por las autoras santafesinas Giordanino y Ordiz.","og_url":"https:\/\/www.contramar.org\/index.php\/producto\/aca-abajo-hay-sotanos\/","og_site_name":"Contramar Editora","article_publisher":"https:\/\/www.facebook.com\/ContramarEditora","article_modified_time":"2026-01-26T19:46:22+00:00","og_image":[{"width":763,"height":1169,"url":"https:\/\/www.contramar.org\/wp-content\/uploads\/2023\/10\/tapa-01.jpg","type":"image\/jpeg"}],"twitter_card":"summary_large_image","twitter_site":"@ContramarEdito1","twitter_misc":{"Tiempo de lectura":"1 minuto"},"schema":{"@context":"https:\/\/schema.org","@graph":[{"@type":"WebPage","@id":"https:\/\/www.contramar.org\/index.php\/producto\/aca-abajo-hay-sotanos\/","url":"https:\/\/www.contramar.org\/index.php\/producto\/aca-abajo-hay-sotanos\/","name":"Ac\u00e1 abajo hay s\u00f3tanos | Contramar Editora","isPartOf":{"@id":"https:\/\/www.contramar.org\/#website"},"primaryImageOfPage":{"@id":"https:\/\/www.contramar.org\/index.php\/producto\/aca-abajo-hay-sotanos\/#primaryimage"},"image":{"@id":"https:\/\/www.contramar.org\/index.php\/producto\/aca-abajo-hay-sotanos\/#primaryimage"},"thumbnailUrl":"https:\/\/www.contramar.org\/wp-content\/uploads\/2023\/10\/tapa-01.jpg","datePublished":"2023-10-12T02:38:41+00:00","dateModified":"2026-01-26T19:46:22+00:00","description":"Cuentos de misterio y terror, retoman mitos e historias populares, escritos a cuatro manos por las autoras santafesinas Giordanino y Ordiz.","breadcrumb":{"@id":"https:\/\/www.contramar.org\/index.php\/producto\/aca-abajo-hay-sotanos\/#breadcrumb"},"inLanguage":"es-AR","potentialAction":[{"@type":"ReadAction","target":["https:\/\/www.contramar.org\/index.php\/producto\/aca-abajo-hay-sotanos\/"]}]},{"@type":"ImageObject","inLanguage":"es-AR","@id":"https:\/\/www.contramar.org\/index.php\/producto\/aca-abajo-hay-sotanos\/#primaryimage","url":"https:\/\/www.contramar.org\/wp-content\/uploads\/2023\/10\/tapa-01.jpg","contentUrl":"https:\/\/www.contramar.org\/wp-content\/uploads\/2023\/10\/tapa-01.jpg","width":763,"height":1169},{"@type":"BreadcrumbList","@id":"https:\/\/www.contramar.org\/index.php\/producto\/aca-abajo-hay-sotanos\/#breadcrumb","itemListElement":[{"@type":"ListItem","position":1,"name":"Inicio","item":"https:\/\/www.contramar.org\/"},{"@type":"ListItem","position":2,"name":"Libros","item":"https:\/\/www.contramar.org\/index.php\/comprar-online\/"},{"@type":"ListItem","position":3,"name":"Ac\u00e1 abajo hay s\u00f3tanos"}]},{"@type":"WebSite","@id":"https:\/\/www.contramar.org\/#website","url":"https:\/\/www.contramar.org\/","name":"Contramar Editora","description":"Literatura independiente y federal","publisher":{"@id":"https:\/\/www.contramar.org\/#organization"},"alternateName":"Contramar Editora","potentialAction":[{"@type":"SearchAction","target":{"@type":"EntryPoint","urlTemplate":"https:\/\/www.contramar.org\/?s={search_term_string}"},"query-input":{"@type":"PropertyValueSpecification","valueRequired":true,"valueName":"search_term_string"}}],"inLanguage":"es-AR"},{"@type":"Organization","@id":"https:\/\/www.contramar.org\/#organization","name":"Contramar Editora","url":"https:\/\/www.contramar.org\/","logo":{"@type":"ImageObject","inLanguage":"es-AR","@id":"https:\/\/www.contramar.org\/#\/schema\/logo\/image\/","url":"https:\/\/www.contramar.org\/wp-content\/uploads\/2022\/05\/logo-completo-04.png","contentUrl":"https:\/\/www.contramar.org\/wp-content\/uploads\/2022\/05\/logo-completo-04.png","width":3451,"height":3482,"caption":"Contramar Editora"},"image":{"@id":"https:\/\/www.contramar.org\/#\/schema\/logo\/image\/"},"sameAs":["https:\/\/www.facebook.com\/ContramarEditora","https:\/\/x.com\/ContramarEdito1","https:\/\/www.instagram.com\/contramar_editora\/","https:\/\/www.youtube.com\/@contramareditora8860"]}]}},"blog_post_layout_featured_media_urls":{"thumbnail":["https:\/\/www.contramar.org\/wp-content\/uploads\/2023\/10\/tapa-01-150x150.jpg",150,150,true],"full":["https:\/\/www.contramar.org\/wp-content\/uploads\/2023\/10\/tapa-01.jpg",763,1169,false]},"categories":null,"categories_names":null,"comments_number":"0","_links":{"self":[{"href":"https:\/\/www.contramar.org\/index.php\/wp-json\/wp\/v2\/product\/3427","targetHints":{"allow":["GET"]}}],"collection":[{"href":"https:\/\/www.contramar.org\/index.php\/wp-json\/wp\/v2\/product"}],"about":[{"href":"https:\/\/www.contramar.org\/index.php\/wp-json\/wp\/v2\/types\/product"}],"wp:featuredmedia":[{"embeddable":true,"href":"https:\/\/www.contramar.org\/index.php\/wp-json\/wp\/v2\/media\/3428"}],"wp:attachment":[{"href":"https:\/\/www.contramar.org\/index.php\/wp-json\/wp\/v2\/media?parent=3427"}],"wp:term":[{"taxonomy":"product_brand","embeddable":true,"href":"https:\/\/www.contramar.org\/index.php\/wp-json\/wp\/v2\/product_brand?post=3427"},{"taxonomy":"product_cat","embeddable":true,"href":"https:\/\/www.contramar.org\/index.php\/wp-json\/wp\/v2\/product_cat?post=3427"},{"taxonomy":"product_tag","embeddable":true,"href":"https:\/\/www.contramar.org\/index.php\/wp-json\/wp\/v2\/product_tag?post=3427"}],"curies":[{"name":"wp","href":"https:\/\/api.w.org\/{rel}","templated":true}]}}