{"id":3342,"date":"2023-07-22T18:49:03","date_gmt":"2023-07-22T21:49:03","guid":{"rendered":"https:\/\/www.contramar.org\/?post_type=product&#038;p=3342"},"modified":"2026-01-26T16:46:32","modified_gmt":"2026-01-26T19:46:32","slug":"febriles","status":"publish","type":"product","link":"https:\/\/www.contramar.org\/index.php\/producto\/febriles\/","title":{"rendered":"Febriles"},"content":{"rendered":"","protected":false},"excerpt":{"rendered":"<p><strong><span style=\"color: #993366;\">GERM\u00c1N ULRICH<\/span><\/p>\n<p><\/strong><\/p>\n<p><strong>COLECCI\u00d3N<\/strong>: NARRATIVA ||<strong>\u00a0ISBN<\/strong>: 978-987-47628-9-4 || <strong>P\u00c1GINAS<\/strong>: 146<\/p>\n<hr \/>\n<p>Estamos en la isla, de noche, y la \u00fanica verdad a esta altura es la tensi\u00f3n de la tanza en las yemas que nos habla de los voraces all\u00e1 en el r\u00edo. As\u00ed, Germ\u00e1n Ulrich usa la voz del cronista y narra historias de su provincia, como si hubiese visto mucho y no necesitara m\u00e1s que aflojar y recoger para engancharnos de un labio.<\/p>\n<p>Febriles es una referencia a la ma\u00f1ana del siglo XX santafesino y sus pretensiones de progreso. Tanto \u201cCan\u00edbal\u201d como \u201cLa ficha\u201d tienen un evento hist\u00f3rico en su origen. Sin embargo, no buscan la reposici\u00f3n sino una excusa para volver a hablar del meandroso y agreste proceso de formaci\u00f3n de un territorio.<\/p>\n<p>En \u201cCan\u00edbal\u201d, un isle\u00f1o aterroriza a la moral citadina con un crimen irreproducible ac\u00e1. En \u201cLa ficha\u201d, nos pierde Pichincha, el barrio prostibulario de un Rosario decimon\u00f3nico que le daba cadena al progreso regional. \u201cLa virgen\u201d recupera un mito rural seg\u00fan el cual los hijos varones de la familia se tiraban a los chanchos.<\/p>\n<p>Ulrich condensa aqu\u00ed lo mejor de su obra: la tradici\u00f3n arltiana y una voz baqueana, problem\u00e1tica y febril.<\/p>\n<hr \/>\n<p><span style=\"color: #993366;\"><strong>BIO<\/strong><\/span><\/p>\n<p><strong>Germ\u00e1n Ulrich<\/strong> (1971) naci\u00f3 en Viale, Entre R\u00edos y reside en Santa Fe. Como periodista trabaj\u00f3 en radios, diarios y agencias de noticias. Es autor del libro de relatos <strong><em>En el oeste<\/em><\/strong> (Editorial Entre R\u00edos, 2017), y de las cr\u00f3nicas <em><strong>Otilia<\/strong> <\/em>(Editores Ignorantes, 2018) y <em><strong>La quinta estrella<\/strong><\/em> (Las lanzas, 2020). Adem\u00e1s, public\u00f3 las novelas <em><strong>Los arisco<\/strong><\/em>s (Campo de Niebla Editorial, 2019), <em><strong>Orejano<\/strong> <\/em>(Campo de Niebla Editorial, 2020), <em><strong>Cumbia nena<\/strong><\/em> (De l\u2019aire, 2020) y <em><strong>El cobre y el tiemp<\/strong><\/em>o (Alci\u00f3n Editora, 2021). Contramar edit\u00f3 en 2019 su novela corta <em><strong>La vida urgente<\/strong><\/em>.<\/p>\n","protected":false},"featured_media":3347,"template":"","meta":{"ocean_post_layout":"","ocean_both_sidebars_style":"","ocean_both_sidebars_content_width":0,"ocean_both_sidebars_sidebars_width":0,"ocean_sidebar":"0","ocean_second_sidebar":"0","ocean_disable_margins":"enable","ocean_add_body_class":"","ocean_shortcode_before_top_bar":"","ocean_shortcode_after_top_bar":"","ocean_shortcode_before_header":"","ocean_shortcode_after_header":"","ocean_has_shortcode":"","ocean_shortcode_after_title":"","ocean_shortcode_before_footer_widgets":"","ocean_shortcode_after_footer_widgets":"","ocean_shortcode_before_footer_bottom":"","ocean_shortcode_after_footer_bottom":"","ocean_display_top_bar":"default","ocean_display_header":"default","ocean_header_style":"","ocean_center_header_left_menu":"0","ocean_custom_header_template":"0","ocean_custom_logo":0,"ocean_custom_retina_logo":0,"ocean_custom_logo_max_width":0,"ocean_custom_logo_tablet_max_width":0,"ocean_custom_logo_mobile_max_width":0,"ocean_custom_logo_max_height":0,"ocean_custom_logo_tablet_max_height":0,"ocean_custom_logo_mobile_max_height":0,"ocean_header_custom_menu":"0","ocean_menu_typo_font_family":"0","ocean_menu_typo_font_subset":"","ocean_menu_typo_font_size":0,"ocean_menu_typo_font_size_tablet":0,"ocean_menu_typo_font_size_mobile":0,"ocean_menu_typo_font_size_unit":"px","ocean_menu_typo_font_weight":"","ocean_menu_typo_font_weight_tablet":"","ocean_menu_typo_font_weight_mobile":"","ocean_menu_typo_transform":"","ocean_menu_typo_transform_tablet":"","ocean_menu_typo_transform_mobile":"","ocean_menu_typo_line_height":0,"ocean_menu_typo_line_height_tablet":0,"ocean_menu_typo_line_height_mobile":0,"ocean_menu_typo_line_height_unit":"","ocean_menu_typo_spacing":0,"ocean_menu_typo_spacing_tablet":0,"ocean_menu_typo_spacing_mobile":0,"ocean_menu_typo_spacing_unit":"","ocean_menu_link_color":"","ocean_menu_link_color_hover":"","ocean_menu_link_color_active":"","ocean_menu_link_background":"","ocean_menu_link_hover_background":"","ocean_menu_link_active_background":"","ocean_menu_social_links_bg":"","ocean_menu_social_hover_links_bg":"","ocean_menu_social_links_color":"","ocean_menu_social_hover_links_color":"","ocean_disable_title":"default","ocean_disable_heading":"default","ocean_post_title":"","ocean_post_subheading":"","ocean_post_title_style":"","ocean_post_title_background_color":"","ocean_post_title_background":0,"ocean_post_title_bg_image_position":"","ocean_post_title_bg_image_attachment":"","ocean_post_title_bg_image_repeat":"","ocean_post_title_bg_image_size":"","ocean_post_title_height":0,"ocean_post_title_bg_overlay":0.5,"ocean_post_title_bg_overlay_color":"","ocean_disable_breadcrumbs":"default","ocean_breadcrumbs_color":"","ocean_breadcrumbs_separator_color":"","ocean_breadcrumbs_links_color":"","ocean_breadcrumbs_links_hover_color":"","ocean_display_footer_widgets":"default","ocean_display_footer_bottom":"default","ocean_custom_footer_template":"0","_joinchat":[]},"product_brand":[],"product_cat":[116,48],"product_tag":[62,38,104,103],"class_list":{"0":"post-3342","1":"product","2":"type-product","3":"status-publish","4":"has-post-thumbnail","6":"product_cat-german-ulirich","7":"product_cat-narrativa","8":"product_tag-contemporanea","9":"product_tag-narrativa","10":"product_tag-santa-fe","11":"product_tag-ulrich","12":"product_shipping_class-coordinar","14":"entry","15":"has-media","17":"first","18":"instock","19":"shipping-taxable","20":"purchasable","21":"product-type-simple","22":"col","23":"span_1_of_3","24":"owp-content-center","25":"owp-thumbs-layout-horizontal","26":"owp-btn-normal","27":"owp-tabs-layout-horizontal"},"yoast_head":"<!-- This site is optimized with the Yoast SEO plugin v27.3 - https:\/\/yoast.com\/product\/yoast-seo-wordpress\/ -->\n<title>Febriles | Contramar Editora<\/title>\n<meta name=\"robots\" content=\"index, follow, max-snippet:-1, max-image-preview:large, max-video-preview:-1\" \/>\n<link rel=\"canonical\" href=\"https:\/\/www.contramar.org\/index.php\/producto\/febriles\/\" \/>\n<meta property=\"og:locale\" content=\"es_ES\" \/>\n<meta property=\"og:type\" content=\"article\" \/>\n<meta property=\"og:title\" content=\"Febriles | Contramar Editora\" \/>\n<meta property=\"og:description\" content=\"GERM\u00c1N ULRICH   COLECCI\u00d3N: NARRATIVA ||\u00a0ISBN: 978-987-47628-9-4 || P\u00c1GINAS: 146    Estamos en la isla, de noche, y la \u00fanica verdad a esta altura es la tensi\u00f3n de la tanza en las yemas que nos habla de los voraces all\u00e1 en el r\u00edo. As\u00ed, Germ\u00e1n Ulrich usa la voz del cronista y narra historias de su provincia, como si hubiese visto mucho y no necesitara m\u00e1s que aflojar y recoger para engancharnos de un labio. Febriles es una referencia a la ma\u00f1ana del siglo XX santafesino y sus pretensiones de progreso. Tanto \u201cCan\u00edbal\u201d como \u201cLa ficha\u201d tienen un evento hist\u00f3rico en su origen. Sin embargo, no buscan la reposici\u00f3n sino una excusa para volver a hablar del meandroso y agreste proceso de formaci\u00f3n de un territorio. En \u201cCan\u00edbal\u201d, un isle\u00f1o aterroriza a la moral citadina con un crimen irreproducible ac\u00e1. En \u201cLa ficha\u201d, nos pierde Pichincha, el barrio prostibulario de un Rosario decimon\u00f3nico que le daba cadena al progreso regional. \u201cLa virgen\u201d recupera un mito rural seg\u00fan el cual los hijos varones de la familia se tiraban a los chanchos. Ulrich condensa aqu\u00ed lo mejor de su obra: la tradici\u00f3n arltiana y una voz baqueana, problem\u00e1tica y febril.    BIO  Germ\u00e1n Ulrich (1971) naci\u00f3 en Viale, Entre R\u00edos y reside en Santa Fe. Como periodista trabaj\u00f3 en radios, diarios y agencias de noticias. Es autor del libro de relatos En el oeste (Editorial Entre R\u00edos, 2017), y de las cr\u00f3nicas Otilia (Editores Ignorantes, 2018) y La quinta estrella (Las lanzas, 2020). Adem\u00e1s, public\u00f3 las novelas Los ariscos (Campo de Niebla Editorial, 2019), Orejano (Campo de Niebla Editorial, 2020), Cumbia nena (De l\u2019aire, 2020) y El cobre y el tiempo (Alci\u00f3n Editora, 2021). Contramar edit\u00f3 en 2019 su novela corta La vida urgente.\" \/>\n<meta property=\"og:url\" content=\"https:\/\/www.contramar.org\/index.php\/producto\/febriles\/\" \/>\n<meta property=\"og:site_name\" content=\"Contramar Editora\" \/>\n<meta property=\"article:publisher\" content=\"https:\/\/www.facebook.com\/ContramarEditora\" \/>\n<meta property=\"article:modified_time\" content=\"2026-01-26T19:46:32+00:00\" \/>\n<meta property=\"og:image\" content=\"https:\/\/www.contramar.org\/wp-content\/uploads\/2023\/07\/tapa.png\" \/>\n\t<meta property=\"og:image:width\" content=\"500\" \/>\n\t<meta property=\"og:image:height\" content=\"770\" \/>\n\t<meta property=\"og:image:type\" content=\"image\/png\" \/>\n<meta name=\"twitter:card\" content=\"summary_large_image\" \/>\n<meta name=\"twitter:site\" content=\"@ContramarEdito1\" \/>\n<script type=\"application\/ld+json\" class=\"yoast-schema-graph\">{\"@context\":\"https:\\\/\\\/schema.org\",\"@graph\":[{\"@type\":\"WebPage\",\"@id\":\"https:\\\/\\\/www.contramar.org\\\/index.php\\\/producto\\\/febriles\\\/\",\"url\":\"https:\\\/\\\/www.contramar.org\\\/index.php\\\/producto\\\/febriles\\\/\",\"name\":\"Febriles | Contramar Editora\",\"isPartOf\":{\"@id\":\"https:\\\/\\\/www.contramar.org\\\/#website\"},\"primaryImageOfPage\":{\"@id\":\"https:\\\/\\\/www.contramar.org\\\/index.php\\\/producto\\\/febriles\\\/#primaryimage\"},\"image\":{\"@id\":\"https:\\\/\\\/www.contramar.org\\\/index.php\\\/producto\\\/febriles\\\/#primaryimage\"},\"thumbnailUrl\":\"https:\\\/\\\/www.contramar.org\\\/wp-content\\\/uploads\\\/2023\\\/07\\\/tapa.png\",\"datePublished\":\"2023-07-22T21:49:03+00:00\",\"dateModified\":\"2026-01-26T19:46:32+00:00\",\"breadcrumb\":{\"@id\":\"https:\\\/\\\/www.contramar.org\\\/index.php\\\/producto\\\/febriles\\\/#breadcrumb\"},\"inLanguage\":\"es-AR\",\"potentialAction\":[{\"@type\":\"ReadAction\",\"target\":[\"https:\\\/\\\/www.contramar.org\\\/index.php\\\/producto\\\/febriles\\\/\"]}]},{\"@type\":\"ImageObject\",\"inLanguage\":\"es-AR\",\"@id\":\"https:\\\/\\\/www.contramar.org\\\/index.php\\\/producto\\\/febriles\\\/#primaryimage\",\"url\":\"https:\\\/\\\/www.contramar.org\\\/wp-content\\\/uploads\\\/2023\\\/07\\\/tapa.png\",\"contentUrl\":\"https:\\\/\\\/www.contramar.org\\\/wp-content\\\/uploads\\\/2023\\\/07\\\/tapa.png\",\"width\":500,\"height\":770},{\"@type\":\"BreadcrumbList\",\"@id\":\"https:\\\/\\\/www.contramar.org\\\/index.php\\\/producto\\\/febriles\\\/#breadcrumb\",\"itemListElement\":[{\"@type\":\"ListItem\",\"position\":1,\"name\":\"Inicio\",\"item\":\"https:\\\/\\\/www.contramar.org\\\/\"},{\"@type\":\"ListItem\",\"position\":2,\"name\":\"Libros\",\"item\":\"https:\\\/\\\/www.contramar.org\\\/index.php\\\/comprar-online\\\/\"},{\"@type\":\"ListItem\",\"position\":3,\"name\":\"Febriles\"}]},{\"@type\":\"WebSite\",\"@id\":\"https:\\\/\\\/www.contramar.org\\\/#website\",\"url\":\"https:\\\/\\\/www.contramar.org\\\/\",\"name\":\"Contramar Editora\",\"description\":\"Literatura independiente y federal\",\"publisher\":{\"@id\":\"https:\\\/\\\/www.contramar.org\\\/#organization\"},\"alternateName\":\"Contramar Editora\",\"potentialAction\":[{\"@type\":\"SearchAction\",\"target\":{\"@type\":\"EntryPoint\",\"urlTemplate\":\"https:\\\/\\\/www.contramar.org\\\/?s={search_term_string}\"},\"query-input\":{\"@type\":\"PropertyValueSpecification\",\"valueRequired\":true,\"valueName\":\"search_term_string\"}}],\"inLanguage\":\"es-AR\"},{\"@type\":\"Organization\",\"@id\":\"https:\\\/\\\/www.contramar.org\\\/#organization\",\"name\":\"Contramar Editora\",\"url\":\"https:\\\/\\\/www.contramar.org\\\/\",\"logo\":{\"@type\":\"ImageObject\",\"inLanguage\":\"es-AR\",\"@id\":\"https:\\\/\\\/www.contramar.org\\\/#\\\/schema\\\/logo\\\/image\\\/\",\"url\":\"https:\\\/\\\/www.contramar.org\\\/wp-content\\\/uploads\\\/2022\\\/05\\\/logo-completo-04.png\",\"contentUrl\":\"https:\\\/\\\/www.contramar.org\\\/wp-content\\\/uploads\\\/2022\\\/05\\\/logo-completo-04.png\",\"width\":3451,\"height\":3482,\"caption\":\"Contramar Editora\"},\"image\":{\"@id\":\"https:\\\/\\\/www.contramar.org\\\/#\\\/schema\\\/logo\\\/image\\\/\"},\"sameAs\":[\"https:\\\/\\\/www.facebook.com\\\/ContramarEditora\",\"https:\\\/\\\/x.com\\\/ContramarEdito1\",\"https:\\\/\\\/www.instagram.com\\\/contramar_editora\\\/\",\"https:\\\/\\\/www.youtube.com\\\/@contramareditora8860\"]}]}<\/script>\n<!-- \/ Yoast SEO plugin. -->","yoast_head_json":{"title":"Febriles | Contramar Editora","robots":{"index":"index","follow":"follow","max-snippet":"max-snippet:-1","max-image-preview":"max-image-preview:large","max-video-preview":"max-video-preview:-1"},"canonical":"https:\/\/www.contramar.org\/index.php\/producto\/febriles\/","og_locale":"es_ES","og_type":"article","og_title":"Febriles | Contramar Editora","og_description":"GERM\u00c1N ULRICH   COLECCI\u00d3N: NARRATIVA ||\u00a0ISBN: 978-987-47628-9-4 || P\u00c1GINAS: 146    Estamos en la isla, de noche, y la \u00fanica verdad a esta altura es la tensi\u00f3n de la tanza en las yemas que nos habla de los voraces all\u00e1 en el r\u00edo. As\u00ed, Germ\u00e1n Ulrich usa la voz del cronista y narra historias de su provincia, como si hubiese visto mucho y no necesitara m\u00e1s que aflojar y recoger para engancharnos de un labio. Febriles es una referencia a la ma\u00f1ana del siglo XX santafesino y sus pretensiones de progreso. Tanto \u201cCan\u00edbal\u201d como \u201cLa ficha\u201d tienen un evento hist\u00f3rico en su origen. Sin embargo, no buscan la reposici\u00f3n sino una excusa para volver a hablar del meandroso y agreste proceso de formaci\u00f3n de un territorio. En \u201cCan\u00edbal\u201d, un isle\u00f1o aterroriza a la moral citadina con un crimen irreproducible ac\u00e1. En \u201cLa ficha\u201d, nos pierde Pichincha, el barrio prostibulario de un Rosario decimon\u00f3nico que le daba cadena al progreso regional. \u201cLa virgen\u201d recupera un mito rural seg\u00fan el cual los hijos varones de la familia se tiraban a los chanchos. Ulrich condensa aqu\u00ed lo mejor de su obra: la tradici\u00f3n arltiana y una voz baqueana, problem\u00e1tica y febril.    BIO  Germ\u00e1n Ulrich (1971) naci\u00f3 en Viale, Entre R\u00edos y reside en Santa Fe. Como periodista trabaj\u00f3 en radios, diarios y agencias de noticias. Es autor del libro de relatos En el oeste (Editorial Entre R\u00edos, 2017), y de las cr\u00f3nicas Otilia (Editores Ignorantes, 2018) y La quinta estrella (Las lanzas, 2020). Adem\u00e1s, public\u00f3 las novelas Los ariscos (Campo de Niebla Editorial, 2019), Orejano (Campo de Niebla Editorial, 2020), Cumbia nena (De l\u2019aire, 2020) y El cobre y el tiempo (Alci\u00f3n Editora, 2021). Contramar edit\u00f3 en 2019 su novela corta La vida urgente.","og_url":"https:\/\/www.contramar.org\/index.php\/producto\/febriles\/","og_site_name":"Contramar Editora","article_publisher":"https:\/\/www.facebook.com\/ContramarEditora","article_modified_time":"2026-01-26T19:46:32+00:00","og_image":[{"width":500,"height":770,"url":"https:\/\/www.contramar.org\/wp-content\/uploads\/2023\/07\/tapa.png","type":"image\/png"}],"twitter_card":"summary_large_image","twitter_site":"@ContramarEdito1","schema":{"@context":"https:\/\/schema.org","@graph":[{"@type":"WebPage","@id":"https:\/\/www.contramar.org\/index.php\/producto\/febriles\/","url":"https:\/\/www.contramar.org\/index.php\/producto\/febriles\/","name":"Febriles | Contramar Editora","isPartOf":{"@id":"https:\/\/www.contramar.org\/#website"},"primaryImageOfPage":{"@id":"https:\/\/www.contramar.org\/index.php\/producto\/febriles\/#primaryimage"},"image":{"@id":"https:\/\/www.contramar.org\/index.php\/producto\/febriles\/#primaryimage"},"thumbnailUrl":"https:\/\/www.contramar.org\/wp-content\/uploads\/2023\/07\/tapa.png","datePublished":"2023-07-22T21:49:03+00:00","dateModified":"2026-01-26T19:46:32+00:00","breadcrumb":{"@id":"https:\/\/www.contramar.org\/index.php\/producto\/febriles\/#breadcrumb"},"inLanguage":"es-AR","potentialAction":[{"@type":"ReadAction","target":["https:\/\/www.contramar.org\/index.php\/producto\/febriles\/"]}]},{"@type":"ImageObject","inLanguage":"es-AR","@id":"https:\/\/www.contramar.org\/index.php\/producto\/febriles\/#primaryimage","url":"https:\/\/www.contramar.org\/wp-content\/uploads\/2023\/07\/tapa.png","contentUrl":"https:\/\/www.contramar.org\/wp-content\/uploads\/2023\/07\/tapa.png","width":500,"height":770},{"@type":"BreadcrumbList","@id":"https:\/\/www.contramar.org\/index.php\/producto\/febriles\/#breadcrumb","itemListElement":[{"@type":"ListItem","position":1,"name":"Inicio","item":"https:\/\/www.contramar.org\/"},{"@type":"ListItem","position":2,"name":"Libros","item":"https:\/\/www.contramar.org\/index.php\/comprar-online\/"},{"@type":"ListItem","position":3,"name":"Febriles"}]},{"@type":"WebSite","@id":"https:\/\/www.contramar.org\/#website","url":"https:\/\/www.contramar.org\/","name":"Contramar Editora","description":"Literatura independiente y federal","publisher":{"@id":"https:\/\/www.contramar.org\/#organization"},"alternateName":"Contramar Editora","potentialAction":[{"@type":"SearchAction","target":{"@type":"EntryPoint","urlTemplate":"https:\/\/www.contramar.org\/?s={search_term_string}"},"query-input":{"@type":"PropertyValueSpecification","valueRequired":true,"valueName":"search_term_string"}}],"inLanguage":"es-AR"},{"@type":"Organization","@id":"https:\/\/www.contramar.org\/#organization","name":"Contramar Editora","url":"https:\/\/www.contramar.org\/","logo":{"@type":"ImageObject","inLanguage":"es-AR","@id":"https:\/\/www.contramar.org\/#\/schema\/logo\/image\/","url":"https:\/\/www.contramar.org\/wp-content\/uploads\/2022\/05\/logo-completo-04.png","contentUrl":"https:\/\/www.contramar.org\/wp-content\/uploads\/2022\/05\/logo-completo-04.png","width":3451,"height":3482,"caption":"Contramar Editora"},"image":{"@id":"https:\/\/www.contramar.org\/#\/schema\/logo\/image\/"},"sameAs":["https:\/\/www.facebook.com\/ContramarEditora","https:\/\/x.com\/ContramarEdito1","https:\/\/www.instagram.com\/contramar_editora\/","https:\/\/www.youtube.com\/@contramareditora8860"]}]}},"blog_post_layout_featured_media_urls":{"thumbnail":["https:\/\/www.contramar.org\/wp-content\/uploads\/2023\/07\/tapa-150x150.png",150,150,true],"full":["https:\/\/www.contramar.org\/wp-content\/uploads\/2023\/07\/tapa.png",500,770,false]},"categories":null,"categories_names":null,"comments_number":"0","_links":{"self":[{"href":"https:\/\/www.contramar.org\/index.php\/wp-json\/wp\/v2\/product\/3342","targetHints":{"allow":["GET"]}}],"collection":[{"href":"https:\/\/www.contramar.org\/index.php\/wp-json\/wp\/v2\/product"}],"about":[{"href":"https:\/\/www.contramar.org\/index.php\/wp-json\/wp\/v2\/types\/product"}],"wp:featuredmedia":[{"embeddable":true,"href":"https:\/\/www.contramar.org\/index.php\/wp-json\/wp\/v2\/media\/3347"}],"wp:attachment":[{"href":"https:\/\/www.contramar.org\/index.php\/wp-json\/wp\/v2\/media?parent=3342"}],"wp:term":[{"taxonomy":"product_brand","embeddable":true,"href":"https:\/\/www.contramar.org\/index.php\/wp-json\/wp\/v2\/product_brand?post=3342"},{"taxonomy":"product_cat","embeddable":true,"href":"https:\/\/www.contramar.org\/index.php\/wp-json\/wp\/v2\/product_cat?post=3342"},{"taxonomy":"product_tag","embeddable":true,"href":"https:\/\/www.contramar.org\/index.php\/wp-json\/wp\/v2\/product_tag?post=3342"}],"curies":[{"name":"wp","href":"https:\/\/api.w.org\/{rel}","templated":true}]}}