{"id":3305,"date":"2023-04-28T13:13:02","date_gmt":"2023-04-28T16:13:02","guid":{"rendered":"https:\/\/www.contramar.org\/?post_type=product&#038;p=3305"},"modified":"2026-01-26T16:46:44","modified_gmt":"2026-01-26T19:46:44","slug":"la-luz-del-malabar","status":"publish","type":"product","link":"https:\/\/www.contramar.org\/index.php\/producto\/la-luz-del-malabar\/","title":{"rendered":"La luz del malabar"},"content":{"rendered":"<p>Un nuevo texto de la serie ARTE CALLEJERO que renueva la singular apuesta de encontrar en modos de vida alternativos ense\u00f1anzas m\u00e1s bien universales.<\/p>\n<p>El arte en la calle. Una dosis de eso que desarma y religa. Ant\u00eddoto a la repetici\u00f3n: instalar el asombro, con nuevas tramas y sin patrones.<\/p>\n<hr \/>\n<p>ENV\u00cdOS EN CABA: Con cadeter\u00eda.<\/p>\n<p>ENV\u00cdOS FUERA DE CABA: te enviamos el pedido por correo Andreani. \u00a1Consult\u00e1 nuestros <a href=\"https:\/\/www.contramar.org\/index.php\/puntos-de-venta\/\">Puntos de Venta<\/a> en todo el pa\u00eds!<\/p>\n<p>Nos comunicamos a trav\u00e9s de <a href=\"mailto:info@contramar.org\">info@contramar.org<\/a> o por WhatsApp: +54 9 11 64728116. Revis\u00e1 tu spam!<\/p>\n<p>Gracias por apoyar los libros independientes.<\/p>\n","protected":false},"excerpt":{"rendered":"<p><strong><span style=\"color: #993366;\">MARU SAINZ<\/span><\/p>\n<p><\/strong><\/p>\n<p><strong>COLECCI\u00d3N<\/strong>: ARTE CALLEJERO ||<strong>\u00a0ISBN<\/strong>: 978-987-47628-6-3 || <strong>P\u00c1GINAS<\/strong>: 288<\/p>\n<hr \/>\n<p>\u201cEsta opci\u00f3n, cambiar de rumbo, me generaba culpa y miedo. Culpa por todo el esfuerzo invertido por mis padres en mi carrera, y miedo por dos razones. La primera, porque significaba prescindir de las garant\u00edas de las que supuestamente podr\u00eda disfrutar si segu\u00eda por el camino que hasta entonces parec\u00eda haber estado marc\u00e1ndose para m\u00ed: un trabajo fijo y un buen sueldo seguramente, con beneficios y jubilaci\u00f3n, es decir, estabilidad econ\u00f3mica sostenida a futuro. La segunda, porque supon\u00eda abandonar todo lo conocido y atreverme a explorar e ir descubriendo la gran incertidumbre de las posibilidades que pudieran ir abri\u00e9ndose ante m\u00ed en un camino completamente nuevo. Todo esto me lo han ense\u00f1ado Argentina, la crisis del 2001 y los malabaristas.\u201d Maru Sainz<\/p>\n<hr \/>\n<p><span style=\"color: #993366;\"><strong>BIO<\/strong><\/span><\/p>\n<p><strong>Mar\u00eda Eugenia Sainz Palacios<\/strong> (1975) naci\u00f3 en Vitoria-Gasteiz (Pa\u00eds Vasco &#8211; Espa\u00f1a). Es licenciada en Ciencias Econ\u00f3micas y Empresariales Universidad ESTE, Universidad de Deusto. Magister en Gesti\u00f3n Internacional, Universidad ESTE, Universidad de Deusto. Magister en Pol\u00edticas Sociales, Facultad de Ciencias Sociales, Universidad de Buenos Aires. Vive en Buenos Aires, donde se desarrolla como Profesora de Yoga, Reikista, Maestra en Registros Akashicos.<\/p>\n<p><strong><em>La luz del malabar<\/em><\/strong> es su primer libro, que surge en medio de la b\u00fasqueda de su propio proyecto laboral independiente basado en su vocaci\u00f3n.<\/p>\n","protected":false},"featured_media":3307,"template":"","meta":{"ocean_post_layout":"","ocean_both_sidebars_style":"","ocean_both_sidebars_content_width":0,"ocean_both_sidebars_sidebars_width":0,"ocean_sidebar":"","ocean_second_sidebar":"","ocean_disable_margins":"enable","ocean_add_body_class":"","ocean_shortcode_before_top_bar":"","ocean_shortcode_after_top_bar":"","ocean_shortcode_before_header":"","ocean_shortcode_after_header":"","ocean_has_shortcode":"","ocean_shortcode_after_title":"","ocean_shortcode_before_footer_widgets":"","ocean_shortcode_after_footer_widgets":"","ocean_shortcode_before_footer_bottom":"","ocean_shortcode_after_footer_bottom":"","ocean_display_top_bar":"default","ocean_display_header":"default","ocean_header_style":"","ocean_center_header_left_menu":"","ocean_custom_header_template":"","ocean_custom_logo":0,"ocean_custom_retina_logo":0,"ocean_custom_logo_max_width":0,"ocean_custom_logo_tablet_max_width":0,"ocean_custom_logo_mobile_max_width":0,"ocean_custom_logo_max_height":0,"ocean_custom_logo_tablet_max_height":0,"ocean_custom_logo_mobile_max_height":0,"ocean_header_custom_menu":"","ocean_menu_typo_font_family":"","ocean_menu_typo_font_subset":"","ocean_menu_typo_font_size":0,"ocean_menu_typo_font_size_tablet":0,"ocean_menu_typo_font_size_mobile":0,"ocean_menu_typo_font_size_unit":"px","ocean_menu_typo_font_weight":"","ocean_menu_typo_font_weight_tablet":"","ocean_menu_typo_font_weight_mobile":"","ocean_menu_typo_transform":"","ocean_menu_typo_transform_tablet":"","ocean_menu_typo_transform_mobile":"","ocean_menu_typo_line_height":0,"ocean_menu_typo_line_height_tablet":0,"ocean_menu_typo_line_height_mobile":0,"ocean_menu_typo_line_height_unit":"","ocean_menu_typo_spacing":0,"ocean_menu_typo_spacing_tablet":0,"ocean_menu_typo_spacing_mobile":0,"ocean_menu_typo_spacing_unit":"","ocean_menu_link_color":"","ocean_menu_link_color_hover":"","ocean_menu_link_color_active":"","ocean_menu_link_background":"","ocean_menu_link_hover_background":"","ocean_menu_link_active_background":"","ocean_menu_social_links_bg":"","ocean_menu_social_hover_links_bg":"","ocean_menu_social_links_color":"","ocean_menu_social_hover_links_color":"","ocean_disable_title":"default","ocean_disable_heading":"default","ocean_post_title":"","ocean_post_subheading":"","ocean_post_title_style":"","ocean_post_title_background_color":"","ocean_post_title_background":0,"ocean_post_title_bg_image_position":"","ocean_post_title_bg_image_attachment":"","ocean_post_title_bg_image_repeat":"","ocean_post_title_bg_image_size":"","ocean_post_title_height":0,"ocean_post_title_bg_overlay":0.5,"ocean_post_title_bg_overlay_color":"","ocean_disable_breadcrumbs":"default","ocean_breadcrumbs_color":"","ocean_breadcrumbs_separator_color":"","ocean_breadcrumbs_links_color":"","ocean_breadcrumbs_links_hover_color":"","ocean_display_footer_widgets":"default","ocean_display_footer_bottom":"default","ocean_custom_footer_template":"","_joinchat":[]},"product_brand":[],"product_cat":[50,117],"product_tag":[101,97,100,102,52,99,98],"class_list":{"0":"post-3305","1":"product","2":"type-product","3":"status-publish","4":"has-post-thumbnail","6":"product_cat-arte-callejero","7":"product_cat-maru-sainz","8":"product_tag-argentina","9":"product_tag-arte-callejero","10":"product_tag-crisis-2001","11":"product_tag-entrevistas","12":"product_tag-malabares","13":"product_tag-malabarismo","14":"product_tag-maru-sainz","15":"product_shipping_class-coordinar","17":"entry","18":"has-media","20":"first","21":"instock","22":"shipping-taxable","23":"purchasable","24":"product-type-simple","25":"col","26":"span_1_of_3","27":"owp-content-center","28":"owp-thumbs-layout-horizontal","29":"owp-btn-normal","30":"owp-tabs-layout-horizontal"},"yoast_head":"<!-- This site is optimized with the Yoast SEO plugin v27.3 - https:\/\/yoast.com\/product\/yoast-seo-wordpress\/ -->\n<title>La luz del malabar | Contramar Editora<\/title>\n<meta name=\"robots\" content=\"index, follow, max-snippet:-1, max-image-preview:large, max-video-preview:-1\" \/>\n<link rel=\"canonical\" href=\"https:\/\/www.contramar.org\/index.php\/producto\/la-luz-del-malabar\/\" \/>\n<meta property=\"og:locale\" content=\"es_ES\" \/>\n<meta property=\"og:type\" content=\"article\" \/>\n<meta property=\"og:title\" content=\"La luz del malabar | Contramar Editora\" \/>\n<meta property=\"og:description\" content=\"MARU SAINZ   COLECCI\u00d3N: ARTE CALLEJERO ||\u00a0ISBN: 978-987-47628-6-3 || P\u00c1GINAS: 288    \u201cEsta opci\u00f3n, cambiar de rumbo, me generaba culpa y miedo. Culpa por todo el esfuerzo invertido por mis padres en mi carrera, y miedo por dos razones. La primera, porque significaba prescindir de las garant\u00edas de las que supuestamente podr\u00eda disfrutar si segu\u00eda por el camino que hasta entonces parec\u00eda haber estado marc\u00e1ndose para m\u00ed: un trabajo fijo y un buen sueldo seguramente, con beneficios y jubilaci\u00f3n, es decir, estabilidad econ\u00f3mica sostenida a futuro. La segunda, porque supon\u00eda abandonar todo lo conocido y atreverme a explorar e ir descubriendo la gran incertidumbre de las posibilidades que pudieran ir abri\u00e9ndose ante m\u00ed en un camino completamente nuevo. Todo esto me lo han ense\u00f1ado Argentina, la crisis del 2001 y los malabaristas.\u201d Maru Sainz    BIO  Mar\u00eda Eugenia Sainz Palacios (1975) naci\u00f3 en Vitoria-Gasteiz (Pa\u00eds Vasco - Espa\u00f1a). Es licenciada en Ciencias Econ\u00f3micas y Empresariales Universidad ESTE, Universidad de Deusto. Magister en Gesti\u00f3n Internacional, Universidad ESTE, Universidad de Deusto. Magister en Pol\u00edticas Sociales, Facultad de Ciencias Sociales, Universidad de Buenos Aires. Vive en Buenos Aires, donde se desarrolla como Profesora de Yoga, Reikista, Maestra en Registros Akashicos.  La luz del malabar es su primer libro, que surge en medio de la b\u00fasqueda de su propio proyecto laboral independiente basado en su vocaci\u00f3n.\" \/>\n<meta property=\"og:url\" content=\"https:\/\/www.contramar.org\/index.php\/producto\/la-luz-del-malabar\/\" \/>\n<meta property=\"og:site_name\" content=\"Contramar Editora\" \/>\n<meta property=\"article:publisher\" content=\"https:\/\/www.facebook.com\/ContramarEditora\" \/>\n<meta property=\"article:modified_time\" content=\"2026-01-26T19:46:44+00:00\" \/>\n<meta property=\"og:image\" content=\"https:\/\/www.contramar.org\/wp-content\/uploads\/2023\/04\/tapa-01-01.jpg\" \/>\n\t<meta property=\"og:image:width\" content=\"796\" \/>\n\t<meta property=\"og:image:height\" content=\"1218\" \/>\n\t<meta property=\"og:image:type\" content=\"image\/jpeg\" \/>\n<meta name=\"twitter:card\" content=\"summary_large_image\" \/>\n<meta name=\"twitter:site\" content=\"@ContramarEdito1\" \/>\n<meta name=\"twitter:label1\" content=\"Tiempo de lectura\" \/>\n\t<meta name=\"twitter:data1\" content=\"1 minuto\" \/>\n<script type=\"application\/ld+json\" class=\"yoast-schema-graph\">{\"@context\":\"https:\\\/\\\/schema.org\",\"@graph\":[{\"@type\":\"WebPage\",\"@id\":\"https:\\\/\\\/www.contramar.org\\\/index.php\\\/producto\\\/la-luz-del-malabar\\\/\",\"url\":\"https:\\\/\\\/www.contramar.org\\\/index.php\\\/producto\\\/la-luz-del-malabar\\\/\",\"name\":\"La luz del malabar | Contramar Editora\",\"isPartOf\":{\"@id\":\"https:\\\/\\\/www.contramar.org\\\/#website\"},\"primaryImageOfPage\":{\"@id\":\"https:\\\/\\\/www.contramar.org\\\/index.php\\\/producto\\\/la-luz-del-malabar\\\/#primaryimage\"},\"image\":{\"@id\":\"https:\\\/\\\/www.contramar.org\\\/index.php\\\/producto\\\/la-luz-del-malabar\\\/#primaryimage\"},\"thumbnailUrl\":\"https:\\\/\\\/www.contramar.org\\\/wp-content\\\/uploads\\\/2023\\\/04\\\/tapa-01-01.jpg\",\"datePublished\":\"2023-04-28T16:13:02+00:00\",\"dateModified\":\"2026-01-26T19:46:44+00:00\",\"breadcrumb\":{\"@id\":\"https:\\\/\\\/www.contramar.org\\\/index.php\\\/producto\\\/la-luz-del-malabar\\\/#breadcrumb\"},\"inLanguage\":\"es-AR\",\"potentialAction\":[{\"@type\":\"ReadAction\",\"target\":[\"https:\\\/\\\/www.contramar.org\\\/index.php\\\/producto\\\/la-luz-del-malabar\\\/\"]}]},{\"@type\":\"ImageObject\",\"inLanguage\":\"es-AR\",\"@id\":\"https:\\\/\\\/www.contramar.org\\\/index.php\\\/producto\\\/la-luz-del-malabar\\\/#primaryimage\",\"url\":\"https:\\\/\\\/www.contramar.org\\\/wp-content\\\/uploads\\\/2023\\\/04\\\/tapa-01-01.jpg\",\"contentUrl\":\"https:\\\/\\\/www.contramar.org\\\/wp-content\\\/uploads\\\/2023\\\/04\\\/tapa-01-01.jpg\",\"width\":796,\"height\":1218},{\"@type\":\"BreadcrumbList\",\"@id\":\"https:\\\/\\\/www.contramar.org\\\/index.php\\\/producto\\\/la-luz-del-malabar\\\/#breadcrumb\",\"itemListElement\":[{\"@type\":\"ListItem\",\"position\":1,\"name\":\"Inicio\",\"item\":\"https:\\\/\\\/www.contramar.org\\\/\"},{\"@type\":\"ListItem\",\"position\":2,\"name\":\"Libros\",\"item\":\"https:\\\/\\\/www.contramar.org\\\/index.php\\\/comprar-online\\\/\"},{\"@type\":\"ListItem\",\"position\":3,\"name\":\"La luz del malabar\"}]},{\"@type\":\"WebSite\",\"@id\":\"https:\\\/\\\/www.contramar.org\\\/#website\",\"url\":\"https:\\\/\\\/www.contramar.org\\\/\",\"name\":\"Contramar Editora\",\"description\":\"Literatura independiente y federal\",\"publisher\":{\"@id\":\"https:\\\/\\\/www.contramar.org\\\/#organization\"},\"alternateName\":\"Contramar Editora\",\"potentialAction\":[{\"@type\":\"SearchAction\",\"target\":{\"@type\":\"EntryPoint\",\"urlTemplate\":\"https:\\\/\\\/www.contramar.org\\\/?s={search_term_string}\"},\"query-input\":{\"@type\":\"PropertyValueSpecification\",\"valueRequired\":true,\"valueName\":\"search_term_string\"}}],\"inLanguage\":\"es-AR\"},{\"@type\":\"Organization\",\"@id\":\"https:\\\/\\\/www.contramar.org\\\/#organization\",\"name\":\"Contramar Editora\",\"url\":\"https:\\\/\\\/www.contramar.org\\\/\",\"logo\":{\"@type\":\"ImageObject\",\"inLanguage\":\"es-AR\",\"@id\":\"https:\\\/\\\/www.contramar.org\\\/#\\\/schema\\\/logo\\\/image\\\/\",\"url\":\"https:\\\/\\\/www.contramar.org\\\/wp-content\\\/uploads\\\/2022\\\/05\\\/logo-completo-04.png\",\"contentUrl\":\"https:\\\/\\\/www.contramar.org\\\/wp-content\\\/uploads\\\/2022\\\/05\\\/logo-completo-04.png\",\"width\":3451,\"height\":3482,\"caption\":\"Contramar Editora\"},\"image\":{\"@id\":\"https:\\\/\\\/www.contramar.org\\\/#\\\/schema\\\/logo\\\/image\\\/\"},\"sameAs\":[\"https:\\\/\\\/www.facebook.com\\\/ContramarEditora\",\"https:\\\/\\\/x.com\\\/ContramarEdito1\",\"https:\\\/\\\/www.instagram.com\\\/contramar_editora\\\/\",\"https:\\\/\\\/www.youtube.com\\\/@contramareditora8860\"]}]}<\/script>\n<!-- \/ Yoast SEO plugin. -->","yoast_head_json":{"title":"La luz del malabar | Contramar Editora","robots":{"index":"index","follow":"follow","max-snippet":"max-snippet:-1","max-image-preview":"max-image-preview:large","max-video-preview":"max-video-preview:-1"},"canonical":"https:\/\/www.contramar.org\/index.php\/producto\/la-luz-del-malabar\/","og_locale":"es_ES","og_type":"article","og_title":"La luz del malabar | Contramar Editora","og_description":"MARU SAINZ   COLECCI\u00d3N: ARTE CALLEJERO ||\u00a0ISBN: 978-987-47628-6-3 || P\u00c1GINAS: 288    \u201cEsta opci\u00f3n, cambiar de rumbo, me generaba culpa y miedo. Culpa por todo el esfuerzo invertido por mis padres en mi carrera, y miedo por dos razones. La primera, porque significaba prescindir de las garant\u00edas de las que supuestamente podr\u00eda disfrutar si segu\u00eda por el camino que hasta entonces parec\u00eda haber estado marc\u00e1ndose para m\u00ed: un trabajo fijo y un buen sueldo seguramente, con beneficios y jubilaci\u00f3n, es decir, estabilidad econ\u00f3mica sostenida a futuro. La segunda, porque supon\u00eda abandonar todo lo conocido y atreverme a explorar e ir descubriendo la gran incertidumbre de las posibilidades que pudieran ir abri\u00e9ndose ante m\u00ed en un camino completamente nuevo. Todo esto me lo han ense\u00f1ado Argentina, la crisis del 2001 y los malabaristas.\u201d Maru Sainz    BIO  Mar\u00eda Eugenia Sainz Palacios (1975) naci\u00f3 en Vitoria-Gasteiz (Pa\u00eds Vasco - Espa\u00f1a). Es licenciada en Ciencias Econ\u00f3micas y Empresariales Universidad ESTE, Universidad de Deusto. Magister en Gesti\u00f3n Internacional, Universidad ESTE, Universidad de Deusto. Magister en Pol\u00edticas Sociales, Facultad de Ciencias Sociales, Universidad de Buenos Aires. Vive en Buenos Aires, donde se desarrolla como Profesora de Yoga, Reikista, Maestra en Registros Akashicos.  La luz del malabar es su primer libro, que surge en medio de la b\u00fasqueda de su propio proyecto laboral independiente basado en su vocaci\u00f3n.","og_url":"https:\/\/www.contramar.org\/index.php\/producto\/la-luz-del-malabar\/","og_site_name":"Contramar Editora","article_publisher":"https:\/\/www.facebook.com\/ContramarEditora","article_modified_time":"2026-01-26T19:46:44+00:00","og_image":[{"width":796,"height":1218,"url":"https:\/\/www.contramar.org\/wp-content\/uploads\/2023\/04\/tapa-01-01.jpg","type":"image\/jpeg"}],"twitter_card":"summary_large_image","twitter_site":"@ContramarEdito1","twitter_misc":{"Tiempo de lectura":"1 minuto"},"schema":{"@context":"https:\/\/schema.org","@graph":[{"@type":"WebPage","@id":"https:\/\/www.contramar.org\/index.php\/producto\/la-luz-del-malabar\/","url":"https:\/\/www.contramar.org\/index.php\/producto\/la-luz-del-malabar\/","name":"La luz del malabar | Contramar Editora","isPartOf":{"@id":"https:\/\/www.contramar.org\/#website"},"primaryImageOfPage":{"@id":"https:\/\/www.contramar.org\/index.php\/producto\/la-luz-del-malabar\/#primaryimage"},"image":{"@id":"https:\/\/www.contramar.org\/index.php\/producto\/la-luz-del-malabar\/#primaryimage"},"thumbnailUrl":"https:\/\/www.contramar.org\/wp-content\/uploads\/2023\/04\/tapa-01-01.jpg","datePublished":"2023-04-28T16:13:02+00:00","dateModified":"2026-01-26T19:46:44+00:00","breadcrumb":{"@id":"https:\/\/www.contramar.org\/index.php\/producto\/la-luz-del-malabar\/#breadcrumb"},"inLanguage":"es-AR","potentialAction":[{"@type":"ReadAction","target":["https:\/\/www.contramar.org\/index.php\/producto\/la-luz-del-malabar\/"]}]},{"@type":"ImageObject","inLanguage":"es-AR","@id":"https:\/\/www.contramar.org\/index.php\/producto\/la-luz-del-malabar\/#primaryimage","url":"https:\/\/www.contramar.org\/wp-content\/uploads\/2023\/04\/tapa-01-01.jpg","contentUrl":"https:\/\/www.contramar.org\/wp-content\/uploads\/2023\/04\/tapa-01-01.jpg","width":796,"height":1218},{"@type":"BreadcrumbList","@id":"https:\/\/www.contramar.org\/index.php\/producto\/la-luz-del-malabar\/#breadcrumb","itemListElement":[{"@type":"ListItem","position":1,"name":"Inicio","item":"https:\/\/www.contramar.org\/"},{"@type":"ListItem","position":2,"name":"Libros","item":"https:\/\/www.contramar.org\/index.php\/comprar-online\/"},{"@type":"ListItem","position":3,"name":"La luz del malabar"}]},{"@type":"WebSite","@id":"https:\/\/www.contramar.org\/#website","url":"https:\/\/www.contramar.org\/","name":"Contramar Editora","description":"Literatura independiente y federal","publisher":{"@id":"https:\/\/www.contramar.org\/#organization"},"alternateName":"Contramar Editora","potentialAction":[{"@type":"SearchAction","target":{"@type":"EntryPoint","urlTemplate":"https:\/\/www.contramar.org\/?s={search_term_string}"},"query-input":{"@type":"PropertyValueSpecification","valueRequired":true,"valueName":"search_term_string"}}],"inLanguage":"es-AR"},{"@type":"Organization","@id":"https:\/\/www.contramar.org\/#organization","name":"Contramar Editora","url":"https:\/\/www.contramar.org\/","logo":{"@type":"ImageObject","inLanguage":"es-AR","@id":"https:\/\/www.contramar.org\/#\/schema\/logo\/image\/","url":"https:\/\/www.contramar.org\/wp-content\/uploads\/2022\/05\/logo-completo-04.png","contentUrl":"https:\/\/www.contramar.org\/wp-content\/uploads\/2022\/05\/logo-completo-04.png","width":3451,"height":3482,"caption":"Contramar Editora"},"image":{"@id":"https:\/\/www.contramar.org\/#\/schema\/logo\/image\/"},"sameAs":["https:\/\/www.facebook.com\/ContramarEditora","https:\/\/x.com\/ContramarEdito1","https:\/\/www.instagram.com\/contramar_editora\/","https:\/\/www.youtube.com\/@contramareditora8860"]}]}},"blog_post_layout_featured_media_urls":{"thumbnail":["https:\/\/www.contramar.org\/wp-content\/uploads\/2023\/04\/tapa-01-01-150x150.jpg",150,150,true],"full":["https:\/\/www.contramar.org\/wp-content\/uploads\/2023\/04\/tapa-01-01.jpg",796,1218,false]},"categories":null,"categories_names":null,"comments_number":"0","_links":{"self":[{"href":"https:\/\/www.contramar.org\/index.php\/wp-json\/wp\/v2\/product\/3305","targetHints":{"allow":["GET"]}}],"collection":[{"href":"https:\/\/www.contramar.org\/index.php\/wp-json\/wp\/v2\/product"}],"about":[{"href":"https:\/\/www.contramar.org\/index.php\/wp-json\/wp\/v2\/types\/product"}],"wp:featuredmedia":[{"embeddable":true,"href":"https:\/\/www.contramar.org\/index.php\/wp-json\/wp\/v2\/media\/3307"}],"wp:attachment":[{"href":"https:\/\/www.contramar.org\/index.php\/wp-json\/wp\/v2\/media?parent=3305"}],"wp:term":[{"taxonomy":"product_brand","embeddable":true,"href":"https:\/\/www.contramar.org\/index.php\/wp-json\/wp\/v2\/product_brand?post=3305"},{"taxonomy":"product_cat","embeddable":true,"href":"https:\/\/www.contramar.org\/index.php\/wp-json\/wp\/v2\/product_cat?post=3305"},{"taxonomy":"product_tag","embeddable":true,"href":"https:\/\/www.contramar.org\/index.php\/wp-json\/wp\/v2\/product_tag?post=3305"}],"curies":[{"name":"wp","href":"https:\/\/api.w.org\/{rel}","templated":true}]}}