{"id":2393,"date":"2022-02-10T21:08:50","date_gmt":"2022-02-11T00:08:50","guid":{"rendered":"https:\/\/www.contramar.org\/?post_type=product&#038;p=2393"},"modified":"2026-01-26T16:47:23","modified_gmt":"2026-01-26T19:47:23","slug":"nadaquecorte","status":"publish","type":"product","link":"https:\/\/www.contramar.org\/index.php\/producto\/nadaquecorte\/","title":{"rendered":"Nada que corte"},"content":{"rendered":"<p>Aprovech\u00e1 la preventa de <strong><em>Nada que corte<\/em><\/strong>, hasta el viernes 18 de febrero<strong><em>.\u00a0<\/em><\/strong><\/p>\n<p>ENV\u00cdOS EN CABA: Con cadeter\u00eda.<\/p>\n<p>ENV\u00cdOS FUERA DE CABA: te enviamos el pedido por correo Andreani. \u00a1Consult\u00e1 nuestros <a href=\"https:\/\/www.contramar.org\/index.php\/puntos-de-venta\/\">Puntos de Venta<\/a> en todo el pa\u00eds!<\/p>\n<p>Nos comunicamos a trav\u00e9s de <a href=\"mailto:info@contramar.org\">info@contramar.org<\/a> o por WhatsApp: +54 9 11 64728116. Revis\u00e1 tu spam!<\/p>\n<p>Gracias por apoyar los libros independientes.<\/p>\n","protected":false},"excerpt":{"rendered":"<p><strong><span style=\"color: #993366;\">Gloria Vaccarezza<\/span><\/p>\n<p><\/strong><\/p>\n<p><strong>COLECCI\u00d3N<\/strong>: NARRATIVA ||<strong>\u00a0ISBN<\/strong>: 978-987-47628-5-6 || <strong>P\u00c1GINAS<\/strong>: 176<\/p>\n<hr \/>\n<p>\u201cUna novela cruda en la que se manifiesta la maquinaria laboral moderna, las cuestiones pendientes y el amor l\u00edquido.\u201d<\/p>\n<p><strong>LUIS MEY<\/strong><\/p>\n<p>*<\/p>\n<p>\u201cCon dieciocho a\u00f1os y un atado de cigarrillos \u00e9ramos imparables\u201d dice Vaccarezza, y pone a rodar ficci\u00f3n y registro personal como un conjuro de la mirada contempor\u00e1nea.<\/p>\n<p>En <em><strong>Nada que corte<\/strong><\/em> entramos a dos mundos: los d\u00edas sin noche de una productora de m\u00f3viles exteriores para televisi\u00f3n, y, a la vez, al hospital psiqui\u00e1trico. Dos polos que, en principio, no se tocan. El relato de D\u00e9bora, protagonista de la historia, nos lleva, sin embargo, de uno al otro como si recorri\u00e9ramos un anillo de Moebius que ata locura y raz\u00f3n.<\/p>\n<p>&nbsp;<\/p>\n<p>&nbsp;<\/p>\n<hr \/>\n<p><span style=\"color: #993366;\"><strong>BIO<\/strong><\/span><\/p>\n<p>Gloria Vaccarezza naci\u00f3 en Buenos Aires en 1978. Estudi\u00f3 Comunicaci\u00f3n Social en la Universidad de Buenos Aires. Es redactora, creadora de contenidos y productora. <em>Nada que corte<\/em> es su primera novela.<\/p>\n","protected":false},"featured_media":2397,"template":"","meta":{"ocean_post_layout":"","ocean_both_sidebars_style":"","ocean_both_sidebars_content_width":0,"ocean_both_sidebars_sidebars_width":0,"ocean_sidebar":"","ocean_second_sidebar":"","ocean_disable_margins":"enable","ocean_add_body_class":"","ocean_shortcode_before_top_bar":"","ocean_shortcode_after_top_bar":"","ocean_shortcode_before_header":"","ocean_shortcode_after_header":"","ocean_has_shortcode":"","ocean_shortcode_after_title":"","ocean_shortcode_before_footer_widgets":"","ocean_shortcode_after_footer_widgets":"","ocean_shortcode_before_footer_bottom":"","ocean_shortcode_after_footer_bottom":"","ocean_display_top_bar":"default","ocean_display_header":"default","ocean_header_style":"","ocean_center_header_left_menu":"","ocean_custom_header_template":"","ocean_custom_logo":0,"ocean_custom_retina_logo":0,"ocean_custom_logo_max_width":0,"ocean_custom_logo_tablet_max_width":0,"ocean_custom_logo_mobile_max_width":0,"ocean_custom_logo_max_height":0,"ocean_custom_logo_tablet_max_height":0,"ocean_custom_logo_mobile_max_height":0,"ocean_header_custom_menu":"","ocean_menu_typo_font_family":"","ocean_menu_typo_font_subset":"","ocean_menu_typo_font_size":0,"ocean_menu_typo_font_size_tablet":0,"ocean_menu_typo_font_size_mobile":0,"ocean_menu_typo_font_size_unit":"px","ocean_menu_typo_font_weight":"","ocean_menu_typo_font_weight_tablet":"","ocean_menu_typo_font_weight_mobile":"","ocean_menu_typo_transform":"","ocean_menu_typo_transform_tablet":"","ocean_menu_typo_transform_mobile":"","ocean_menu_typo_line_height":0,"ocean_menu_typo_line_height_tablet":0,"ocean_menu_typo_line_height_mobile":0,"ocean_menu_typo_line_height_unit":"","ocean_menu_typo_spacing":0,"ocean_menu_typo_spacing_tablet":0,"ocean_menu_typo_spacing_mobile":0,"ocean_menu_typo_spacing_unit":"","ocean_menu_link_color":"","ocean_menu_link_color_hover":"","ocean_menu_link_color_active":"","ocean_menu_link_background":"","ocean_menu_link_hover_background":"","ocean_menu_link_active_background":"","ocean_menu_social_links_bg":"","ocean_menu_social_hover_links_bg":"","ocean_menu_social_links_color":"","ocean_menu_social_hover_links_color":"","ocean_disable_title":"default","ocean_disable_heading":"default","ocean_post_title":"","ocean_post_subheading":"","ocean_post_title_style":"","ocean_post_title_background_color":"","ocean_post_title_background":0,"ocean_post_title_bg_image_position":"","ocean_post_title_bg_image_attachment":"","ocean_post_title_bg_image_repeat":"","ocean_post_title_bg_image_size":"","ocean_post_title_height":0,"ocean_post_title_bg_overlay":0.5,"ocean_post_title_bg_overlay_color":"","ocean_disable_breadcrumbs":"default","ocean_breadcrumbs_color":"","ocean_breadcrumbs_separator_color":"","ocean_breadcrumbs_links_color":"","ocean_breadcrumbs_links_hover_color":"","ocean_display_footer_widgets":"default","ocean_display_footer_bottom":"default","ocean_custom_footer_template":"","_joinchat":[]},"product_brand":[],"product_cat":[113,48],"product_tag":[38,72,77],"class_list":{"0":"post-2393","1":"product","2":"type-product","3":"status-publish","4":"has-post-thumbnail","6":"product_cat-gloria-vaccarezza","7":"product_cat-narrativa","8":"product_tag-narrativa","9":"product_tag-novela","10":"product_tag-vaccarezza","11":"product_shipping_class-coordinar","13":"entry","14":"has-media","16":"first","17":"instock","18":"shipping-taxable","19":"purchasable","20":"product-type-simple","21":"col","22":"span_1_of_3","23":"owp-content-center","24":"owp-thumbs-layout-horizontal","25":"owp-btn-normal","26":"owp-tabs-layout-horizontal"},"yoast_head":"<!-- This site is optimized with the Yoast SEO plugin v27.3 - https:\/\/yoast.com\/product\/yoast-seo-wordpress\/ -->\n<title>Nada que corte | Contramar Editora<\/title>\n<meta name=\"robots\" content=\"index, follow, max-snippet:-1, max-image-preview:large, max-video-preview:-1\" \/>\n<link rel=\"canonical\" href=\"https:\/\/www.contramar.org\/index.php\/producto\/nadaquecorte\/\" \/>\n<meta property=\"og:locale\" content=\"es_ES\" \/>\n<meta property=\"og:type\" content=\"article\" \/>\n<meta property=\"og:title\" content=\"Nada que corte | Contramar Editora\" \/>\n<meta property=\"og:description\" content=\"Gloria Vaccarezza   COLECCI\u00d3N: NARRATIVA ||\u00a0ISBN: 978-987-47628-5-6 || P\u00c1GINAS: 176    \u201cUna novela cruda en la que se manifiesta la maquinaria laboral moderna, las cuestiones pendientes y el amor l\u00edquido.\u201d  LUIS MEY  *  \u201cCon dieciocho a\u00f1os y un atado de cigarrillos \u00e9ramos imparables\u201d dice Vaccarezza, y pone a rodar ficci\u00f3n y registro personal como un conjuro de la mirada contempor\u00e1nea.  En Nada que corte entramos a dos mundos: los d\u00edas sin noche de una productora de m\u00f3viles exteriores para televisi\u00f3n, y, a la vez, al hospital psiqui\u00e1trico. Dos polos que, en principio, no se tocan. El relato de D\u00e9bora, protagonista de la historia, nos lleva, sin embargo, de uno al otro como si recorri\u00e9ramos un anillo de Moebius que ata locura y raz\u00f3n.  &nbsp;  &nbsp;    BIO  Gloria Vaccarezza naci\u00f3 en Buenos Aires en 1978. Estudi\u00f3 Comunicaci\u00f3n Social en la Universidad de Buenos Aires. Es redactora, creadora de contenidos y productora. Nada que corte es su primera novela.\" \/>\n<meta property=\"og:url\" content=\"https:\/\/www.contramar.org\/index.php\/producto\/nadaquecorte\/\" \/>\n<meta property=\"og:site_name\" content=\"Contramar Editora\" \/>\n<meta property=\"article:publisher\" content=\"https:\/\/www.facebook.com\/ContramarEditora\" \/>\n<meta property=\"article:modified_time\" content=\"2026-01-26T19:47:23+00:00\" \/>\n<meta property=\"og:image\" content=\"https:\/\/www.contramar.org\/wp-content\/uploads\/2022\/02\/tapa-2-nqc-01.jpg\" \/>\n\t<meta property=\"og:image:width\" content=\"769\" \/>\n\t<meta property=\"og:image:height\" content=\"1182\" \/>\n\t<meta property=\"og:image:type\" content=\"image\/jpeg\" \/>\n<meta name=\"twitter:card\" content=\"summary_large_image\" \/>\n<meta name=\"twitter:site\" content=\"@ContramarEdito1\" \/>\n<script type=\"application\/ld+json\" class=\"yoast-schema-graph\">{\"@context\":\"https:\\\/\\\/schema.org\",\"@graph\":[{\"@type\":\"WebPage\",\"@id\":\"https:\\\/\\\/www.contramar.org\\\/index.php\\\/producto\\\/nadaquecorte\\\/\",\"url\":\"https:\\\/\\\/www.contramar.org\\\/index.php\\\/producto\\\/nadaquecorte\\\/\",\"name\":\"Nada que corte | Contramar Editora\",\"isPartOf\":{\"@id\":\"https:\\\/\\\/www.contramar.org\\\/#website\"},\"primaryImageOfPage\":{\"@id\":\"https:\\\/\\\/www.contramar.org\\\/index.php\\\/producto\\\/nadaquecorte\\\/#primaryimage\"},\"image\":{\"@id\":\"https:\\\/\\\/www.contramar.org\\\/index.php\\\/producto\\\/nadaquecorte\\\/#primaryimage\"},\"thumbnailUrl\":\"https:\\\/\\\/www.contramar.org\\\/wp-content\\\/uploads\\\/2022\\\/02\\\/tapa-2-nqc-01.jpg\",\"datePublished\":\"2022-02-11T00:08:50+00:00\",\"dateModified\":\"2026-01-26T19:47:23+00:00\",\"breadcrumb\":{\"@id\":\"https:\\\/\\\/www.contramar.org\\\/index.php\\\/producto\\\/nadaquecorte\\\/#breadcrumb\"},\"inLanguage\":\"es-AR\",\"potentialAction\":[{\"@type\":\"ReadAction\",\"target\":[\"https:\\\/\\\/www.contramar.org\\\/index.php\\\/producto\\\/nadaquecorte\\\/\"]}]},{\"@type\":\"ImageObject\",\"inLanguage\":\"es-AR\",\"@id\":\"https:\\\/\\\/www.contramar.org\\\/index.php\\\/producto\\\/nadaquecorte\\\/#primaryimage\",\"url\":\"https:\\\/\\\/www.contramar.org\\\/wp-content\\\/uploads\\\/2022\\\/02\\\/tapa-2-nqc-01.jpg\",\"contentUrl\":\"https:\\\/\\\/www.contramar.org\\\/wp-content\\\/uploads\\\/2022\\\/02\\\/tapa-2-nqc-01.jpg\",\"width\":769,\"height\":1182},{\"@type\":\"BreadcrumbList\",\"@id\":\"https:\\\/\\\/www.contramar.org\\\/index.php\\\/producto\\\/nadaquecorte\\\/#breadcrumb\",\"itemListElement\":[{\"@type\":\"ListItem\",\"position\":1,\"name\":\"Inicio\",\"item\":\"https:\\\/\\\/www.contramar.org\\\/\"},{\"@type\":\"ListItem\",\"position\":2,\"name\":\"Libros\",\"item\":\"https:\\\/\\\/www.contramar.org\\\/index.php\\\/comprar-online\\\/\"},{\"@type\":\"ListItem\",\"position\":3,\"name\":\"Nada que corte\"}]},{\"@type\":\"WebSite\",\"@id\":\"https:\\\/\\\/www.contramar.org\\\/#website\",\"url\":\"https:\\\/\\\/www.contramar.org\\\/\",\"name\":\"Contramar Editora\",\"description\":\"Literatura independiente y federal\",\"publisher\":{\"@id\":\"https:\\\/\\\/www.contramar.org\\\/#organization\"},\"alternateName\":\"Contramar Editora\",\"potentialAction\":[{\"@type\":\"SearchAction\",\"target\":{\"@type\":\"EntryPoint\",\"urlTemplate\":\"https:\\\/\\\/www.contramar.org\\\/?s={search_term_string}\"},\"query-input\":{\"@type\":\"PropertyValueSpecification\",\"valueRequired\":true,\"valueName\":\"search_term_string\"}}],\"inLanguage\":\"es-AR\"},{\"@type\":\"Organization\",\"@id\":\"https:\\\/\\\/www.contramar.org\\\/#organization\",\"name\":\"Contramar Editora\",\"url\":\"https:\\\/\\\/www.contramar.org\\\/\",\"logo\":{\"@type\":\"ImageObject\",\"inLanguage\":\"es-AR\",\"@id\":\"https:\\\/\\\/www.contramar.org\\\/#\\\/schema\\\/logo\\\/image\\\/\",\"url\":\"https:\\\/\\\/www.contramar.org\\\/wp-content\\\/uploads\\\/2022\\\/05\\\/logo-completo-04.png\",\"contentUrl\":\"https:\\\/\\\/www.contramar.org\\\/wp-content\\\/uploads\\\/2022\\\/05\\\/logo-completo-04.png\",\"width\":3451,\"height\":3482,\"caption\":\"Contramar Editora\"},\"image\":{\"@id\":\"https:\\\/\\\/www.contramar.org\\\/#\\\/schema\\\/logo\\\/image\\\/\"},\"sameAs\":[\"https:\\\/\\\/www.facebook.com\\\/ContramarEditora\",\"https:\\\/\\\/x.com\\\/ContramarEdito1\",\"https:\\\/\\\/www.instagram.com\\\/contramar_editora\\\/\",\"https:\\\/\\\/www.youtube.com\\\/@contramareditora8860\"]}]}<\/script>\n<!-- \/ Yoast SEO plugin. -->","yoast_head_json":{"title":"Nada que corte | Contramar Editora","robots":{"index":"index","follow":"follow","max-snippet":"max-snippet:-1","max-image-preview":"max-image-preview:large","max-video-preview":"max-video-preview:-1"},"canonical":"https:\/\/www.contramar.org\/index.php\/producto\/nadaquecorte\/","og_locale":"es_ES","og_type":"article","og_title":"Nada que corte | Contramar Editora","og_description":"Gloria Vaccarezza   COLECCI\u00d3N: NARRATIVA ||\u00a0ISBN: 978-987-47628-5-6 || P\u00c1GINAS: 176    \u201cUna novela cruda en la que se manifiesta la maquinaria laboral moderna, las cuestiones pendientes y el amor l\u00edquido.\u201d  LUIS MEY  *  \u201cCon dieciocho a\u00f1os y un atado de cigarrillos \u00e9ramos imparables\u201d dice Vaccarezza, y pone a rodar ficci\u00f3n y registro personal como un conjuro de la mirada contempor\u00e1nea.  En Nada que corte entramos a dos mundos: los d\u00edas sin noche de una productora de m\u00f3viles exteriores para televisi\u00f3n, y, a la vez, al hospital psiqui\u00e1trico. Dos polos que, en principio, no se tocan. El relato de D\u00e9bora, protagonista de la historia, nos lleva, sin embargo, de uno al otro como si recorri\u00e9ramos un anillo de Moebius que ata locura y raz\u00f3n.  &nbsp;  &nbsp;    BIO  Gloria Vaccarezza naci\u00f3 en Buenos Aires en 1978. Estudi\u00f3 Comunicaci\u00f3n Social en la Universidad de Buenos Aires. Es redactora, creadora de contenidos y productora. Nada que corte es su primera novela.","og_url":"https:\/\/www.contramar.org\/index.php\/producto\/nadaquecorte\/","og_site_name":"Contramar Editora","article_publisher":"https:\/\/www.facebook.com\/ContramarEditora","article_modified_time":"2026-01-26T19:47:23+00:00","og_image":[{"width":769,"height":1182,"url":"https:\/\/www.contramar.org\/wp-content\/uploads\/2022\/02\/tapa-2-nqc-01.jpg","type":"image\/jpeg"}],"twitter_card":"summary_large_image","twitter_site":"@ContramarEdito1","schema":{"@context":"https:\/\/schema.org","@graph":[{"@type":"WebPage","@id":"https:\/\/www.contramar.org\/index.php\/producto\/nadaquecorte\/","url":"https:\/\/www.contramar.org\/index.php\/producto\/nadaquecorte\/","name":"Nada que corte | Contramar Editora","isPartOf":{"@id":"https:\/\/www.contramar.org\/#website"},"primaryImageOfPage":{"@id":"https:\/\/www.contramar.org\/index.php\/producto\/nadaquecorte\/#primaryimage"},"image":{"@id":"https:\/\/www.contramar.org\/index.php\/producto\/nadaquecorte\/#primaryimage"},"thumbnailUrl":"https:\/\/www.contramar.org\/wp-content\/uploads\/2022\/02\/tapa-2-nqc-01.jpg","datePublished":"2022-02-11T00:08:50+00:00","dateModified":"2026-01-26T19:47:23+00:00","breadcrumb":{"@id":"https:\/\/www.contramar.org\/index.php\/producto\/nadaquecorte\/#breadcrumb"},"inLanguage":"es-AR","potentialAction":[{"@type":"ReadAction","target":["https:\/\/www.contramar.org\/index.php\/producto\/nadaquecorte\/"]}]},{"@type":"ImageObject","inLanguage":"es-AR","@id":"https:\/\/www.contramar.org\/index.php\/producto\/nadaquecorte\/#primaryimage","url":"https:\/\/www.contramar.org\/wp-content\/uploads\/2022\/02\/tapa-2-nqc-01.jpg","contentUrl":"https:\/\/www.contramar.org\/wp-content\/uploads\/2022\/02\/tapa-2-nqc-01.jpg","width":769,"height":1182},{"@type":"BreadcrumbList","@id":"https:\/\/www.contramar.org\/index.php\/producto\/nadaquecorte\/#breadcrumb","itemListElement":[{"@type":"ListItem","position":1,"name":"Inicio","item":"https:\/\/www.contramar.org\/"},{"@type":"ListItem","position":2,"name":"Libros","item":"https:\/\/www.contramar.org\/index.php\/comprar-online\/"},{"@type":"ListItem","position":3,"name":"Nada que corte"}]},{"@type":"WebSite","@id":"https:\/\/www.contramar.org\/#website","url":"https:\/\/www.contramar.org\/","name":"Contramar Editora","description":"Literatura independiente y federal","publisher":{"@id":"https:\/\/www.contramar.org\/#organization"},"alternateName":"Contramar Editora","potentialAction":[{"@type":"SearchAction","target":{"@type":"EntryPoint","urlTemplate":"https:\/\/www.contramar.org\/?s={search_term_string}"},"query-input":{"@type":"PropertyValueSpecification","valueRequired":true,"valueName":"search_term_string"}}],"inLanguage":"es-AR"},{"@type":"Organization","@id":"https:\/\/www.contramar.org\/#organization","name":"Contramar Editora","url":"https:\/\/www.contramar.org\/","logo":{"@type":"ImageObject","inLanguage":"es-AR","@id":"https:\/\/www.contramar.org\/#\/schema\/logo\/image\/","url":"https:\/\/www.contramar.org\/wp-content\/uploads\/2022\/05\/logo-completo-04.png","contentUrl":"https:\/\/www.contramar.org\/wp-content\/uploads\/2022\/05\/logo-completo-04.png","width":3451,"height":3482,"caption":"Contramar Editora"},"image":{"@id":"https:\/\/www.contramar.org\/#\/schema\/logo\/image\/"},"sameAs":["https:\/\/www.facebook.com\/ContramarEditora","https:\/\/x.com\/ContramarEdito1","https:\/\/www.instagram.com\/contramar_editora\/","https:\/\/www.youtube.com\/@contramareditora8860"]}]}},"blog_post_layout_featured_media_urls":{"thumbnail":["https:\/\/www.contramar.org\/wp-content\/uploads\/2022\/02\/tapa-2-nqc-01-150x150.jpg",150,150,true],"full":["https:\/\/www.contramar.org\/wp-content\/uploads\/2022\/02\/tapa-2-nqc-01.jpg",769,1182,false]},"categories":null,"categories_names":null,"comments_number":"0","_links":{"self":[{"href":"https:\/\/www.contramar.org\/index.php\/wp-json\/wp\/v2\/product\/2393","targetHints":{"allow":["GET"]}}],"collection":[{"href":"https:\/\/www.contramar.org\/index.php\/wp-json\/wp\/v2\/product"}],"about":[{"href":"https:\/\/www.contramar.org\/index.php\/wp-json\/wp\/v2\/types\/product"}],"wp:featuredmedia":[{"embeddable":true,"href":"https:\/\/www.contramar.org\/index.php\/wp-json\/wp\/v2\/media\/2397"}],"wp:attachment":[{"href":"https:\/\/www.contramar.org\/index.php\/wp-json\/wp\/v2\/media?parent=2393"}],"wp:term":[{"taxonomy":"product_brand","embeddable":true,"href":"https:\/\/www.contramar.org\/index.php\/wp-json\/wp\/v2\/product_brand?post=2393"},{"taxonomy":"product_cat","embeddable":true,"href":"https:\/\/www.contramar.org\/index.php\/wp-json\/wp\/v2\/product_cat?post=2393"},{"taxonomy":"product_tag","embeddable":true,"href":"https:\/\/www.contramar.org\/index.php\/wp-json\/wp\/v2\/product_tag?post=2393"}],"curies":[{"name":"wp","href":"https:\/\/api.w.org\/{rel}","templated":true}]}}