{"id":2293,"date":"2021-09-28T00:26:47","date_gmt":"2021-09-28T03:26:47","guid":{"rendered":"https:\/\/www.contramar.org\/?post_type=product&#038;p=2293"},"modified":"2026-01-26T16:47:32","modified_gmt":"2026-01-26T19:47:32","slug":"supernova","status":"publish","type":"product","link":"https:\/\/www.contramar.org\/index.php\/producto\/supernova\/","title":{"rendered":"Supernova"},"content":{"rendered":"<p>Adquir\u00ed <strong><em>Supernova.\u00a0<\/em><\/strong>Seleccion\u00e1 el medio de pago que prefieras.<\/p>\n<p>ENV\u00cdOS EN CABA: Con cadeter\u00eda.<\/p>\n<p>ENV\u00cdOS FUERA DE CABA: te enviamos el pedido por correo Andreani. \u00a1Consult\u00e1 nuestros <a href=\"https:\/\/www.contramar.org\/index.php\/puntos-de-venta\/\">Puntos de Venta<\/a> en todo el pa\u00eds!<\/p>\n<p>Nos comunicamos a trav\u00e9s de <a href=\"mailto:info@contramar.org\">info@contramar.org<\/a> o por WhatsApp: +54 9 11 64728116<\/p>\n<p>Gracias por apoyar los libros independientes.<\/p>\n<p>&nbsp;<\/p>\n","protected":false},"excerpt":{"rendered":"<p><span style=\"color: #993366;\"><strong>Diego Oddo<\/strong><\/span><\/p>\n<p><strong>COLECCI\u00d3N<\/strong>: NARRATIVA ||<strong>\u00a0ISBN<\/strong>: 978-987-47628-4-9 || <strong>P\u00c1GINAS<\/strong>: 200<\/p>\n<hr \/>\n<p>A principios de los a\u00f1os 2000, dos j\u00f3venes dj\u2019s de Santa Fe montan una empresa inspirados en el fen\u00f3meno de la supernova: el momento en que una estrella gigante explota y llega al final de su vida, siendo, al mismo tiempo, su momento de m\u00e1ximo fulgor y belleza.<\/p>\n<p>Ivo, protagonista y narrador de esta historia, es el centro de un sistema familiar en constante tensi\u00f3n que amenaza a cada paso con destruirse a s\u00ed mismo. Mirco, su amigo y socio, es un planeta errante que busca expandir el sistema m\u00e1s all\u00e1 de los l\u00edmites explorados. En el medio, una constelaci\u00f3n de personajes de todo tipo transitan sus vidas entre Santa Fe y Paran\u00e1, a trav\u00e9s de ese agujero negro al que se asemeja el t\u00fanel subfluvial.<\/p>\n<p>En <strong><em>Supernova<\/em><\/strong>, con un lenguaje directo y sutil, Diego Oddo nos introduce en una galaxia tan oscura como luminosa, bella y fatal, pero por sobre todas las cosas, profundamente humana.<\/p>\n<p><strong>Mat\u00edas Amoedo<\/strong><\/p>\n<p>&nbsp;<\/p>\n<hr \/>\n<p><strong><span style=\"color: #993366;\">BIO<\/span><\/strong><\/p>\n<p>Diego Oddo (1983) naci\u00f3 en Santa Fe. Public\u00f3 el poemario\u00a0<em>El cielo (<del>no<\/del>) existe<\/em> (Corteza Ediciones, 2015), y el libro de cuentos La rutina de las m\u00e1quinas (Contramar Editora, 2019).<\/p>\n","protected":false},"featured_media":2294,"template":"","meta":{"ocean_post_layout":"","ocean_both_sidebars_style":"","ocean_both_sidebars_content_width":0,"ocean_both_sidebars_sidebars_width":0,"ocean_sidebar":"","ocean_second_sidebar":"","ocean_disable_margins":"enable","ocean_add_body_class":"","ocean_shortcode_before_top_bar":"","ocean_shortcode_after_top_bar":"","ocean_shortcode_before_header":"","ocean_shortcode_after_header":"","ocean_has_shortcode":"","ocean_shortcode_after_title":"","ocean_shortcode_before_footer_widgets":"","ocean_shortcode_after_footer_widgets":"","ocean_shortcode_before_footer_bottom":"","ocean_shortcode_after_footer_bottom":"","ocean_display_top_bar":"default","ocean_display_header":"default","ocean_header_style":"","ocean_center_header_left_menu":"","ocean_custom_header_template":"","ocean_custom_logo":0,"ocean_custom_retina_logo":0,"ocean_custom_logo_max_width":0,"ocean_custom_logo_tablet_max_width":0,"ocean_custom_logo_mobile_max_width":0,"ocean_custom_logo_max_height":0,"ocean_custom_logo_tablet_max_height":0,"ocean_custom_logo_mobile_max_height":0,"ocean_header_custom_menu":"","ocean_menu_typo_font_family":"","ocean_menu_typo_font_subset":"","ocean_menu_typo_font_size":0,"ocean_menu_typo_font_size_tablet":0,"ocean_menu_typo_font_size_mobile":0,"ocean_menu_typo_font_size_unit":"px","ocean_menu_typo_font_weight":"","ocean_menu_typo_font_weight_tablet":"","ocean_menu_typo_font_weight_mobile":"","ocean_menu_typo_transform":"","ocean_menu_typo_transform_tablet":"","ocean_menu_typo_transform_mobile":"","ocean_menu_typo_line_height":0,"ocean_menu_typo_line_height_tablet":0,"ocean_menu_typo_line_height_mobile":0,"ocean_menu_typo_line_height_unit":"","ocean_menu_typo_spacing":0,"ocean_menu_typo_spacing_tablet":0,"ocean_menu_typo_spacing_mobile":0,"ocean_menu_typo_spacing_unit":"","ocean_menu_link_color":"","ocean_menu_link_color_hover":"","ocean_menu_link_color_active":"","ocean_menu_link_background":"","ocean_menu_link_hover_background":"","ocean_menu_link_active_background":"","ocean_menu_social_links_bg":"","ocean_menu_social_hover_links_bg":"","ocean_menu_social_links_color":"","ocean_menu_social_hover_links_color":"","ocean_disable_title":"default","ocean_disable_heading":"default","ocean_post_title":"","ocean_post_subheading":"","ocean_post_title_style":"","ocean_post_title_background_color":"","ocean_post_title_background":0,"ocean_post_title_bg_image_position":"","ocean_post_title_bg_image_attachment":"","ocean_post_title_bg_image_repeat":"","ocean_post_title_bg_image_size":"","ocean_post_title_height":0,"ocean_post_title_bg_overlay":0.5,"ocean_post_title_bg_overlay_color":"","ocean_disable_breadcrumbs":"default","ocean_breadcrumbs_color":"","ocean_breadcrumbs_separator_color":"","ocean_breadcrumbs_links_color":"","ocean_breadcrumbs_links_hover_color":"","ocean_display_footer_widgets":"default","ocean_display_footer_bottom":"default","ocean_custom_footer_template":"","_joinchat":[]},"product_brand":[],"product_cat":[112,48],"product_tag":[38,72,71],"class_list":{"0":"post-2293","1":"product","2":"type-product","3":"status-publish","4":"has-post-thumbnail","6":"product_cat-diego-oddo","7":"product_cat-narrativa","8":"product_tag-narrativa","9":"product_tag-novela","10":"product_tag-oddo","11":"product_shipping_class-coordinar","13":"entry","14":"has-media","16":"first","17":"instock","18":"shipping-taxable","19":"purchasable","20":"product-type-simple","21":"col","22":"span_1_of_3","23":"owp-content-center","24":"owp-thumbs-layout-horizontal","25":"owp-btn-normal","26":"owp-tabs-layout-horizontal"},"yoast_head":"<!-- This site is optimized with the Yoast SEO plugin v27.3 - https:\/\/yoast.com\/product\/yoast-seo-wordpress\/ -->\n<title>Supernova | Contramar Editora<\/title>\n<meta name=\"robots\" content=\"index, follow, max-snippet:-1, max-image-preview:large, max-video-preview:-1\" \/>\n<link rel=\"canonical\" href=\"https:\/\/www.contramar.org\/index.php\/producto\/supernova\/\" \/>\n<meta property=\"og:locale\" content=\"es_ES\" \/>\n<meta property=\"og:type\" content=\"article\" \/>\n<meta property=\"og:title\" content=\"Supernova | Contramar Editora\" \/>\n<meta property=\"og:description\" content=\"Diego Oddo  COLECCI\u00d3N: NARRATIVA ||\u00a0ISBN: 978-987-47628-4-9 || P\u00c1GINAS: 200    A principios de los a\u00f1os 2000, dos j\u00f3venes dj\u2019s de Santa Fe montan una empresa inspirados en el fen\u00f3meno de la supernova: el momento en que una estrella gigante explota y llega al final de su vida, siendo, al mismo tiempo, su momento de m\u00e1ximo fulgor y belleza.  Ivo, protagonista y narrador de esta historia, es el centro de un sistema familiar en constante tensi\u00f3n que amenaza a cada paso con destruirse a s\u00ed mismo. Mirco, su amigo y socio, es un planeta errante que busca expandir el sistema m\u00e1s all\u00e1 de los l\u00edmites explorados. En el medio, una constelaci\u00f3n de personajes de todo tipo transitan sus vidas entre Santa Fe y Paran\u00e1, a trav\u00e9s de ese agujero negro al que se asemeja el t\u00fanel subfluvial.  En Supernova, con un lenguaje directo y sutil, Diego Oddo nos introduce en una galaxia tan oscura como luminosa, bella y fatal, pero por sobre todas las cosas, profundamente humana.  Mat\u00edas Amoedo  &nbsp;    BIO  Diego Oddo (1983) naci\u00f3 en Santa Fe. Public\u00f3 el poemario\u00a0El cielo (no) existe (Corteza Ediciones, 2015), y el libro de cuentos La rutina de las m\u00e1quinas (Contramar Editora, 2019).\" \/>\n<meta property=\"og:url\" content=\"https:\/\/www.contramar.org\/index.php\/producto\/supernova\/\" \/>\n<meta property=\"og:site_name\" content=\"Contramar Editora\" \/>\n<meta property=\"article:publisher\" content=\"https:\/\/www.facebook.com\/ContramarEditora\" \/>\n<meta property=\"article:modified_time\" content=\"2026-01-26T19:47:32+00:00\" \/>\n<meta property=\"og:image\" content=\"https:\/\/www.contramar.org\/wp-content\/uploads\/2021\/09\/tapa-01.jpg\" \/>\n\t<meta property=\"og:image:width\" content=\"769\" \/>\n\t<meta property=\"og:image:height\" content=\"1182\" \/>\n\t<meta property=\"og:image:type\" content=\"image\/jpeg\" \/>\n<meta name=\"twitter:card\" content=\"summary_large_image\" \/>\n<meta name=\"twitter:site\" content=\"@ContramarEdito1\" \/>\n<script type=\"application\/ld+json\" class=\"yoast-schema-graph\">{\"@context\":\"https:\\\/\\\/schema.org\",\"@graph\":[{\"@type\":\"WebPage\",\"@id\":\"https:\\\/\\\/www.contramar.org\\\/index.php\\\/producto\\\/supernova\\\/\",\"url\":\"https:\\\/\\\/www.contramar.org\\\/index.php\\\/producto\\\/supernova\\\/\",\"name\":\"Supernova | Contramar Editora\",\"isPartOf\":{\"@id\":\"https:\\\/\\\/www.contramar.org\\\/#website\"},\"primaryImageOfPage\":{\"@id\":\"https:\\\/\\\/www.contramar.org\\\/index.php\\\/producto\\\/supernova\\\/#primaryimage\"},\"image\":{\"@id\":\"https:\\\/\\\/www.contramar.org\\\/index.php\\\/producto\\\/supernova\\\/#primaryimage\"},\"thumbnailUrl\":\"https:\\\/\\\/www.contramar.org\\\/wp-content\\\/uploads\\\/2021\\\/09\\\/tapa-01.jpg\",\"datePublished\":\"2021-09-28T03:26:47+00:00\",\"dateModified\":\"2026-01-26T19:47:32+00:00\",\"breadcrumb\":{\"@id\":\"https:\\\/\\\/www.contramar.org\\\/index.php\\\/producto\\\/supernova\\\/#breadcrumb\"},\"inLanguage\":\"es-AR\",\"potentialAction\":[{\"@type\":\"ReadAction\",\"target\":[\"https:\\\/\\\/www.contramar.org\\\/index.php\\\/producto\\\/supernova\\\/\"]}]},{\"@type\":\"ImageObject\",\"inLanguage\":\"es-AR\",\"@id\":\"https:\\\/\\\/www.contramar.org\\\/index.php\\\/producto\\\/supernova\\\/#primaryimage\",\"url\":\"https:\\\/\\\/www.contramar.org\\\/wp-content\\\/uploads\\\/2021\\\/09\\\/tapa-01.jpg\",\"contentUrl\":\"https:\\\/\\\/www.contramar.org\\\/wp-content\\\/uploads\\\/2021\\\/09\\\/tapa-01.jpg\",\"width\":769,\"height\":1182},{\"@type\":\"BreadcrumbList\",\"@id\":\"https:\\\/\\\/www.contramar.org\\\/index.php\\\/producto\\\/supernova\\\/#breadcrumb\",\"itemListElement\":[{\"@type\":\"ListItem\",\"position\":1,\"name\":\"Inicio\",\"item\":\"https:\\\/\\\/www.contramar.org\\\/\"},{\"@type\":\"ListItem\",\"position\":2,\"name\":\"Libros\",\"item\":\"https:\\\/\\\/www.contramar.org\\\/index.php\\\/comprar-online\\\/\"},{\"@type\":\"ListItem\",\"position\":3,\"name\":\"Supernova\"}]},{\"@type\":\"WebSite\",\"@id\":\"https:\\\/\\\/www.contramar.org\\\/#website\",\"url\":\"https:\\\/\\\/www.contramar.org\\\/\",\"name\":\"Contramar Editora\",\"description\":\"Literatura independiente y federal\",\"publisher\":{\"@id\":\"https:\\\/\\\/www.contramar.org\\\/#organization\"},\"alternateName\":\"Contramar Editora\",\"potentialAction\":[{\"@type\":\"SearchAction\",\"target\":{\"@type\":\"EntryPoint\",\"urlTemplate\":\"https:\\\/\\\/www.contramar.org\\\/?s={search_term_string}\"},\"query-input\":{\"@type\":\"PropertyValueSpecification\",\"valueRequired\":true,\"valueName\":\"search_term_string\"}}],\"inLanguage\":\"es-AR\"},{\"@type\":\"Organization\",\"@id\":\"https:\\\/\\\/www.contramar.org\\\/#organization\",\"name\":\"Contramar Editora\",\"url\":\"https:\\\/\\\/www.contramar.org\\\/\",\"logo\":{\"@type\":\"ImageObject\",\"inLanguage\":\"es-AR\",\"@id\":\"https:\\\/\\\/www.contramar.org\\\/#\\\/schema\\\/logo\\\/image\\\/\",\"url\":\"https:\\\/\\\/www.contramar.org\\\/wp-content\\\/uploads\\\/2022\\\/05\\\/logo-completo-04.png\",\"contentUrl\":\"https:\\\/\\\/www.contramar.org\\\/wp-content\\\/uploads\\\/2022\\\/05\\\/logo-completo-04.png\",\"width\":3451,\"height\":3482,\"caption\":\"Contramar Editora\"},\"image\":{\"@id\":\"https:\\\/\\\/www.contramar.org\\\/#\\\/schema\\\/logo\\\/image\\\/\"},\"sameAs\":[\"https:\\\/\\\/www.facebook.com\\\/ContramarEditora\",\"https:\\\/\\\/x.com\\\/ContramarEdito1\",\"https:\\\/\\\/www.instagram.com\\\/contramar_editora\\\/\",\"https:\\\/\\\/www.youtube.com\\\/@contramareditora8860\"]}]}<\/script>\n<!-- \/ Yoast SEO plugin. -->","yoast_head_json":{"title":"Supernova | Contramar Editora","robots":{"index":"index","follow":"follow","max-snippet":"max-snippet:-1","max-image-preview":"max-image-preview:large","max-video-preview":"max-video-preview:-1"},"canonical":"https:\/\/www.contramar.org\/index.php\/producto\/supernova\/","og_locale":"es_ES","og_type":"article","og_title":"Supernova | Contramar Editora","og_description":"Diego Oddo  COLECCI\u00d3N: NARRATIVA ||\u00a0ISBN: 978-987-47628-4-9 || P\u00c1GINAS: 200    A principios de los a\u00f1os 2000, dos j\u00f3venes dj\u2019s de Santa Fe montan una empresa inspirados en el fen\u00f3meno de la supernova: el momento en que una estrella gigante explota y llega al final de su vida, siendo, al mismo tiempo, su momento de m\u00e1ximo fulgor y belleza.  Ivo, protagonista y narrador de esta historia, es el centro de un sistema familiar en constante tensi\u00f3n que amenaza a cada paso con destruirse a s\u00ed mismo. Mirco, su amigo y socio, es un planeta errante que busca expandir el sistema m\u00e1s all\u00e1 de los l\u00edmites explorados. En el medio, una constelaci\u00f3n de personajes de todo tipo transitan sus vidas entre Santa Fe y Paran\u00e1, a trav\u00e9s de ese agujero negro al que se asemeja el t\u00fanel subfluvial.  En Supernova, con un lenguaje directo y sutil, Diego Oddo nos introduce en una galaxia tan oscura como luminosa, bella y fatal, pero por sobre todas las cosas, profundamente humana.  Mat\u00edas Amoedo  &nbsp;    BIO  Diego Oddo (1983) naci\u00f3 en Santa Fe. Public\u00f3 el poemario\u00a0El cielo (no) existe (Corteza Ediciones, 2015), y el libro de cuentos La rutina de las m\u00e1quinas (Contramar Editora, 2019).","og_url":"https:\/\/www.contramar.org\/index.php\/producto\/supernova\/","og_site_name":"Contramar Editora","article_publisher":"https:\/\/www.facebook.com\/ContramarEditora","article_modified_time":"2026-01-26T19:47:32+00:00","og_image":[{"width":769,"height":1182,"url":"https:\/\/www.contramar.org\/wp-content\/uploads\/2021\/09\/tapa-01.jpg","type":"image\/jpeg"}],"twitter_card":"summary_large_image","twitter_site":"@ContramarEdito1","schema":{"@context":"https:\/\/schema.org","@graph":[{"@type":"WebPage","@id":"https:\/\/www.contramar.org\/index.php\/producto\/supernova\/","url":"https:\/\/www.contramar.org\/index.php\/producto\/supernova\/","name":"Supernova | Contramar Editora","isPartOf":{"@id":"https:\/\/www.contramar.org\/#website"},"primaryImageOfPage":{"@id":"https:\/\/www.contramar.org\/index.php\/producto\/supernova\/#primaryimage"},"image":{"@id":"https:\/\/www.contramar.org\/index.php\/producto\/supernova\/#primaryimage"},"thumbnailUrl":"https:\/\/www.contramar.org\/wp-content\/uploads\/2021\/09\/tapa-01.jpg","datePublished":"2021-09-28T03:26:47+00:00","dateModified":"2026-01-26T19:47:32+00:00","breadcrumb":{"@id":"https:\/\/www.contramar.org\/index.php\/producto\/supernova\/#breadcrumb"},"inLanguage":"es-AR","potentialAction":[{"@type":"ReadAction","target":["https:\/\/www.contramar.org\/index.php\/producto\/supernova\/"]}]},{"@type":"ImageObject","inLanguage":"es-AR","@id":"https:\/\/www.contramar.org\/index.php\/producto\/supernova\/#primaryimage","url":"https:\/\/www.contramar.org\/wp-content\/uploads\/2021\/09\/tapa-01.jpg","contentUrl":"https:\/\/www.contramar.org\/wp-content\/uploads\/2021\/09\/tapa-01.jpg","width":769,"height":1182},{"@type":"BreadcrumbList","@id":"https:\/\/www.contramar.org\/index.php\/producto\/supernova\/#breadcrumb","itemListElement":[{"@type":"ListItem","position":1,"name":"Inicio","item":"https:\/\/www.contramar.org\/"},{"@type":"ListItem","position":2,"name":"Libros","item":"https:\/\/www.contramar.org\/index.php\/comprar-online\/"},{"@type":"ListItem","position":3,"name":"Supernova"}]},{"@type":"WebSite","@id":"https:\/\/www.contramar.org\/#website","url":"https:\/\/www.contramar.org\/","name":"Contramar Editora","description":"Literatura independiente y federal","publisher":{"@id":"https:\/\/www.contramar.org\/#organization"},"alternateName":"Contramar Editora","potentialAction":[{"@type":"SearchAction","target":{"@type":"EntryPoint","urlTemplate":"https:\/\/www.contramar.org\/?s={search_term_string}"},"query-input":{"@type":"PropertyValueSpecification","valueRequired":true,"valueName":"search_term_string"}}],"inLanguage":"es-AR"},{"@type":"Organization","@id":"https:\/\/www.contramar.org\/#organization","name":"Contramar Editora","url":"https:\/\/www.contramar.org\/","logo":{"@type":"ImageObject","inLanguage":"es-AR","@id":"https:\/\/www.contramar.org\/#\/schema\/logo\/image\/","url":"https:\/\/www.contramar.org\/wp-content\/uploads\/2022\/05\/logo-completo-04.png","contentUrl":"https:\/\/www.contramar.org\/wp-content\/uploads\/2022\/05\/logo-completo-04.png","width":3451,"height":3482,"caption":"Contramar Editora"},"image":{"@id":"https:\/\/www.contramar.org\/#\/schema\/logo\/image\/"},"sameAs":["https:\/\/www.facebook.com\/ContramarEditora","https:\/\/x.com\/ContramarEdito1","https:\/\/www.instagram.com\/contramar_editora\/","https:\/\/www.youtube.com\/@contramareditora8860"]}]}},"blog_post_layout_featured_media_urls":{"thumbnail":["https:\/\/www.contramar.org\/wp-content\/uploads\/2021\/09\/tapa-01-150x150.jpg",150,150,true],"full":["https:\/\/www.contramar.org\/wp-content\/uploads\/2021\/09\/tapa-01.jpg",769,1182,false]},"categories":null,"categories_names":null,"comments_number":"0","_links":{"self":[{"href":"https:\/\/www.contramar.org\/index.php\/wp-json\/wp\/v2\/product\/2293","targetHints":{"allow":["GET"]}}],"collection":[{"href":"https:\/\/www.contramar.org\/index.php\/wp-json\/wp\/v2\/product"}],"about":[{"href":"https:\/\/www.contramar.org\/index.php\/wp-json\/wp\/v2\/types\/product"}],"wp:featuredmedia":[{"embeddable":true,"href":"https:\/\/www.contramar.org\/index.php\/wp-json\/wp\/v2\/media\/2294"}],"wp:attachment":[{"href":"https:\/\/www.contramar.org\/index.php\/wp-json\/wp\/v2\/media?parent=2293"}],"wp:term":[{"taxonomy":"product_brand","embeddable":true,"href":"https:\/\/www.contramar.org\/index.php\/wp-json\/wp\/v2\/product_brand?post=2293"},{"taxonomy":"product_cat","embeddable":true,"href":"https:\/\/www.contramar.org\/index.php\/wp-json\/wp\/v2\/product_cat?post=2293"},{"taxonomy":"product_tag","embeddable":true,"href":"https:\/\/www.contramar.org\/index.php\/wp-json\/wp\/v2\/product_tag?post=2293"}],"curies":[{"name":"wp","href":"https:\/\/api.w.org\/{rel}","templated":true}]}}