{"id":2040,"date":"2020-09-27T14:54:09","date_gmt":"2020-09-27T17:54:09","guid":{"rendered":"https:\/\/www.contramar.org\/?post_type=product&#038;p=2040"},"modified":"2026-01-26T16:48:10","modified_gmt":"2026-01-26T19:48:10","slug":"lalenguapropia","status":"publish","type":"product","link":"https:\/\/www.contramar.org\/index.php\/producto\/lalenguapropia\/","title":{"rendered":"La lengua propia"},"content":{"rendered":"<p><span style=\"font-family: georgia, palatino;\">Adquir\u00ed <strong><em>La lengua propia<\/em><\/strong>, de <strong>Fernando Alf\u00f3n<\/strong>. Seleccion\u00e1 el medio de pago que prefieras.<\/span><\/p>\n<p>ENV\u00cdOS EN CABA: Con cadeter\u00eda.<\/p>\n<p>ENV\u00cdOS FUERA DE CABA: te enviamos el pedido por correo Andreani. \u00a1Consult\u00e1 nuestros <a href=\"https:\/\/www.contramar.org\/index.php\/puntos-de-venta\/\">Puntos de Venta<\/a> en todo el pa\u00eds!<\/p>\n<p>Nos comunicamos a trav\u00e9s de <a href=\"mailto:info@contramar.org\">info@contramar.org<\/a> o por WhatsApp: +54 9 11 64728116. Revis\u00e1 tu spam!<\/p>\n<p>Gracias por apoyar los libros independientes.<\/p>\n","protected":false},"excerpt":{"rendered":"<p><span style=\"color: #993366;\"><strong>Fernando Alf\u00f3n<\/strong><\/span><\/p>\n<p><strong>COLECCI\u00d3N<\/strong>: ENSAY ||<strong>\u00a0ISBN<\/strong>: 978-987-47628-1-8 || <strong>P\u00c1GINAS<\/strong>: 212<\/p>\n<hr \/>\n<p>Es com\u00fan decir que la lengua espa\u00f1ola no es de nadie, no obstante vemos desfilar sus autoridades, sus especialistas, las regal\u00edas que provienen de su comercializaci\u00f3n y de su uso. Del lado de los que creen que ah\u00ed no hay nada que discutir, se alista un n\u00famero considerable de milicianos. El libro no se propone resolver esta querella, que ya ostenta innumerables episodios, pero es la denodada b\u00fasqueda por comprender el <em>valor<\/em> de la lengua. Ese valor, sin embargo, no es solo su precio. Bajo el nombre de <em>lengua propia <\/em>estos ensayos fueron tras una <em>expresi\u00f3n personal. <\/em>La empresa reviste el aspecto de la paradoja. Aquello que sentimos muy nuestro tambi\u00e9n nos es ajeno. Hablamos una lengua heredada, que a su vez hablan millones de personas en el mundo. Lograr una forma personal de esgrimirla requiere una b\u00fasqueda insistente. Este libro tambi\u00e9n es el registro de esa b\u00fasqueda.<\/p>\n<p>&nbsp;<\/p>\n<p><span style=\"color: #800080;\"><strong>Fernando Alf\u00f3n | BIO<\/strong><\/span><\/p>\n<p>Fernando Alf\u00f3n es escritor, traductor y ensayista. Se doctor\u00f3 en Historia en la Facultad de Humanidades de la UNLP, donde tambi\u00e9n es docente. A trav\u00e9s de un subsidio otorgado por la Fundaci\u00f3n Antorchas, en 2003 public\u00f3 la novela\u00a0<em>Que nunca nos pase nada\u00a0<\/em>y en 2005 se le concedi\u00f3 la Beca para escritores del Fondo Nacional de las Artes, por sus\u00a0<em>Cuentos que caben en el umbral<\/em>\u00a0(Paradiso, 2013). Ese mismo a\u00f1o public\u00f3\u00a0<em>La querella de la lengua en Argentina<\/em>\u00a0(Edulp) y, bajo el mismo t\u00edtulo, una antolog\u00eda de textos a trav\u00e9s de la Biblioteca Nacional. En 2020 termin\u00f3 por componer una teor\u00eda del ensayo en su \u00faltimo libro,\u00a0<em>La voluntad de juicio,\u00a0<\/em>editado por la Universidad Nacional de C\u00f3rdoba y present\u00f3 <em>La lengua propia<\/em>, compilaci\u00f3n de ensayos editados por Contramar. En 2021 public\u00f3 la segunda edici\u00f3n de <em>La raz\u00f3n del estilo<\/em>, que tuvo una primera salida en 2017, ahora revisada y aumentada con nuevos textos que recuperan lo mejor de la reflexi\u00f3n sobre el ensayismo ingl\u00e9s.<\/p>\n","protected":false},"featured_media":2149,"template":"","meta":{"ocean_post_layout":"","ocean_both_sidebars_style":"","ocean_both_sidebars_content_width":0,"ocean_both_sidebars_sidebars_width":0,"ocean_sidebar":"","ocean_second_sidebar":"","ocean_disable_margins":"enable","ocean_add_body_class":"","ocean_shortcode_before_top_bar":"","ocean_shortcode_after_top_bar":"","ocean_shortcode_before_header":"","ocean_shortcode_after_header":"","ocean_has_shortcode":"","ocean_shortcode_after_title":"","ocean_shortcode_before_footer_widgets":"","ocean_shortcode_after_footer_widgets":"","ocean_shortcode_before_footer_bottom":"","ocean_shortcode_after_footer_bottom":"","ocean_display_top_bar":"default","ocean_display_header":"default","ocean_header_style":"","ocean_center_header_left_menu":"","ocean_custom_header_template":"","ocean_custom_logo":0,"ocean_custom_retina_logo":0,"ocean_custom_logo_max_width":0,"ocean_custom_logo_tablet_max_width":0,"ocean_custom_logo_mobile_max_width":0,"ocean_custom_logo_max_height":0,"ocean_custom_logo_tablet_max_height":0,"ocean_custom_logo_mobile_max_height":0,"ocean_header_custom_menu":"","ocean_menu_typo_font_family":"","ocean_menu_typo_font_subset":"","ocean_menu_typo_font_size":0,"ocean_menu_typo_font_size_tablet":0,"ocean_menu_typo_font_size_mobile":0,"ocean_menu_typo_font_size_unit":"px","ocean_menu_typo_font_weight":"","ocean_menu_typo_font_weight_tablet":"","ocean_menu_typo_font_weight_mobile":"","ocean_menu_typo_transform":"","ocean_menu_typo_transform_tablet":"","ocean_menu_typo_transform_mobile":"","ocean_menu_typo_line_height":0,"ocean_menu_typo_line_height_tablet":0,"ocean_menu_typo_line_height_mobile":0,"ocean_menu_typo_line_height_unit":"","ocean_menu_typo_spacing":0,"ocean_menu_typo_spacing_tablet":0,"ocean_menu_typo_spacing_mobile":0,"ocean_menu_typo_spacing_unit":"","ocean_menu_link_color":"","ocean_menu_link_color_hover":"","ocean_menu_link_color_active":"","ocean_menu_link_background":"","ocean_menu_link_hover_background":"","ocean_menu_link_active_background":"","ocean_menu_social_links_bg":"","ocean_menu_social_hover_links_bg":"","ocean_menu_social_links_color":"","ocean_menu_social_hover_links_color":"","ocean_disable_title":"default","ocean_disable_heading":"default","ocean_post_title":"","ocean_post_subheading":"","ocean_post_title_style":"","ocean_post_title_background_color":"","ocean_post_title_background":0,"ocean_post_title_bg_image_position":"","ocean_post_title_bg_image_attachment":"","ocean_post_title_bg_image_repeat":"","ocean_post_title_bg_image_size":"","ocean_post_title_height":0,"ocean_post_title_bg_overlay":0.5,"ocean_post_title_bg_overlay_color":"","ocean_disable_breadcrumbs":"default","ocean_breadcrumbs_color":"","ocean_breadcrumbs_separator_color":"","ocean_breadcrumbs_links_color":"","ocean_breadcrumbs_links_hover_color":"","ocean_display_footer_widgets":"default","ocean_display_footer_bottom":"default","ocean_custom_footer_template":"","_joinchat":[]},"product_brand":[],"product_cat":[49,115],"product_tag":[57,59,58],"class_list":{"0":"post-2040","1":"product","2":"type-product","3":"status-publish","4":"has-post-thumbnail","6":"product_cat-ensay","7":"product_cat-fernando-alfon","8":"product_tag-ensayos","9":"product_tag-espanol","10":"product_tag-lengua","11":"product_shipping_class-retiro-por-junin-257-5-a-congreso-caba","13":"entry","14":"has-media","16":"first","17":"instock","18":"shipping-taxable","19":"purchasable","20":"product-type-simple","21":"col","22":"span_1_of_3","23":"owp-content-center","24":"owp-thumbs-layout-horizontal","25":"owp-btn-normal","26":"owp-tabs-layout-horizontal"},"yoast_head":"<!-- This site is optimized with the Yoast SEO plugin v27.3 - https:\/\/yoast.com\/product\/yoast-seo-wordpress\/ -->\n<title>La lengua propia | Contramar Editora<\/title>\n<meta name=\"robots\" content=\"index, follow, max-snippet:-1, max-image-preview:large, max-video-preview:-1\" \/>\n<link rel=\"canonical\" href=\"https:\/\/www.contramar.org\/index.php\/producto\/lalenguapropia\/\" \/>\n<meta property=\"og:locale\" content=\"es_ES\" \/>\n<meta property=\"og:type\" content=\"article\" \/>\n<meta property=\"og:title\" content=\"La lengua propia | Contramar Editora\" \/>\n<meta property=\"og:description\" content=\"Fernando Alf\u00f3n  COLECCI\u00d3N: ENSAY ||\u00a0ISBN: 978-987-47628-1-8 || P\u00c1GINAS: 212    Es com\u00fan decir que la lengua espa\u00f1ola no es de nadie, no obstante vemos desfilar sus autoridades, sus especialistas, las regal\u00edas que provienen de su comercializaci\u00f3n y de su uso. Del lado de los que creen que ah\u00ed no hay nada que discutir, se alista un n\u00famero considerable de milicianos. El libro no se propone resolver esta querella, que ya ostenta innumerables episodios, pero es la denodada b\u00fasqueda por comprender el valor de la lengua. Ese valor, sin embargo, no es solo su precio. Bajo el nombre de lengua propia estos ensayos fueron tras una expresi\u00f3n personal. La empresa reviste el aspecto de la paradoja. Aquello que sentimos muy nuestro tambi\u00e9n nos es ajeno. Hablamos una lengua heredada, que a su vez hablan millones de personas en el mundo. Lograr una forma personal de esgrimirla requiere una b\u00fasqueda insistente. Este libro tambi\u00e9n es el registro de esa b\u00fasqueda.  &nbsp;  Fernando Alf\u00f3n | BIO  Fernando Alf\u00f3n es escritor, traductor y ensayista. Se doctor\u00f3 en Historia en la Facultad de Humanidades de la UNLP, donde tambi\u00e9n es docente. A trav\u00e9s de un subsidio otorgado por la Fundaci\u00f3n Antorchas, en 2003 public\u00f3 la novela\u00a0Que nunca nos pase nada\u00a0y en 2005 se le concedi\u00f3 la Beca para escritores del Fondo Nacional de las Artes, por sus\u00a0Cuentos que caben en el umbral\u00a0(Paradiso, 2013). Ese mismo a\u00f1o public\u00f3\u00a0La querella de la lengua en Argentina\u00a0(Edulp) y, bajo el mismo t\u00edtulo, una antolog\u00eda de textos a trav\u00e9s de la Biblioteca Nacional. En 2020 termin\u00f3 por componer una teor\u00eda del ensayo en su \u00faltimo libro,\u00a0La voluntad de juicio,\u00a0editado por la Universidad Nacional de C\u00f3rdoba y present\u00f3 La lengua propia, compilaci\u00f3n de ensayos editados por Contramar. En 2021 public\u00f3 la segunda edici\u00f3n de La raz\u00f3n del estilo, que tuvo una primera salida en 2017, ahora revisada y aumentada con nuevos textos que recuperan lo mejor de la reflexi\u00f3n sobre el ensayismo ingl\u00e9s.\" \/>\n<meta property=\"og:url\" content=\"https:\/\/www.contramar.org\/index.php\/producto\/lalenguapropia\/\" \/>\n<meta property=\"og:site_name\" content=\"Contramar Editora\" \/>\n<meta property=\"article:publisher\" content=\"https:\/\/www.facebook.com\/ContramarEditora\" \/>\n<meta property=\"article:modified_time\" content=\"2026-01-26T19:48:10+00:00\" \/>\n<meta property=\"og:image\" content=\"https:\/\/www.contramar.org\/wp-content\/uploads\/2020\/09\/La-lengua-propia-Cubierta-para-web-09.jpg\" \/>\n\t<meta property=\"og:image:width\" content=\"1134\" \/>\n\t<meta property=\"og:image:height\" content=\"1730\" \/>\n\t<meta property=\"og:image:type\" content=\"image\/jpeg\" \/>\n<meta name=\"twitter:card\" content=\"summary_large_image\" \/>\n<meta name=\"twitter:site\" content=\"@ContramarEdito1\" \/>\n<script type=\"application\/ld+json\" class=\"yoast-schema-graph\">{\"@context\":\"https:\\\/\\\/schema.org\",\"@graph\":[{\"@type\":\"WebPage\",\"@id\":\"https:\\\/\\\/www.contramar.org\\\/index.php\\\/producto\\\/lalenguapropia\\\/\",\"url\":\"https:\\\/\\\/www.contramar.org\\\/index.php\\\/producto\\\/lalenguapropia\\\/\",\"name\":\"La lengua propia | Contramar Editora\",\"isPartOf\":{\"@id\":\"https:\\\/\\\/www.contramar.org\\\/#website\"},\"primaryImageOfPage\":{\"@id\":\"https:\\\/\\\/www.contramar.org\\\/index.php\\\/producto\\\/lalenguapropia\\\/#primaryimage\"},\"image\":{\"@id\":\"https:\\\/\\\/www.contramar.org\\\/index.php\\\/producto\\\/lalenguapropia\\\/#primaryimage\"},\"thumbnailUrl\":\"https:\\\/\\\/www.contramar.org\\\/wp-content\\\/uploads\\\/2020\\\/09\\\/La-lengua-propia-Cubierta-para-web-09.jpg\",\"datePublished\":\"2020-09-27T17:54:09+00:00\",\"dateModified\":\"2026-01-26T19:48:10+00:00\",\"breadcrumb\":{\"@id\":\"https:\\\/\\\/www.contramar.org\\\/index.php\\\/producto\\\/lalenguapropia\\\/#breadcrumb\"},\"inLanguage\":\"es-AR\",\"potentialAction\":[{\"@type\":\"ReadAction\",\"target\":[\"https:\\\/\\\/www.contramar.org\\\/index.php\\\/producto\\\/lalenguapropia\\\/\"]}]},{\"@type\":\"ImageObject\",\"inLanguage\":\"es-AR\",\"@id\":\"https:\\\/\\\/www.contramar.org\\\/index.php\\\/producto\\\/lalenguapropia\\\/#primaryimage\",\"url\":\"https:\\\/\\\/www.contramar.org\\\/wp-content\\\/uploads\\\/2020\\\/09\\\/La-lengua-propia-Cubierta-para-web-09.jpg\",\"contentUrl\":\"https:\\\/\\\/www.contramar.org\\\/wp-content\\\/uploads\\\/2020\\\/09\\\/La-lengua-propia-Cubierta-para-web-09.jpg\",\"width\":1134,\"height\":1730},{\"@type\":\"BreadcrumbList\",\"@id\":\"https:\\\/\\\/www.contramar.org\\\/index.php\\\/producto\\\/lalenguapropia\\\/#breadcrumb\",\"itemListElement\":[{\"@type\":\"ListItem\",\"position\":1,\"name\":\"Inicio\",\"item\":\"https:\\\/\\\/www.contramar.org\\\/\"},{\"@type\":\"ListItem\",\"position\":2,\"name\":\"Libros\",\"item\":\"https:\\\/\\\/www.contramar.org\\\/index.php\\\/comprar-online\\\/\"},{\"@type\":\"ListItem\",\"position\":3,\"name\":\"La lengua propia\"}]},{\"@type\":\"WebSite\",\"@id\":\"https:\\\/\\\/www.contramar.org\\\/#website\",\"url\":\"https:\\\/\\\/www.contramar.org\\\/\",\"name\":\"Contramar Editora\",\"description\":\"Literatura independiente y federal\",\"publisher\":{\"@id\":\"https:\\\/\\\/www.contramar.org\\\/#organization\"},\"alternateName\":\"Contramar Editora\",\"potentialAction\":[{\"@type\":\"SearchAction\",\"target\":{\"@type\":\"EntryPoint\",\"urlTemplate\":\"https:\\\/\\\/www.contramar.org\\\/?s={search_term_string}\"},\"query-input\":{\"@type\":\"PropertyValueSpecification\",\"valueRequired\":true,\"valueName\":\"search_term_string\"}}],\"inLanguage\":\"es-AR\"},{\"@type\":\"Organization\",\"@id\":\"https:\\\/\\\/www.contramar.org\\\/#organization\",\"name\":\"Contramar Editora\",\"url\":\"https:\\\/\\\/www.contramar.org\\\/\",\"logo\":{\"@type\":\"ImageObject\",\"inLanguage\":\"es-AR\",\"@id\":\"https:\\\/\\\/www.contramar.org\\\/#\\\/schema\\\/logo\\\/image\\\/\",\"url\":\"https:\\\/\\\/www.contramar.org\\\/wp-content\\\/uploads\\\/2022\\\/05\\\/logo-completo-04.png\",\"contentUrl\":\"https:\\\/\\\/www.contramar.org\\\/wp-content\\\/uploads\\\/2022\\\/05\\\/logo-completo-04.png\",\"width\":3451,\"height\":3482,\"caption\":\"Contramar Editora\"},\"image\":{\"@id\":\"https:\\\/\\\/www.contramar.org\\\/#\\\/schema\\\/logo\\\/image\\\/\"},\"sameAs\":[\"https:\\\/\\\/www.facebook.com\\\/ContramarEditora\",\"https:\\\/\\\/x.com\\\/ContramarEdito1\",\"https:\\\/\\\/www.instagram.com\\\/contramar_editora\\\/\",\"https:\\\/\\\/www.youtube.com\\\/@contramareditora8860\"]}]}<\/script>\n<!-- \/ Yoast SEO plugin. -->","yoast_head_json":{"title":"La lengua propia | Contramar Editora","robots":{"index":"index","follow":"follow","max-snippet":"max-snippet:-1","max-image-preview":"max-image-preview:large","max-video-preview":"max-video-preview:-1"},"canonical":"https:\/\/www.contramar.org\/index.php\/producto\/lalenguapropia\/","og_locale":"es_ES","og_type":"article","og_title":"La lengua propia | Contramar Editora","og_description":"Fernando Alf\u00f3n  COLECCI\u00d3N: ENSAY ||\u00a0ISBN: 978-987-47628-1-8 || P\u00c1GINAS: 212    Es com\u00fan decir que la lengua espa\u00f1ola no es de nadie, no obstante vemos desfilar sus autoridades, sus especialistas, las regal\u00edas que provienen de su comercializaci\u00f3n y de su uso. Del lado de los que creen que ah\u00ed no hay nada que discutir, se alista un n\u00famero considerable de milicianos. El libro no se propone resolver esta querella, que ya ostenta innumerables episodios, pero es la denodada b\u00fasqueda por comprender el valor de la lengua. Ese valor, sin embargo, no es solo su precio. Bajo el nombre de lengua propia estos ensayos fueron tras una expresi\u00f3n personal. La empresa reviste el aspecto de la paradoja. Aquello que sentimos muy nuestro tambi\u00e9n nos es ajeno. Hablamos una lengua heredada, que a su vez hablan millones de personas en el mundo. Lograr una forma personal de esgrimirla requiere una b\u00fasqueda insistente. Este libro tambi\u00e9n es el registro de esa b\u00fasqueda.  &nbsp;  Fernando Alf\u00f3n | BIO  Fernando Alf\u00f3n es escritor, traductor y ensayista. Se doctor\u00f3 en Historia en la Facultad de Humanidades de la UNLP, donde tambi\u00e9n es docente. A trav\u00e9s de un subsidio otorgado por la Fundaci\u00f3n Antorchas, en 2003 public\u00f3 la novela\u00a0Que nunca nos pase nada\u00a0y en 2005 se le concedi\u00f3 la Beca para escritores del Fondo Nacional de las Artes, por sus\u00a0Cuentos que caben en el umbral\u00a0(Paradiso, 2013). Ese mismo a\u00f1o public\u00f3\u00a0La querella de la lengua en Argentina\u00a0(Edulp) y, bajo el mismo t\u00edtulo, una antolog\u00eda de textos a trav\u00e9s de la Biblioteca Nacional. En 2020 termin\u00f3 por componer una teor\u00eda del ensayo en su \u00faltimo libro,\u00a0La voluntad de juicio,\u00a0editado por la Universidad Nacional de C\u00f3rdoba y present\u00f3 La lengua propia, compilaci\u00f3n de ensayos editados por Contramar. En 2021 public\u00f3 la segunda edici\u00f3n de La raz\u00f3n del estilo, que tuvo una primera salida en 2017, ahora revisada y aumentada con nuevos textos que recuperan lo mejor de la reflexi\u00f3n sobre el ensayismo ingl\u00e9s.","og_url":"https:\/\/www.contramar.org\/index.php\/producto\/lalenguapropia\/","og_site_name":"Contramar Editora","article_publisher":"https:\/\/www.facebook.com\/ContramarEditora","article_modified_time":"2026-01-26T19:48:10+00:00","og_image":[{"width":1134,"height":1730,"url":"https:\/\/www.contramar.org\/wp-content\/uploads\/2020\/09\/La-lengua-propia-Cubierta-para-web-09.jpg","type":"image\/jpeg"}],"twitter_card":"summary_large_image","twitter_site":"@ContramarEdito1","schema":{"@context":"https:\/\/schema.org","@graph":[{"@type":"WebPage","@id":"https:\/\/www.contramar.org\/index.php\/producto\/lalenguapropia\/","url":"https:\/\/www.contramar.org\/index.php\/producto\/lalenguapropia\/","name":"La lengua propia | Contramar Editora","isPartOf":{"@id":"https:\/\/www.contramar.org\/#website"},"primaryImageOfPage":{"@id":"https:\/\/www.contramar.org\/index.php\/producto\/lalenguapropia\/#primaryimage"},"image":{"@id":"https:\/\/www.contramar.org\/index.php\/producto\/lalenguapropia\/#primaryimage"},"thumbnailUrl":"https:\/\/www.contramar.org\/wp-content\/uploads\/2020\/09\/La-lengua-propia-Cubierta-para-web-09.jpg","datePublished":"2020-09-27T17:54:09+00:00","dateModified":"2026-01-26T19:48:10+00:00","breadcrumb":{"@id":"https:\/\/www.contramar.org\/index.php\/producto\/lalenguapropia\/#breadcrumb"},"inLanguage":"es-AR","potentialAction":[{"@type":"ReadAction","target":["https:\/\/www.contramar.org\/index.php\/producto\/lalenguapropia\/"]}]},{"@type":"ImageObject","inLanguage":"es-AR","@id":"https:\/\/www.contramar.org\/index.php\/producto\/lalenguapropia\/#primaryimage","url":"https:\/\/www.contramar.org\/wp-content\/uploads\/2020\/09\/La-lengua-propia-Cubierta-para-web-09.jpg","contentUrl":"https:\/\/www.contramar.org\/wp-content\/uploads\/2020\/09\/La-lengua-propia-Cubierta-para-web-09.jpg","width":1134,"height":1730},{"@type":"BreadcrumbList","@id":"https:\/\/www.contramar.org\/index.php\/producto\/lalenguapropia\/#breadcrumb","itemListElement":[{"@type":"ListItem","position":1,"name":"Inicio","item":"https:\/\/www.contramar.org\/"},{"@type":"ListItem","position":2,"name":"Libros","item":"https:\/\/www.contramar.org\/index.php\/comprar-online\/"},{"@type":"ListItem","position":3,"name":"La lengua propia"}]},{"@type":"WebSite","@id":"https:\/\/www.contramar.org\/#website","url":"https:\/\/www.contramar.org\/","name":"Contramar Editora","description":"Literatura independiente y federal","publisher":{"@id":"https:\/\/www.contramar.org\/#organization"},"alternateName":"Contramar Editora","potentialAction":[{"@type":"SearchAction","target":{"@type":"EntryPoint","urlTemplate":"https:\/\/www.contramar.org\/?s={search_term_string}"},"query-input":{"@type":"PropertyValueSpecification","valueRequired":true,"valueName":"search_term_string"}}],"inLanguage":"es-AR"},{"@type":"Organization","@id":"https:\/\/www.contramar.org\/#organization","name":"Contramar Editora","url":"https:\/\/www.contramar.org\/","logo":{"@type":"ImageObject","inLanguage":"es-AR","@id":"https:\/\/www.contramar.org\/#\/schema\/logo\/image\/","url":"https:\/\/www.contramar.org\/wp-content\/uploads\/2022\/05\/logo-completo-04.png","contentUrl":"https:\/\/www.contramar.org\/wp-content\/uploads\/2022\/05\/logo-completo-04.png","width":3451,"height":3482,"caption":"Contramar Editora"},"image":{"@id":"https:\/\/www.contramar.org\/#\/schema\/logo\/image\/"},"sameAs":["https:\/\/www.facebook.com\/ContramarEditora","https:\/\/x.com\/ContramarEdito1","https:\/\/www.instagram.com\/contramar_editora\/","https:\/\/www.youtube.com\/@contramareditora8860"]}]}},"blog_post_layout_featured_media_urls":{"thumbnail":["https:\/\/www.contramar.org\/wp-content\/uploads\/2020\/09\/La-lengua-propia-Cubierta-para-web-09-150x150.jpg",150,150,true],"full":["https:\/\/www.contramar.org\/wp-content\/uploads\/2020\/09\/La-lengua-propia-Cubierta-para-web-09.jpg",1134,1730,false]},"categories":null,"categories_names":null,"comments_number":"0","_links":{"self":[{"href":"https:\/\/www.contramar.org\/index.php\/wp-json\/wp\/v2\/product\/2040","targetHints":{"allow":["GET"]}}],"collection":[{"href":"https:\/\/www.contramar.org\/index.php\/wp-json\/wp\/v2\/product"}],"about":[{"href":"https:\/\/www.contramar.org\/index.php\/wp-json\/wp\/v2\/types\/product"}],"wp:featuredmedia":[{"embeddable":true,"href":"https:\/\/www.contramar.org\/index.php\/wp-json\/wp\/v2\/media\/2149"}],"wp:attachment":[{"href":"https:\/\/www.contramar.org\/index.php\/wp-json\/wp\/v2\/media?parent=2040"}],"wp:term":[{"taxonomy":"product_brand","embeddable":true,"href":"https:\/\/www.contramar.org\/index.php\/wp-json\/wp\/v2\/product_brand?post=2040"},{"taxonomy":"product_cat","embeddable":true,"href":"https:\/\/www.contramar.org\/index.php\/wp-json\/wp\/v2\/product_cat?post=2040"},{"taxonomy":"product_tag","embeddable":true,"href":"https:\/\/www.contramar.org\/index.php\/wp-json\/wp\/v2\/product_tag?post=2040"}],"curies":[{"name":"wp","href":"https:\/\/api.w.org\/{rel}","templated":true}]}}