{"id":1967,"date":"2020-08-30T19:35:55","date_gmt":"2020-08-30T22:35:55","guid":{"rendered":"https:\/\/www.contramar.org\/?post_type=product&#038;p=1967"},"modified":"2024-06-27T17:18:32","modified_gmt":"2024-06-27T20:18:32","slug":"el_zen_de_los_malabares","status":"publish","type":"product","link":"https:\/\/www.contramar.org\/index.php\/producto\/el_zen_de_los_malabares\/","title":{"rendered":"El zen de los malabares"},"content":{"rendered":"<p><span style=\"font-family: georgia, palatino;\">Adquir\u00ed <em><strong>El zen de los malabares<\/strong><\/em>, de <strong>Dave Finnigan<\/strong>. Seleccion\u00e1 el medio de pago que prefieras.<\/span><\/p>\n<p><span style=\"font-family: georgia, palatino;\">ENV\u00cdOS GRATIS EN CAPITAL: Coordinamos los env\u00edos para que este aspecto clave de la compra de libros lo resolvamos de la mejor manera. Acordamos un d\u00eda y te alcanzamos el pedido. Nos comunicamos a trav\u00e9s de <a href=\"mailto:info@contramar.org\">info@contramar.org<\/a> o por WhatsApp: +54 9 11 64728116<\/span><\/p>\n<p><span style=\"font-family: georgia, palatino;\">ENV\u00cdOS FUERA DE CABA: te enviamos el pedido por Correo Argentino. \u00a1Consult\u00e1 nuestros <a href=\"https:\/\/www.contramar.org\/index.php\/puntos-de-venta\/\">Puntos de Venta<\/a> en todo el pa\u00eds!<\/span><\/p>\n<p><span style=\"font-family: georgia, palatino;\">Gracias por apoyar los libros independientes<\/span> &#x1f64c;<\/p>\n","protected":false},"excerpt":{"rendered":"<p><span style=\"color: #993366;\"><strong>Dave Finnigan<\/strong><\/span><\/p>\n<p><strong>COLECCI\u00d3N<\/strong>: ARTE CALLEJERO ||<strong>\u00a0ISBN<\/strong>: 978-987-46408-4-0 ||\u00a0<strong>P\u00c1GINAS<\/strong>: 168<\/p>\n<hr \/>\n<p><em>\u201cCierren los ojos y aquieten su respiraci\u00f3n\u201d, dijo el Maestro. \u201cVoy a disipar algunos mitos\u201d<\/em><\/p>\n<p>Relato ficticio, narraci\u00f3n de aprendizajes, libro frontera, El Zen de los Malabares re\u00fane caracter\u00edsticas que lo han vuelto libro de culto entre malabaristas del hemisferio norte. El maestro de malabares, conferencista y autor del popular \u201cThe complete Juggler\u201d, Dave Finnigan, comparte aqu\u00ed un secreto que muchos malabaristas saben, pero que -como tantos otros del arte callejero- cuesta poner en palabras: el malabarismo es mucho m\u00e1s que una destreza f\u00edsica, es el proceso infinito de crecimiento integral de la persona a trav\u00e9s de la adquisici\u00f3n de la destreza.<\/p>\n<p>En el puente que Finnigan escenifica entre malabarismo y filosof\u00eda Zen se abre paso una verdad ordinaria, necesaria de repetir. No hay destreza f\u00edsica sin una filosof\u00eda que la sostenga, no hay filosof\u00eda sin una pr\u00e1ctica que la active.<\/p>\n<hr \/>\n<p><img fetchpriority=\"high\" decoding=\"async\" class=\"aligncenter size-full wp-image-1067\" src=\"https:\/\/www.contramar.org\/wp-content\/uploads\/2018\/09\/Dave-Finnigan-221x300.jpg\" alt=\"\" width=\"221\" height=\"300\" \/><\/p>\n<p><strong>DAVE FINNIGAN (EEUU, 1941)<\/strong> es un maestro de malabares que ha ense\u00f1ado con sus diferentes metodolog\u00edas y recursos a personas de todas las edades.\u00a0 La primera versi\u00f3n de \u201cThe zen of juggling\u201d (Jugglebug) fue publicada en 1993. La obra de Finnigan recorre diferentes disciplinas vinculadas al malabarismo: \u201cThe complete Juggler\u201d (Vintage Books, 1987), The Joy of Jugglin\u201d (Jugglebug, 1993), \u201cScarf Juggling\u201d (1993); \u201cBall Juggling: Step by Step\u201d (Butterfingers, 1993), \u201cDevilstick: Step by Step\u201d (Butterfingers, 1993, \u201cJuggling: from start to start\u201d (Human Kinetics, 2001), \u201cLa Jonglerie: un plaisr facile et facile\u201d (Jonglerie Diffusion, 2007).<\/p>\n<p>Finnigan es adem\u00e1s un activista en favor de minor\u00edas excluidas y del medioambiente.<\/p>\n","protected":false},"featured_media":3256,"template":"","meta":{"ocean_post_layout":"","ocean_both_sidebars_style":"","ocean_both_sidebars_content_width":0,"ocean_both_sidebars_sidebars_width":0,"ocean_sidebar":"","ocean_second_sidebar":"","ocean_disable_margins":"enable","ocean_add_body_class":"","ocean_shortcode_before_top_bar":"","ocean_shortcode_after_top_bar":"","ocean_shortcode_before_header":"","ocean_shortcode_after_header":"","ocean_has_shortcode":"","ocean_shortcode_after_title":"","ocean_shortcode_before_footer_widgets":"","ocean_shortcode_after_footer_widgets":"","ocean_shortcode_before_footer_bottom":"","ocean_shortcode_after_footer_bottom":"","ocean_display_top_bar":"default","ocean_display_header":"default","ocean_header_style":"","ocean_center_header_left_menu":"","ocean_custom_header_template":"","ocean_custom_logo":0,"ocean_custom_retina_logo":0,"ocean_custom_logo_max_width":0,"ocean_custom_logo_tablet_max_width":0,"ocean_custom_logo_mobile_max_width":0,"ocean_custom_logo_max_height":0,"ocean_custom_logo_tablet_max_height":0,"ocean_custom_logo_mobile_max_height":0,"ocean_header_custom_menu":"","ocean_menu_typo_font_family":"","ocean_menu_typo_font_subset":"","ocean_menu_typo_font_size":0,"ocean_menu_typo_font_size_tablet":0,"ocean_menu_typo_font_size_mobile":0,"ocean_menu_typo_font_size_unit":"px","ocean_menu_typo_font_weight":"","ocean_menu_typo_font_weight_tablet":"","ocean_menu_typo_font_weight_mobile":"","ocean_menu_typo_transform":"","ocean_menu_typo_transform_tablet":"","ocean_menu_typo_transform_mobile":"","ocean_menu_typo_line_height":0,"ocean_menu_typo_line_height_tablet":0,"ocean_menu_typo_line_height_mobile":0,"ocean_menu_typo_line_height_unit":"","ocean_menu_typo_spacing":0,"ocean_menu_typo_spacing_tablet":0,"ocean_menu_typo_spacing_mobile":0,"ocean_menu_typo_spacing_unit":"","ocean_menu_link_color":"","ocean_menu_link_color_hover":"","ocean_menu_link_color_active":"","ocean_menu_link_background":"","ocean_menu_link_hover_background":"","ocean_menu_link_active_background":"","ocean_menu_social_links_bg":"","ocean_menu_social_hover_links_bg":"","ocean_menu_social_links_color":"","ocean_menu_social_hover_links_color":"","ocean_disable_title":"default","ocean_disable_heading":"default","ocean_post_title":"","ocean_post_subheading":"","ocean_post_title_style":"","ocean_post_title_background_color":"","ocean_post_title_background":0,"ocean_post_title_bg_image_position":"","ocean_post_title_bg_image_attachment":"","ocean_post_title_bg_image_repeat":"","ocean_post_title_bg_image_size":"","ocean_post_title_height":0,"ocean_post_title_bg_overlay":0.5,"ocean_post_title_bg_overlay_color":"","ocean_disable_breadcrumbs":"default","ocean_breadcrumbs_color":"","ocean_breadcrumbs_separator_color":"","ocean_breadcrumbs_links_color":"","ocean_breadcrumbs_links_hover_color":"","ocean_display_footer_widgets":"default","ocean_display_footer_bottom":"default","ocean_custom_footer_template":"","_joinchat":[]},"product_brand":[],"product_cat":[50],"product_tag":[52,38],"class_list":{"0":"post-1967","1":"product","2":"type-product","3":"status-publish","4":"has-post-thumbnail","6":"product_cat-arte-callejero","7":"product_tag-malabares","8":"product_tag-narrativa","10":"entry","11":"has-media","13":"first","14":"instock","15":"shipping-taxable","16":"purchasable","17":"product-type-simple","18":"col","19":"span_1_of_3","20":"owp-content-center","21":"owp-thumbs-layout-horizontal","22":"owp-btn-normal","23":"owp-tabs-layout-horizontal"},"yoast_head":"<!-- This site is optimized with the Yoast SEO plugin v27.3 - https:\/\/yoast.com\/product\/yoast-seo-wordpress\/ -->\n<title>El zen de los malabares | Contramar Editora<\/title>\n<meta name=\"robots\" content=\"index, follow, max-snippet:-1, max-image-preview:large, max-video-preview:-1\" \/>\n<link rel=\"canonical\" href=\"https:\/\/www.contramar.org\/index.php\/producto\/el_zen_de_los_malabares\/\" \/>\n<meta property=\"og:locale\" content=\"es_ES\" \/>\n<meta property=\"og:type\" content=\"article\" \/>\n<meta property=\"og:title\" content=\"El zen de los malabares | Contramar Editora\" \/>\n<meta property=\"og:description\" content=\"Dave Finnigan  COLECCI\u00d3N: ARTE CALLEJERO ||\u00a0ISBN: 978-987-46408-4-0 ||\u00a0P\u00c1GINAS: 168    \u201cCierren los ojos y aquieten su respiraci\u00f3n\u201d, dijo el Maestro. \u201cVoy a disipar algunos mitos\u201d  Relato ficticio, narraci\u00f3n de aprendizajes, libro frontera, El Zen de los Malabares re\u00fane caracter\u00edsticas que lo han vuelto libro de culto entre malabaristas del hemisferio norte. El maestro de malabares, conferencista y autor del popular \u201cThe complete Juggler\u201d, Dave Finnigan, comparte aqu\u00ed un secreto que muchos malabaristas saben, pero que -como tantos otros del arte callejero- cuesta poner en palabras: el malabarismo es mucho m\u00e1s que una destreza f\u00edsica, es el proceso infinito de crecimiento integral de la persona a trav\u00e9s de la adquisici\u00f3n de la destreza.  En el puente que Finnigan escenifica entre malabarismo y filosof\u00eda Zen se abre paso una verdad ordinaria, necesaria de repetir. No hay destreza f\u00edsica sin una filosof\u00eda que la sostenga, no hay filosof\u00eda sin una pr\u00e1ctica que la active.      DAVE FINNIGAN (EEUU, 1941) es un maestro de malabares que ha ense\u00f1ado con sus diferentes metodolog\u00edas y recursos a personas de todas las edades.\u00a0 La primera versi\u00f3n de \u201cThe zen of juggling\u201d (Jugglebug) fue publicada en 1993. La obra de Finnigan recorre diferentes disciplinas vinculadas al malabarismo: \u201cThe complete Juggler\u201d (Vintage Books, 1987), The Joy of Jugglin\u201d (Jugglebug, 1993), \u201cScarf Juggling\u201d (1993); \u201cBall Juggling: Step by Step\u201d (Butterfingers, 1993), \u201cDevilstick: Step by Step\u201d (Butterfingers, 1993, \u201cJuggling: from start to start\u201d (Human Kinetics, 2001), \u201cLa Jonglerie: un plaisr facile et facile\u201d (Jonglerie Diffusion, 2007).  Finnigan es adem\u00e1s un activista en favor de minor\u00edas excluidas y del medioambiente.\" \/>\n<meta property=\"og:url\" content=\"https:\/\/www.contramar.org\/index.php\/producto\/el_zen_de_los_malabares\/\" \/>\n<meta property=\"og:site_name\" content=\"Contramar Editora\" \/>\n<meta property=\"article:publisher\" content=\"https:\/\/www.facebook.com\/ContramarEditora\" \/>\n<meta property=\"article:modified_time\" content=\"2024-06-27T20:18:32+00:00\" \/>\n<meta property=\"og:image\" content=\"https:\/\/www.contramar.org\/wp-content\/uploads\/2020\/08\/Portada-Zen.jpg\" \/>\n\t<meta property=\"og:image:width\" content=\"696\" \/>\n\t<meta property=\"og:image:height\" content=\"1031\" \/>\n\t<meta property=\"og:image:type\" content=\"image\/jpeg\" \/>\n<meta name=\"twitter:card\" content=\"summary_large_image\" \/>\n<meta name=\"twitter:site\" content=\"@ContramarEdito1\" \/>\n<script type=\"application\/ld+json\" class=\"yoast-schema-graph\">{\"@context\":\"https:\\\/\\\/schema.org\",\"@graph\":[{\"@type\":\"WebPage\",\"@id\":\"https:\\\/\\\/www.contramar.org\\\/index.php\\\/producto\\\/el_zen_de_los_malabares\\\/\",\"url\":\"https:\\\/\\\/www.contramar.org\\\/index.php\\\/producto\\\/el_zen_de_los_malabares\\\/\",\"name\":\"El zen de los malabares | Contramar Editora\",\"isPartOf\":{\"@id\":\"https:\\\/\\\/www.contramar.org\\\/#website\"},\"primaryImageOfPage\":{\"@id\":\"https:\\\/\\\/www.contramar.org\\\/index.php\\\/producto\\\/el_zen_de_los_malabares\\\/#primaryimage\"},\"image\":{\"@id\":\"https:\\\/\\\/www.contramar.org\\\/index.php\\\/producto\\\/el_zen_de_los_malabares\\\/#primaryimage\"},\"thumbnailUrl\":\"https:\\\/\\\/www.contramar.org\\\/wp-content\\\/uploads\\\/2020\\\/08\\\/Portada-Zen.jpg\",\"datePublished\":\"2020-08-30T22:35:55+00:00\",\"dateModified\":\"2024-06-27T20:18:32+00:00\",\"breadcrumb\":{\"@id\":\"https:\\\/\\\/www.contramar.org\\\/index.php\\\/producto\\\/el_zen_de_los_malabares\\\/#breadcrumb\"},\"inLanguage\":\"es-AR\",\"potentialAction\":[{\"@type\":\"ReadAction\",\"target\":[\"https:\\\/\\\/www.contramar.org\\\/index.php\\\/producto\\\/el_zen_de_los_malabares\\\/\"]}]},{\"@type\":\"ImageObject\",\"inLanguage\":\"es-AR\",\"@id\":\"https:\\\/\\\/www.contramar.org\\\/index.php\\\/producto\\\/el_zen_de_los_malabares\\\/#primaryimage\",\"url\":\"https:\\\/\\\/www.contramar.org\\\/wp-content\\\/uploads\\\/2020\\\/08\\\/Portada-Zen.jpg\",\"contentUrl\":\"https:\\\/\\\/www.contramar.org\\\/wp-content\\\/uploads\\\/2020\\\/08\\\/Portada-Zen.jpg\",\"width\":696,\"height\":1031},{\"@type\":\"BreadcrumbList\",\"@id\":\"https:\\\/\\\/www.contramar.org\\\/index.php\\\/producto\\\/el_zen_de_los_malabares\\\/#breadcrumb\",\"itemListElement\":[{\"@type\":\"ListItem\",\"position\":1,\"name\":\"Inicio\",\"item\":\"https:\\\/\\\/www.contramar.org\\\/\"},{\"@type\":\"ListItem\",\"position\":2,\"name\":\"Libros\",\"item\":\"https:\\\/\\\/www.contramar.org\\\/index.php\\\/comprar-online\\\/\"},{\"@type\":\"ListItem\",\"position\":3,\"name\":\"El zen de los malabares\"}]},{\"@type\":\"WebSite\",\"@id\":\"https:\\\/\\\/www.contramar.org\\\/#website\",\"url\":\"https:\\\/\\\/www.contramar.org\\\/\",\"name\":\"Contramar Editora\",\"description\":\"Literatura independiente y federal\",\"publisher\":{\"@id\":\"https:\\\/\\\/www.contramar.org\\\/#organization\"},\"alternateName\":\"Contramar Editora\",\"potentialAction\":[{\"@type\":\"SearchAction\",\"target\":{\"@type\":\"EntryPoint\",\"urlTemplate\":\"https:\\\/\\\/www.contramar.org\\\/?s={search_term_string}\"},\"query-input\":{\"@type\":\"PropertyValueSpecification\",\"valueRequired\":true,\"valueName\":\"search_term_string\"}}],\"inLanguage\":\"es-AR\"},{\"@type\":\"Organization\",\"@id\":\"https:\\\/\\\/www.contramar.org\\\/#organization\",\"name\":\"Contramar Editora\",\"url\":\"https:\\\/\\\/www.contramar.org\\\/\",\"logo\":{\"@type\":\"ImageObject\",\"inLanguage\":\"es-AR\",\"@id\":\"https:\\\/\\\/www.contramar.org\\\/#\\\/schema\\\/logo\\\/image\\\/\",\"url\":\"https:\\\/\\\/www.contramar.org\\\/wp-content\\\/uploads\\\/2022\\\/05\\\/logo-completo-04.png\",\"contentUrl\":\"https:\\\/\\\/www.contramar.org\\\/wp-content\\\/uploads\\\/2022\\\/05\\\/logo-completo-04.png\",\"width\":3451,\"height\":3482,\"caption\":\"Contramar Editora\"},\"image\":{\"@id\":\"https:\\\/\\\/www.contramar.org\\\/#\\\/schema\\\/logo\\\/image\\\/\"},\"sameAs\":[\"https:\\\/\\\/www.facebook.com\\\/ContramarEditora\",\"https:\\\/\\\/x.com\\\/ContramarEdito1\",\"https:\\\/\\\/www.instagram.com\\\/contramar_editora\\\/\",\"https:\\\/\\\/www.youtube.com\\\/@contramareditora8860\"]}]}<\/script>\n<!-- \/ Yoast SEO plugin. -->","yoast_head_json":{"title":"El zen de los malabares | Contramar Editora","robots":{"index":"index","follow":"follow","max-snippet":"max-snippet:-1","max-image-preview":"max-image-preview:large","max-video-preview":"max-video-preview:-1"},"canonical":"https:\/\/www.contramar.org\/index.php\/producto\/el_zen_de_los_malabares\/","og_locale":"es_ES","og_type":"article","og_title":"El zen de los malabares | Contramar Editora","og_description":"Dave Finnigan  COLECCI\u00d3N: ARTE CALLEJERO ||\u00a0ISBN: 978-987-46408-4-0 ||\u00a0P\u00c1GINAS: 168    \u201cCierren los ojos y aquieten su respiraci\u00f3n\u201d, dijo el Maestro. \u201cVoy a disipar algunos mitos\u201d  Relato ficticio, narraci\u00f3n de aprendizajes, libro frontera, El Zen de los Malabares re\u00fane caracter\u00edsticas que lo han vuelto libro de culto entre malabaristas del hemisferio norte. El maestro de malabares, conferencista y autor del popular \u201cThe complete Juggler\u201d, Dave Finnigan, comparte aqu\u00ed un secreto que muchos malabaristas saben, pero que -como tantos otros del arte callejero- cuesta poner en palabras: el malabarismo es mucho m\u00e1s que una destreza f\u00edsica, es el proceso infinito de crecimiento integral de la persona a trav\u00e9s de la adquisici\u00f3n de la destreza.  En el puente que Finnigan escenifica entre malabarismo y filosof\u00eda Zen se abre paso una verdad ordinaria, necesaria de repetir. No hay destreza f\u00edsica sin una filosof\u00eda que la sostenga, no hay filosof\u00eda sin una pr\u00e1ctica que la active.      DAVE FINNIGAN (EEUU, 1941) es un maestro de malabares que ha ense\u00f1ado con sus diferentes metodolog\u00edas y recursos a personas de todas las edades.\u00a0 La primera versi\u00f3n de \u201cThe zen of juggling\u201d (Jugglebug) fue publicada en 1993. La obra de Finnigan recorre diferentes disciplinas vinculadas al malabarismo: \u201cThe complete Juggler\u201d (Vintage Books, 1987), The Joy of Jugglin\u201d (Jugglebug, 1993), \u201cScarf Juggling\u201d (1993); \u201cBall Juggling: Step by Step\u201d (Butterfingers, 1993), \u201cDevilstick: Step by Step\u201d (Butterfingers, 1993, \u201cJuggling: from start to start\u201d (Human Kinetics, 2001), \u201cLa Jonglerie: un plaisr facile et facile\u201d (Jonglerie Diffusion, 2007).  Finnigan es adem\u00e1s un activista en favor de minor\u00edas excluidas y del medioambiente.","og_url":"https:\/\/www.contramar.org\/index.php\/producto\/el_zen_de_los_malabares\/","og_site_name":"Contramar Editora","article_publisher":"https:\/\/www.facebook.com\/ContramarEditora","article_modified_time":"2024-06-27T20:18:32+00:00","og_image":[{"width":696,"height":1031,"url":"https:\/\/www.contramar.org\/wp-content\/uploads\/2020\/08\/Portada-Zen.jpg","type":"image\/jpeg"}],"twitter_card":"summary_large_image","twitter_site":"@ContramarEdito1","schema":{"@context":"https:\/\/schema.org","@graph":[{"@type":"WebPage","@id":"https:\/\/www.contramar.org\/index.php\/producto\/el_zen_de_los_malabares\/","url":"https:\/\/www.contramar.org\/index.php\/producto\/el_zen_de_los_malabares\/","name":"El zen de los malabares | Contramar Editora","isPartOf":{"@id":"https:\/\/www.contramar.org\/#website"},"primaryImageOfPage":{"@id":"https:\/\/www.contramar.org\/index.php\/producto\/el_zen_de_los_malabares\/#primaryimage"},"image":{"@id":"https:\/\/www.contramar.org\/index.php\/producto\/el_zen_de_los_malabares\/#primaryimage"},"thumbnailUrl":"https:\/\/www.contramar.org\/wp-content\/uploads\/2020\/08\/Portada-Zen.jpg","datePublished":"2020-08-30T22:35:55+00:00","dateModified":"2024-06-27T20:18:32+00:00","breadcrumb":{"@id":"https:\/\/www.contramar.org\/index.php\/producto\/el_zen_de_los_malabares\/#breadcrumb"},"inLanguage":"es-AR","potentialAction":[{"@type":"ReadAction","target":["https:\/\/www.contramar.org\/index.php\/producto\/el_zen_de_los_malabares\/"]}]},{"@type":"ImageObject","inLanguage":"es-AR","@id":"https:\/\/www.contramar.org\/index.php\/producto\/el_zen_de_los_malabares\/#primaryimage","url":"https:\/\/www.contramar.org\/wp-content\/uploads\/2020\/08\/Portada-Zen.jpg","contentUrl":"https:\/\/www.contramar.org\/wp-content\/uploads\/2020\/08\/Portada-Zen.jpg","width":696,"height":1031},{"@type":"BreadcrumbList","@id":"https:\/\/www.contramar.org\/index.php\/producto\/el_zen_de_los_malabares\/#breadcrumb","itemListElement":[{"@type":"ListItem","position":1,"name":"Inicio","item":"https:\/\/www.contramar.org\/"},{"@type":"ListItem","position":2,"name":"Libros","item":"https:\/\/www.contramar.org\/index.php\/comprar-online\/"},{"@type":"ListItem","position":3,"name":"El zen de los malabares"}]},{"@type":"WebSite","@id":"https:\/\/www.contramar.org\/#website","url":"https:\/\/www.contramar.org\/","name":"Contramar Editora","description":"Literatura independiente y federal","publisher":{"@id":"https:\/\/www.contramar.org\/#organization"},"alternateName":"Contramar Editora","potentialAction":[{"@type":"SearchAction","target":{"@type":"EntryPoint","urlTemplate":"https:\/\/www.contramar.org\/?s={search_term_string}"},"query-input":{"@type":"PropertyValueSpecification","valueRequired":true,"valueName":"search_term_string"}}],"inLanguage":"es-AR"},{"@type":"Organization","@id":"https:\/\/www.contramar.org\/#organization","name":"Contramar Editora","url":"https:\/\/www.contramar.org\/","logo":{"@type":"ImageObject","inLanguage":"es-AR","@id":"https:\/\/www.contramar.org\/#\/schema\/logo\/image\/","url":"https:\/\/www.contramar.org\/wp-content\/uploads\/2022\/05\/logo-completo-04.png","contentUrl":"https:\/\/www.contramar.org\/wp-content\/uploads\/2022\/05\/logo-completo-04.png","width":3451,"height":3482,"caption":"Contramar Editora"},"image":{"@id":"https:\/\/www.contramar.org\/#\/schema\/logo\/image\/"},"sameAs":["https:\/\/www.facebook.com\/ContramarEditora","https:\/\/x.com\/ContramarEdito1","https:\/\/www.instagram.com\/contramar_editora\/","https:\/\/www.youtube.com\/@contramareditora8860"]}]}},"blog_post_layout_featured_media_urls":{"thumbnail":["https:\/\/www.contramar.org\/wp-content\/uploads\/2020\/08\/Portada-Zen-150x150.jpg",150,150,true],"full":["https:\/\/www.contramar.org\/wp-content\/uploads\/2020\/08\/Portada-Zen.jpg",696,1031,false]},"categories":null,"categories_names":null,"comments_number":"0","_links":{"self":[{"href":"https:\/\/www.contramar.org\/index.php\/wp-json\/wp\/v2\/product\/1967","targetHints":{"allow":["GET"]}}],"collection":[{"href":"https:\/\/www.contramar.org\/index.php\/wp-json\/wp\/v2\/product"}],"about":[{"href":"https:\/\/www.contramar.org\/index.php\/wp-json\/wp\/v2\/types\/product"}],"wp:featuredmedia":[{"embeddable":true,"href":"https:\/\/www.contramar.org\/index.php\/wp-json\/wp\/v2\/media\/3256"}],"wp:attachment":[{"href":"https:\/\/www.contramar.org\/index.php\/wp-json\/wp\/v2\/media?parent=1967"}],"wp:term":[{"taxonomy":"product_brand","embeddable":true,"href":"https:\/\/www.contramar.org\/index.php\/wp-json\/wp\/v2\/product_brand?post=1967"},{"taxonomy":"product_cat","embeddable":true,"href":"https:\/\/www.contramar.org\/index.php\/wp-json\/wp\/v2\/product_cat?post=1967"},{"taxonomy":"product_tag","embeddable":true,"href":"https:\/\/www.contramar.org\/index.php\/wp-json\/wp\/v2\/product_tag?post=1967"}],"curies":[{"name":"wp","href":"https:\/\/api.w.org\/{rel}","templated":true}]}}