{"id":1929,"date":"2020-09-17T17:02:39","date_gmt":"2020-09-17T20:02:39","guid":{"rendered":"https:\/\/www.contramar.org\/?post_type=product&#038;p=1929"},"modified":"2026-01-26T16:49:12","modified_gmt":"2026-01-26T19:49:12","slug":"la-rutina-de-las-maquinas","status":"publish","type":"product","link":"https:\/\/www.contramar.org\/index.php\/producto\/la-rutina-de-las-maquinas\/","title":{"rendered":"La rutina de las m\u00e1quinas"},"content":{"rendered":"","protected":false},"excerpt":{"rendered":"<p><span style=\"color: #993366;\"><strong>Diego Oddo<\/strong><\/span><\/p>\n<p><strong>COLECCI\u00d3N<\/strong>: NARRATIVA ||<strong>\u00a0ISBN<\/strong>: 978-987-46408-5-7 ||\u00a0<strong>P\u00c1GINAS<\/strong>: 124<\/p>\n<hr \/>\n<p>Entre la locura y la normalidad hay una zona indiscernible. Es dif\u00edcil precisar en qu\u00e9 momento todo se desquicia, porque el desquicio est\u00e1 inscripto en la mec\u00e1nica de los d\u00edas.\u00a0<em><strong>La rutina d<\/strong><\/em><span class=\"text_exposed_show\"><em><strong>e las m\u00e1quinas<\/strong><\/em>\u00a0muestra las repeticiones y los automatismos desde los tornillos sueltos con los que funcionamos.<\/span><span class=\"text_exposed_show\"><\/p>\n<p>El ritmo maquinal se sustrae al control de la voluntad, que debe confrontarse con su impotencia. Si rechazar la confrontaci\u00f3n, empecinarnos en volver a nuestras casillas, acent\u00faa la espiral de hundimiento, asumirla puede ser la ocasi\u00f3n para liberar carga y cambiar de forma.<\/p>\n<p>Diego Oddo construye con lo m\u00e1s com\u00fan esta zona incierta, y se agazapa en ella a la espera de un engranaje roto, de un elemento ambivalente sobre el cual montarse y salir disparado en alguna de sus m\u00faltiples direcciones posibles<\/span>.<\/p>\n<p>Dino Dilhos, autor de\u00a0<strong><em>Manual de Cultivo<\/em><\/strong>\u00a0(Contramar, 2016)<\/p>\n<p>&nbsp;<\/p>\n<hr \/>\n<p>&nbsp;<\/p>\n<p><span style=\"color: #800080;\"><strong>BIO<\/strong><\/span><\/p>\n<p>Diego Oddo (1983) naci\u00f3 en Santa Fe. Public\u00f3 el poemario\u00a0<em>El cielo (<del>no<\/del>) existe<\/em>, Corteza Ediciones, 2015. <strong><em>La rutina de las m\u00e1quinas<\/em><\/strong> es su primer libro de cuentos. Luego public\u00f3 <em><strong>Supernova<\/strong><\/em>, tambi\u00e9n en Contramar Editora.<\/p>\n","protected":false},"featured_media":1267,"template":"","meta":{"ocean_post_layout":"","ocean_both_sidebars_style":"","ocean_both_sidebars_content_width":0,"ocean_both_sidebars_sidebars_width":0,"ocean_sidebar":"0","ocean_second_sidebar":"0","ocean_disable_margins":"enable","ocean_add_body_class":"","ocean_shortcode_before_top_bar":"","ocean_shortcode_after_top_bar":"","ocean_shortcode_before_header":"","ocean_shortcode_after_header":"","ocean_has_shortcode":"","ocean_shortcode_after_title":"","ocean_shortcode_before_footer_widgets":"","ocean_shortcode_after_footer_widgets":"","ocean_shortcode_before_footer_bottom":"","ocean_shortcode_after_footer_bottom":"","ocean_display_top_bar":"default","ocean_display_header":"default","ocean_header_style":"","ocean_center_header_left_menu":"0","ocean_custom_header_template":"0","ocean_custom_logo":0,"ocean_custom_retina_logo":0,"ocean_custom_logo_max_width":0,"ocean_custom_logo_tablet_max_width":0,"ocean_custom_logo_mobile_max_width":0,"ocean_custom_logo_max_height":0,"ocean_custom_logo_tablet_max_height":0,"ocean_custom_logo_mobile_max_height":0,"ocean_header_custom_menu":"0","ocean_menu_typo_font_family":"0","ocean_menu_typo_font_subset":"","ocean_menu_typo_font_size":0,"ocean_menu_typo_font_size_tablet":0,"ocean_menu_typo_font_size_mobile":0,"ocean_menu_typo_font_size_unit":"px","ocean_menu_typo_font_weight":"","ocean_menu_typo_font_weight_tablet":"","ocean_menu_typo_font_weight_mobile":"","ocean_menu_typo_transform":"","ocean_menu_typo_transform_tablet":"","ocean_menu_typo_transform_mobile":"","ocean_menu_typo_line_height":0,"ocean_menu_typo_line_height_tablet":0,"ocean_menu_typo_line_height_mobile":0,"ocean_menu_typo_line_height_unit":"","ocean_menu_typo_spacing":0,"ocean_menu_typo_spacing_tablet":0,"ocean_menu_typo_spacing_mobile":0,"ocean_menu_typo_spacing_unit":"","ocean_menu_link_color":"","ocean_menu_link_color_hover":"","ocean_menu_link_color_active":"","ocean_menu_link_background":"","ocean_menu_link_hover_background":"","ocean_menu_link_active_background":"","ocean_menu_social_links_bg":"","ocean_menu_social_hover_links_bg":"","ocean_menu_social_links_color":"","ocean_menu_social_hover_links_color":"","ocean_disable_title":"default","ocean_disable_heading":"default","ocean_post_title":"","ocean_post_subheading":"","ocean_post_title_style":"","ocean_post_title_background_color":"","ocean_post_title_background":0,"ocean_post_title_bg_image_position":"","ocean_post_title_bg_image_attachment":"","ocean_post_title_bg_image_repeat":"","ocean_post_title_bg_image_size":"","ocean_post_title_height":0,"ocean_post_title_bg_overlay":0.5,"ocean_post_title_bg_overlay_color":"","ocean_disable_breadcrumbs":"default","ocean_breadcrumbs_color":"","ocean_breadcrumbs_separator_color":"","ocean_breadcrumbs_links_color":"","ocean_breadcrumbs_links_hover_color":"","ocean_display_footer_widgets":"default","ocean_display_footer_bottom":"default","ocean_custom_footer_template":"0","_joinchat":[]},"product_brand":[],"product_cat":[112,48],"product_tag":[62,38],"class_list":{"0":"post-1929","1":"product","2":"type-product","3":"status-publish","4":"has-post-thumbnail","6":"product_cat-diego-oddo","7":"product_cat-narrativa","8":"product_tag-contemporanea","9":"product_tag-narrativa","11":"entry","12":"has-media","14":"first","15":"outofstock","16":"shipping-taxable","17":"purchasable","18":"product-type-simple","19":"col","20":"span_1_of_3","21":"owp-content-center","22":"owp-thumbs-layout-horizontal","23":"owp-btn-normal","24":"owp-tabs-layout-horizontal"},"yoast_head":"<!-- This site is optimized with the Yoast SEO plugin v27.3 - https:\/\/yoast.com\/product\/yoast-seo-wordpress\/ -->\n<title>La rutina de las m\u00e1quinas | Contramar Editora<\/title>\n<meta name=\"robots\" content=\"index, follow, max-snippet:-1, max-image-preview:large, max-video-preview:-1\" \/>\n<link rel=\"canonical\" href=\"https:\/\/www.contramar.org\/index.php\/producto\/la-rutina-de-las-maquinas\/\" \/>\n<meta property=\"og:locale\" content=\"es_ES\" \/>\n<meta property=\"og:type\" content=\"article\" \/>\n<meta property=\"og:title\" content=\"La rutina de las m\u00e1quinas | Contramar Editora\" \/>\n<meta property=\"og:description\" content=\"Diego Oddo  COLECCI\u00d3N: NARRATIVA ||\u00a0ISBN: 978-987-46408-5-7 ||\u00a0P\u00c1GINAS: 124    Entre la locura y la normalidad hay una zona indiscernible. Es dif\u00edcil precisar en qu\u00e9 momento todo se desquicia, porque el desquicio est\u00e1 inscripto en la mec\u00e1nica de los d\u00edas.\u00a0La rutina de las m\u00e1quinas\u00a0muestra las repeticiones y los automatismos desde los tornillos sueltos con los que funcionamos. El ritmo maquinal se sustrae al control de la voluntad, que debe confrontarse con su impotencia. Si rechazar la confrontaci\u00f3n, empecinarnos en volver a nuestras casillas, acent\u00faa la espiral de hundimiento, asumirla puede ser la ocasi\u00f3n para liberar carga y cambiar de forma. Diego Oddo construye con lo m\u00e1s com\u00fan esta zona incierta, y se agazapa en ella a la espera de un engranaje roto, de un elemento ambivalente sobre el cual montarse y salir disparado en alguna de sus m\u00faltiples direcciones posibles.  Dino Dilhos, autor de\u00a0Manual de Cultivo\u00a0(Contramar, 2016)  &nbsp;    &nbsp;  BIO  Diego Oddo (1983) naci\u00f3 en Santa Fe. Public\u00f3 el poemario\u00a0El cielo (no) existe, Corteza Ediciones, 2015. La rutina de las m\u00e1quinas es su primer libro de cuentos. Luego public\u00f3 Supernova, tambi\u00e9n en Contramar Editora.\" \/>\n<meta property=\"og:url\" content=\"https:\/\/www.contramar.org\/index.php\/producto\/la-rutina-de-las-maquinas\/\" \/>\n<meta property=\"og:site_name\" content=\"Contramar Editora\" \/>\n<meta property=\"article:publisher\" content=\"https:\/\/www.facebook.com\/ContramarEditora\" \/>\n<meta property=\"article:modified_time\" content=\"2026-01-26T19:49:12+00:00\" \/>\n<meta property=\"og:image\" content=\"https:\/\/www.contramar.org\/wp-content\/uploads\/2019\/08\/Portada-LRM2-scaled.jpg\" \/>\n\t<meta property=\"og:image:width\" content=\"1784\" \/>\n\t<meta property=\"og:image:height\" content=\"2560\" \/>\n\t<meta property=\"og:image:type\" content=\"image\/jpeg\" \/>\n<meta name=\"twitter:card\" content=\"summary_large_image\" \/>\n<meta name=\"twitter:site\" content=\"@ContramarEdito1\" \/>\n<script type=\"application\/ld+json\" class=\"yoast-schema-graph\">{\"@context\":\"https:\\\/\\\/schema.org\",\"@graph\":[{\"@type\":\"WebPage\",\"@id\":\"https:\\\/\\\/www.contramar.org\\\/index.php\\\/producto\\\/la-rutina-de-las-maquinas\\\/\",\"url\":\"https:\\\/\\\/www.contramar.org\\\/index.php\\\/producto\\\/la-rutina-de-las-maquinas\\\/\",\"name\":\"La rutina de las m\u00e1quinas | Contramar Editora\",\"isPartOf\":{\"@id\":\"https:\\\/\\\/www.contramar.org\\\/#website\"},\"primaryImageOfPage\":{\"@id\":\"https:\\\/\\\/www.contramar.org\\\/index.php\\\/producto\\\/la-rutina-de-las-maquinas\\\/#primaryimage\"},\"image\":{\"@id\":\"https:\\\/\\\/www.contramar.org\\\/index.php\\\/producto\\\/la-rutina-de-las-maquinas\\\/#primaryimage\"},\"thumbnailUrl\":\"https:\\\/\\\/www.contramar.org\\\/wp-content\\\/uploads\\\/2019\\\/08\\\/Portada-LRM2-scaled.jpg\",\"datePublished\":\"2020-09-17T20:02:39+00:00\",\"dateModified\":\"2026-01-26T19:49:12+00:00\",\"breadcrumb\":{\"@id\":\"https:\\\/\\\/www.contramar.org\\\/index.php\\\/producto\\\/la-rutina-de-las-maquinas\\\/#breadcrumb\"},\"inLanguage\":\"es-AR\",\"potentialAction\":[{\"@type\":\"ReadAction\",\"target\":[\"https:\\\/\\\/www.contramar.org\\\/index.php\\\/producto\\\/la-rutina-de-las-maquinas\\\/\"]}]},{\"@type\":\"ImageObject\",\"inLanguage\":\"es-AR\",\"@id\":\"https:\\\/\\\/www.contramar.org\\\/index.php\\\/producto\\\/la-rutina-de-las-maquinas\\\/#primaryimage\",\"url\":\"https:\\\/\\\/www.contramar.org\\\/wp-content\\\/uploads\\\/2019\\\/08\\\/Portada-LRM2-scaled.jpg\",\"contentUrl\":\"https:\\\/\\\/www.contramar.org\\\/wp-content\\\/uploads\\\/2019\\\/08\\\/Portada-LRM2-scaled.jpg\",\"width\":1784,\"height\":2560},{\"@type\":\"BreadcrumbList\",\"@id\":\"https:\\\/\\\/www.contramar.org\\\/index.php\\\/producto\\\/la-rutina-de-las-maquinas\\\/#breadcrumb\",\"itemListElement\":[{\"@type\":\"ListItem\",\"position\":1,\"name\":\"Inicio\",\"item\":\"https:\\\/\\\/www.contramar.org\\\/\"},{\"@type\":\"ListItem\",\"position\":2,\"name\":\"Libros\",\"item\":\"https:\\\/\\\/www.contramar.org\\\/index.php\\\/comprar-online\\\/\"},{\"@type\":\"ListItem\",\"position\":3,\"name\":\"La rutina de las m\u00e1quinas\"}]},{\"@type\":\"WebSite\",\"@id\":\"https:\\\/\\\/www.contramar.org\\\/#website\",\"url\":\"https:\\\/\\\/www.contramar.org\\\/\",\"name\":\"Contramar Editora\",\"description\":\"Literatura independiente y federal\",\"publisher\":{\"@id\":\"https:\\\/\\\/www.contramar.org\\\/#organization\"},\"alternateName\":\"Contramar Editora\",\"potentialAction\":[{\"@type\":\"SearchAction\",\"target\":{\"@type\":\"EntryPoint\",\"urlTemplate\":\"https:\\\/\\\/www.contramar.org\\\/?s={search_term_string}\"},\"query-input\":{\"@type\":\"PropertyValueSpecification\",\"valueRequired\":true,\"valueName\":\"search_term_string\"}}],\"inLanguage\":\"es-AR\"},{\"@type\":\"Organization\",\"@id\":\"https:\\\/\\\/www.contramar.org\\\/#organization\",\"name\":\"Contramar Editora\",\"url\":\"https:\\\/\\\/www.contramar.org\\\/\",\"logo\":{\"@type\":\"ImageObject\",\"inLanguage\":\"es-AR\",\"@id\":\"https:\\\/\\\/www.contramar.org\\\/#\\\/schema\\\/logo\\\/image\\\/\",\"url\":\"https:\\\/\\\/www.contramar.org\\\/wp-content\\\/uploads\\\/2022\\\/05\\\/logo-completo-04.png\",\"contentUrl\":\"https:\\\/\\\/www.contramar.org\\\/wp-content\\\/uploads\\\/2022\\\/05\\\/logo-completo-04.png\",\"width\":3451,\"height\":3482,\"caption\":\"Contramar Editora\"},\"image\":{\"@id\":\"https:\\\/\\\/www.contramar.org\\\/#\\\/schema\\\/logo\\\/image\\\/\"},\"sameAs\":[\"https:\\\/\\\/www.facebook.com\\\/ContramarEditora\",\"https:\\\/\\\/x.com\\\/ContramarEdito1\",\"https:\\\/\\\/www.instagram.com\\\/contramar_editora\\\/\",\"https:\\\/\\\/www.youtube.com\\\/@contramareditora8860\"]}]}<\/script>\n<!-- \/ Yoast SEO plugin. -->","yoast_head_json":{"title":"La rutina de las m\u00e1quinas | Contramar Editora","robots":{"index":"index","follow":"follow","max-snippet":"max-snippet:-1","max-image-preview":"max-image-preview:large","max-video-preview":"max-video-preview:-1"},"canonical":"https:\/\/www.contramar.org\/index.php\/producto\/la-rutina-de-las-maquinas\/","og_locale":"es_ES","og_type":"article","og_title":"La rutina de las m\u00e1quinas | Contramar Editora","og_description":"Diego Oddo  COLECCI\u00d3N: NARRATIVA ||\u00a0ISBN: 978-987-46408-5-7 ||\u00a0P\u00c1GINAS: 124    Entre la locura y la normalidad hay una zona indiscernible. Es dif\u00edcil precisar en qu\u00e9 momento todo se desquicia, porque el desquicio est\u00e1 inscripto en la mec\u00e1nica de los d\u00edas.\u00a0La rutina de las m\u00e1quinas\u00a0muestra las repeticiones y los automatismos desde los tornillos sueltos con los que funcionamos. El ritmo maquinal se sustrae al control de la voluntad, que debe confrontarse con su impotencia. Si rechazar la confrontaci\u00f3n, empecinarnos en volver a nuestras casillas, acent\u00faa la espiral de hundimiento, asumirla puede ser la ocasi\u00f3n para liberar carga y cambiar de forma. Diego Oddo construye con lo m\u00e1s com\u00fan esta zona incierta, y se agazapa en ella a la espera de un engranaje roto, de un elemento ambivalente sobre el cual montarse y salir disparado en alguna de sus m\u00faltiples direcciones posibles.  Dino Dilhos, autor de\u00a0Manual de Cultivo\u00a0(Contramar, 2016)  &nbsp;    &nbsp;  BIO  Diego Oddo (1983) naci\u00f3 en Santa Fe. Public\u00f3 el poemario\u00a0El cielo (no) existe, Corteza Ediciones, 2015. La rutina de las m\u00e1quinas es su primer libro de cuentos. Luego public\u00f3 Supernova, tambi\u00e9n en Contramar Editora.","og_url":"https:\/\/www.contramar.org\/index.php\/producto\/la-rutina-de-las-maquinas\/","og_site_name":"Contramar Editora","article_publisher":"https:\/\/www.facebook.com\/ContramarEditora","article_modified_time":"2026-01-26T19:49:12+00:00","og_image":[{"width":1784,"height":2560,"url":"https:\/\/www.contramar.org\/wp-content\/uploads\/2019\/08\/Portada-LRM2-scaled.jpg","type":"image\/jpeg"}],"twitter_card":"summary_large_image","twitter_site":"@ContramarEdito1","schema":{"@context":"https:\/\/schema.org","@graph":[{"@type":"WebPage","@id":"https:\/\/www.contramar.org\/index.php\/producto\/la-rutina-de-las-maquinas\/","url":"https:\/\/www.contramar.org\/index.php\/producto\/la-rutina-de-las-maquinas\/","name":"La rutina de las m\u00e1quinas | Contramar Editora","isPartOf":{"@id":"https:\/\/www.contramar.org\/#website"},"primaryImageOfPage":{"@id":"https:\/\/www.contramar.org\/index.php\/producto\/la-rutina-de-las-maquinas\/#primaryimage"},"image":{"@id":"https:\/\/www.contramar.org\/index.php\/producto\/la-rutina-de-las-maquinas\/#primaryimage"},"thumbnailUrl":"https:\/\/www.contramar.org\/wp-content\/uploads\/2019\/08\/Portada-LRM2-scaled.jpg","datePublished":"2020-09-17T20:02:39+00:00","dateModified":"2026-01-26T19:49:12+00:00","breadcrumb":{"@id":"https:\/\/www.contramar.org\/index.php\/producto\/la-rutina-de-las-maquinas\/#breadcrumb"},"inLanguage":"es-AR","potentialAction":[{"@type":"ReadAction","target":["https:\/\/www.contramar.org\/index.php\/producto\/la-rutina-de-las-maquinas\/"]}]},{"@type":"ImageObject","inLanguage":"es-AR","@id":"https:\/\/www.contramar.org\/index.php\/producto\/la-rutina-de-las-maquinas\/#primaryimage","url":"https:\/\/www.contramar.org\/wp-content\/uploads\/2019\/08\/Portada-LRM2-scaled.jpg","contentUrl":"https:\/\/www.contramar.org\/wp-content\/uploads\/2019\/08\/Portada-LRM2-scaled.jpg","width":1784,"height":2560},{"@type":"BreadcrumbList","@id":"https:\/\/www.contramar.org\/index.php\/producto\/la-rutina-de-las-maquinas\/#breadcrumb","itemListElement":[{"@type":"ListItem","position":1,"name":"Inicio","item":"https:\/\/www.contramar.org\/"},{"@type":"ListItem","position":2,"name":"Libros","item":"https:\/\/www.contramar.org\/index.php\/comprar-online\/"},{"@type":"ListItem","position":3,"name":"La rutina de las m\u00e1quinas"}]},{"@type":"WebSite","@id":"https:\/\/www.contramar.org\/#website","url":"https:\/\/www.contramar.org\/","name":"Contramar Editora","description":"Literatura independiente y federal","publisher":{"@id":"https:\/\/www.contramar.org\/#organization"},"alternateName":"Contramar Editora","potentialAction":[{"@type":"SearchAction","target":{"@type":"EntryPoint","urlTemplate":"https:\/\/www.contramar.org\/?s={search_term_string}"},"query-input":{"@type":"PropertyValueSpecification","valueRequired":true,"valueName":"search_term_string"}}],"inLanguage":"es-AR"},{"@type":"Organization","@id":"https:\/\/www.contramar.org\/#organization","name":"Contramar Editora","url":"https:\/\/www.contramar.org\/","logo":{"@type":"ImageObject","inLanguage":"es-AR","@id":"https:\/\/www.contramar.org\/#\/schema\/logo\/image\/","url":"https:\/\/www.contramar.org\/wp-content\/uploads\/2022\/05\/logo-completo-04.png","contentUrl":"https:\/\/www.contramar.org\/wp-content\/uploads\/2022\/05\/logo-completo-04.png","width":3451,"height":3482,"caption":"Contramar Editora"},"image":{"@id":"https:\/\/www.contramar.org\/#\/schema\/logo\/image\/"},"sameAs":["https:\/\/www.facebook.com\/ContramarEditora","https:\/\/x.com\/ContramarEdito1","https:\/\/www.instagram.com\/contramar_editora\/","https:\/\/www.youtube.com\/@contramareditora8860"]}]}},"blog_post_layout_featured_media_urls":{"thumbnail":["https:\/\/www.contramar.org\/wp-content\/uploads\/2019\/08\/Portada-LRM2-scaled.jpg",105,150,false],"full":["https:\/\/www.contramar.org\/wp-content\/uploads\/2019\/08\/Portada-LRM2-scaled.jpg",1784,2560,false]},"categories":null,"categories_names":null,"comments_number":"0","_links":{"self":[{"href":"https:\/\/www.contramar.org\/index.php\/wp-json\/wp\/v2\/product\/1929","targetHints":{"allow":["GET"]}}],"collection":[{"href":"https:\/\/www.contramar.org\/index.php\/wp-json\/wp\/v2\/product"}],"about":[{"href":"https:\/\/www.contramar.org\/index.php\/wp-json\/wp\/v2\/types\/product"}],"wp:featuredmedia":[{"embeddable":true,"href":"https:\/\/www.contramar.org\/index.php\/wp-json\/wp\/v2\/media\/1267"}],"wp:attachment":[{"href":"https:\/\/www.contramar.org\/index.php\/wp-json\/wp\/v2\/media?parent=1929"}],"wp:term":[{"taxonomy":"product_brand","embeddable":true,"href":"https:\/\/www.contramar.org\/index.php\/wp-json\/wp\/v2\/product_brand?post=1929"},{"taxonomy":"product_cat","embeddable":true,"href":"https:\/\/www.contramar.org\/index.php\/wp-json\/wp\/v2\/product_cat?post=1929"},{"taxonomy":"product_tag","embeddable":true,"href":"https:\/\/www.contramar.org\/index.php\/wp-json\/wp\/v2\/product_tag?post=1929"}],"curies":[{"name":"wp","href":"https:\/\/api.w.org\/{rel}","templated":true}]}}